{"id":721,"date":"2022-08-06T10:19:46","date_gmt":"2022-08-06T10:19:46","guid":{"rendered":"http:\/\/nongsansachthainguyen.com\/?post_type=product&#038;p=721"},"modified":"2023-06-08T15:13:59","modified_gmt":"2023-06-08T15:13:59","slug":"tra-tui-loc-vifarmers-vifarmers-tea-bags","status":"publish","type":"product","link":"https:\/\/nongsansachthainguyen.com\/en\/product\/tra-tui-loc-vifarmers-vifarmers-tea-bags\/","title":{"rendered":"Vifarmers TEA BAGS"},"content":{"rendered":"<p><span style=\"font-weight: 400;\">1. Ingredients: Green tea with ginger flavor or  lotus flavor or jasmine flavor<\/span><\/p>\n<p><span style=\"font-weight: 400;\">2. Methods for making the best quality tea:<\/span><\/p>\n<p><span style=\"font-weight: 400;\">First, it is necessary to improve the entire production process from picking, drying, flavoring to packaging finished products.<\/span><\/p>\n<p><span style=\"font-weight: 400;\">If before, to produce 1 kg of dry tea normally only needed 5 kg of fresh tea and 1 worker, then with Vifarmers tea, this number must increase 4-5 times at each step, each stage. When the tea is picked, it must not be copied immediately, but must be left to dry on the rack for about 30-45 minutes to remove the remaining water due to night dew. The tumblers and dryers also need to be specially designed to avoid crushing the tea leaves when operating.<\/span><\/p>\n<p><span style=\"font-weight: 400;\">In particular, the most important factor to make a premium tea requires a highly skilled processor and strict adherence to production rules. The tea star stage is the most important, deciding the scent and color of the water. If the fire is young, the tea will have a bad smell and the water will be cloudy. If the fire is old, it will lead to burning and red water.<\/span><\/p>\n<p><span style=\"font-weight: 400;\">Vifarmers tea has a slightly yellowish green color, a sweet aroma with a fresh aroma of nuggets, acrid taste, with a sweet aftertaste deep in the neck \u2013 \u201cpre-acrid, post-sweet\u201d, feeling extremely refreshing.<\/span><\/p>\n<p>3. Uses:<\/p>\n<p><span style=\"font-weight: 400;\">Green tea is considered one of the cheapest and healthiest drinks. Drinking green tea regularly can bring many great benefits, contains many components with healing effects, helps promote health and strengthens resistance to prevent disease risk.<\/span><\/p>\n<p><span style=\"font-weight: 400;\">Green tea contains catechins (EGCG), which are natural antioxidants that help prevent cell damage, reduce the formation of free radicals in the body, and protect cells and molecules from damage. <\/span><span style=\"font-weight: 400;\">High levels of free radicals contribute to heart disease, cancer and other health problems.<\/span><\/p>\n<p><span style=\"font-weight: 400;\">- Reduce the risk of cancer<\/span><\/p>\n<p><span style=\"font-weight: 400;\">&nbsp;&nbsp;&nbsp;&nbsp;Green tea leaves contain antioxidants, which help protect your body from cancer-causing agents. The antioxidants in green tea are much more potent than vitamins C and E, which can help protect cells from being destroyed by cancer.<\/span><\/p>\n<p><span style=\"font-weight: 400;\">- Drinking green tea helps protect and improve brain function<\/span><\/p>\n<p><span style=\"font-weight: 400;\">&nbsp;&nbsp;&nbsp;&nbsp;Green tea not only keeps you awake, but it can also help boost brain function. The key active ingredient is caffeine, which is a stimulant that, although not as much as coffee, is enough to produce a reaction without causing the jittery effects associated with consuming too much caffeine.<\/span><\/p>\n<p><span style=\"font-weight: 400;\">&nbsp;&nbsp;&nbsp;&nbsp;Caffeine can improve various aspects of brain function, including mood, responsiveness, and memory.<\/span><\/p>\n<p><span style=\"font-weight: 400;\">&nbsp;&nbsp;&nbsp;&nbsp;However, caffeine isn\u2019t the only brain-boosting compound in green tea. It also contains the amino acid L-theanine which can increase neurotransmitter activity, which has anti-anxiety effects. It also increases dopamine and alpha wave production in the brain.<\/span><\/p>\n<p><span style=\"font-weight: 400;\">&nbsp;&nbsp;&nbsp;&nbsp;Studies show that caffeine and L-theanine may have a synergistic effect. This means that a combination of the two can have a particularly powerful effect on improving brain function.<\/span><\/p>\n<p><span style=\"font-weight: 400;\">&nbsp;&nbsp;&nbsp;&nbsp;Because it contains L-theanine and a small amount of caffeine, green tea can give you a much lighter and different feeling than coffee. And many people say they have more steady energy and are much more productive when they drink green tea than when they drink coffee.<\/span><\/p>\n<p><span style=\"font-weight: 400;\">&nbsp;&nbsp;&nbsp;&nbsp;Not only can green tea contribute to short-term improvements in brain function, but it can also protect your brain as you age.<\/span><\/p>\n<p><span style=\"font-weight: 400;\">&nbsp;&nbsp;&nbsp;&nbsp;Some studies suggest that the catechin compounds in green tea may have multiple neuroprotective effects in test tubes and animal models, which may aid in reducing the risk of dementia, a condition that has been shown to be beneficial for many people. Neurodegenerative disorders are common in the elderly. <\/span><span style=\"font-weight: 400;\">c\u00f3 l\u1ee3i cho nhi\u1ec1u ng\u01b0\u1eddi. R\u1ed1i lo\u1ea1n tho\u00e1i h\u00f3a th\u1ea7n kinh th\u01b0\u1eddng g\u1eb7p \u1edf ng\u01b0\u1eddi cao tu\u1ed5i.<\/span><\/p>\n<p><span style=\"font-weight: 400;\">- Helps prevent cardiovascular disease<\/span><\/p>\n<p><span style=\"font-weight: 400;\">&nbsp;&nbsp;&nbsp;&nbsp;Studies show that green tea can improve several key risk factors for heart disease and stroke, including improving total cholesterol and LDL (bad) cholesterol levels.<\/span><\/p>\n<p><span style=\"font-weight: 400;\">&nbsp;&nbsp;&nbsp;&nbsp;Green tea also increases the antioxidant capacity of the blood, which helps protect LDL particles from oxidation, one of the causes of heart disease.<\/span><\/p>\n<p><span style=\"font-weight: 400;\">- Green tea boosts fat burning<\/span><\/p>\n<p><span style=\"font-weight: 400;\">&nbsp;&nbsp;&nbsp;&nbsp;According to research, green tea can boost fat burning and boost metabolism.<\/span><\/p>\n<p><span style=\"font-weight: 400;\">&nbsp;&nbsp;&nbsp;&nbsp;Caffeine may also improve physical performance by mobilizing fatty acids from adipose tissue for use as energy.<\/span><\/p>\n<p><span style=\"font-weight: 400;\">&nbsp;&nbsp;&nbsp;&nbsp;The fact that green tea can boost your metabolic rate in the short term makes sense that it could help you lose weight.<\/span><\/p>\n<p><span style=\"font-weight: 400;\">- Helps reduce the risk of diabetes<\/span><\/p>\n<p><span style=\"font-weight: 400;\">&nbsp;&nbsp;&nbsp;&nbsp;Some research suggests that green tea may help slightly lower blood sugar levels. It may also reduce the risk of type 2 diabetes.<\/span><\/p>\n<p><span style=\"font-weight: 400;\">&nbsp;&nbsp;&nbsp;&nbsp;Type 2 diabetes involves elevated blood sugar levels, which can be caused by insulin resistance or an inability to produce insulin. And green tea can improve insulin sensitivity and lower blood sugar.<\/span><\/p>\n<p><span style=\"font-weight: 400;\">&nbsp;&nbsp;&nbsp;&nbsp;One study in Japanese individuals found that those who drank the most green tea had an approximately 42 percent lower risk of developing type 2 diabetes.<\/span><\/p>\n<p><span style=\"font-weight: 400;\">- Reduce dark circles under eyes<\/span><\/p>\n<p><span style=\"font-weight: 400;\">&nbsp;&nbsp;&nbsp;&nbsp;Green tea has a great effect in reducing swelling and dark circles under the eyes by reducing the dilation of blood vessels under the eyes.<\/span><\/p>\n<p><span style=\"font-weight: 400;\">&nbsp;&nbsp;&nbsp;&nbsp;Besides, it also contains small amounts of caffeine and tannins, which help reduce water in tissues and tighten the skin around the eyes.<\/span><\/p>\n<p><span style=\"font-weight: 400;\">- Prevent tooth decay, good for oral health<\/span><\/p>\n<p><span style=\"font-weight: 400;\">&nbsp; &nbsp; The catechins in green tea are also beneficial for oral health. Test-tube studies show that catechins can block the growth of plaque-forming bacteria, a leading cause of bad breath and tooth decay.<\/span><\/p>\n<p><span style=\"font-weight: 400;\">&nbsp;&nbsp;&nbsp;&nbsp;In toothpaste often contains green tea ingredients, which work to prevent the growth of bacteria that lead to bad breath. Besides, the ingredients in green tea have the ability to kill bacteria and viruses that cause dental disease.<\/span><\/p>\n<p><span style=\"font-weight: 400;\">&nbsp;&nbsp;&nbsp;&nbsp;However, if too much tea is consumed, it can interfere with iron absorption by tannins and can cause tooth discoloration as they accumulate on tooth enamel.<\/span><\/p>\n<p><span style=\"font-weight: 400;\">- Helps keep bones healthy<\/span><\/p>\n<p><span style=\"font-weight: 400;\">&nbsp;&nbsp;&nbsp;&nbsp;High in fluoride, green tea also helps keep your bones healthy. Therefore, to protect your bones, drink green tea every day.<\/span><\/p>\n<ul>\n<li style=\"font-weight: 400;\" aria-level=\"1\"><span style=\"font-weight: 400;\">Skin beauty<\/span><\/li>\n<\/ul>\n<p><span style=\"font-weight: 400;\">&nbsp;&nbsp;&nbsp;&nbsp;Green tea can help make your skin healthier by drinking it or applying it topically. Green tea contains a lot of EGCG ingredients. EGCG is one of many antioxidants in green tea. The ingredient EGCG is the strongest oxidizing agent, so it is also the most famous.<\/span><\/p>\n<p><span style=\"font-weight: 400;\">&nbsp;&nbsp;&nbsp;&nbsp;Green tea also works well when applied topically to the skin. If your skin has acne but is sensitive to acne medications, you can try green tea. Green tea is natural, so it will not cause any allergies on the face.<\/span><\/p>\n<ul>\n<li style=\"font-weight: 400;\" aria-level=\"1\"><span style=\"font-weight: 400;\">Healthy liver<\/span><\/li>\n<\/ul>\n<p><span style=\"font-weight: 400;\">&nbsp;&nbsp;&nbsp;&nbsp;Cachein-rich green tea is a type of plant antioxidant that can improve liver function and reduce the amount of fat in the liver.<\/span><\/p>\n<ul>\n<li style=\"font-weight: 400;\" aria-level=\"1\"><span style=\"font-weight: 400;\">Helps stabilize blood pressure<\/span><\/li>\n<\/ul>\n<p><span style=\"font-weight: 400;\">&nbsp;&nbsp;&nbsp;&nbsp;Green tea helps curb angiotensin, a hormone that causes vasoconstriction and an increase in blood pressure. Therefore, drinking green tea reduces blood pressure, good for those with high blood pressure.<\/span><\/p>\n<ul>\n<li style=\"font-weight: 400;\" aria-level=\"1\"><span style=\"font-weight: 400;\">Improve immune system<\/span><\/li>\n<\/ul>\n<p><span style=\"font-weight: 400;\">&nbsp;&nbsp;&nbsp;&nbsp;Green tea contains polyphenols and flavonoids, which help boost your immune system, make your body stronger and healthier, and have the ability to fight off infections.<\/span><\/p>\n<p><span style=\"font-weight: 400;\">In addition, green tea also has a number of effects such as weight loss, memory enhancement, diabetes reduction \u2026<\/span><\/p>\n<p><span style=\"font-weight: 400;\">&nbsp;&nbsp;&nbsp;&nbsp;Drinking green tea in the morning will help you stay awake, work efficiently, improve the body\u2019s resistance, increase vitality and prevent disease. The average person should only drink 2-3 cups of tea per day. After eating a lot of fat, drinking tea will help digestion better. Should drink hot tea and not too much, otherwise it will affect digestion.<\/span><\/p>\n<p><span style=\"font-weight: 400;\">4. Directions:<\/span><\/p>\n<p><span style=\"font-weight: 400;\">Use: 8 Oz (250ml) of hot water with a temperature of 176 degrees F, equivalent to 80 degrees C<\/span><\/p>\n<p><span style=\"font-weight: 400;\">Soak the tea bag in hot water for 2 minutes, remove the tea bag but do not break the tea bag and then enjoy the tea<\/span><\/p>\n<p><span style=\"font-weight: 400;\">Do not use Tea for children under 10 years old<\/span><\/p>\n<p><span style=\"font-weight: 400;\">Our Tea product is a Gluten Free Drink<\/span><\/p>","protected":false},"excerpt":{"rendered":"<p><span style=\"font-weight: 400;\">(Green tea, Black tea, Ginger tea, Lotus tea, Jasmine tea)<\/span><\/p>\n<p><span style=\"font-weight: 400;\">Brand: Vifarmers<\/span><\/p>\n<p><span style=\"font-weight: 400;\">Weight: 2g\/bag x 25 bags\/box (50g\/box)<\/span><\/p>\n<p><span style=\"font-weight: 400;\">Produced by: Thai Nguyen Agricultural Cooperation Union<\/span><\/p>\n<p><span style=\"font-weight: 400;\">Made in: Thai Nguyen, Viet Nam<\/span><\/p>","protected":false},"featured_media":805,"comment_status":"open","ping_status":"closed","template":"","meta":{"_acf_changed":false,"ngg_post_thumbnail":0},"product_cat":[17],"product_tag":[24,102,114,115,116,117,149,150,151,152],"class_list":{"0":"post-721","1":"product","2":"type-product","3":"status-publish","4":"has-post-thumbnail","6":"product_cat-tra-va-cac-san-pham-tu-tra","7":"product_tag-tea","8":"product_tag-green-tea","9":"product_tag-tea-bag","10":"product_tag-lotus-tea","11":"product_tag-jasmine-tea","12":"product_tag-tra-tui-loc","13":"product_tag-vifarmers","14":"product_tag-tui-loc","15":"product_tag-tra-tui-loc-vifarmers","16":"product_tag-vifarmers-tea-bag","18":"first","19":"instock","20":"shipping-taxable","21":"product-type-simple"},"acf":[],"yoast_head":"<!-- This site is optimized with the Yoast SEO plugin v23.2 - https:\/\/yoast.com\/wordpress\/plugins\/seo\/ -->\n<title>Tr\u00e0 t\u00fai l\u1ecdc Vifarmers - N\u00f4ng S\u1ea3n S\u1ea1ch Th\u00e1i Nguy\u00ean<\/title>\n<meta name=\"robots\" content=\"index, follow, max-snippet:-1, max-image-preview:large, max-video-preview:-1\" \/>\n<link rel=\"canonical\" href=\"https:\/\/nongsansachthainguyen.com\/en\/product\/tra-tui-loc-vifarmers-vifarmers-tea-bags\/\" \/>\n<meta property=\"og:locale\" content=\"en_US\" \/>\n<meta property=\"og:type\" content=\"article\" \/>\n<meta property=\"og:title\" content=\"Tr\u00e0 t\u00fai l\u1ecdc Vifarmers - N\u00f4ng S\u1ea3n S\u1ea1ch Th\u00e1i Nguy\u00ean\" \/>\n<meta property=\"og:description\" content=\"(Tr\u00e0 xanh, Tr\u00e0 \u0111en, Tr\u00e0 g\u1eebng, Tr\u00e0 sen, Tr\u00e0 nh\u00e0i)  Th\u01b0\u01a1ng hi\u1ec7u: Vifarmers  Tr\u1ecdng l\u01b0\u1ee3ng: 2gr\/bag x 25 bags\/ box ( 50gr\/ box)  S\u1ea3n xu\u1ea5t b\u1edfi: Li\u00ean hi\u1ec7p h\u1ee3p t\u00e1c x\u00e3 n\u00f4ng s\u1ea3n Th\u00e1i Nguy\u00ean  S\u1ea3n xu\u1ea5t t\u1ea1i: Th\u00e1i Nguy\u00ean, Vi\u1ec7t Nam\" \/>\n<meta property=\"og:url\" content=\"https:\/\/nongsansachthainguyen.com\/en\/product\/tra-tui-loc-vifarmers-vifarmers-tea-bags\/\" \/>\n<meta property=\"og:site_name\" content=\"N\u00f4ng S\u1ea3n S\u1ea1ch Th\u00e1i Nguy\u00ean\" \/>\n<meta property=\"article:modified_time\" content=\"2023-06-08T15:13:59+00:00\" \/>\n<meta property=\"og:image\" content=\"https:\/\/nongsansachthainguyen.com\/wp-content\/uploads\/2022\/10\/hop-tra-xanh.jpg\" \/>\n\t<meta property=\"og:image:width\" content=\"1920\" \/>\n\t<meta property=\"og:image:height\" content=\"1080\" \/>\n\t<meta property=\"og:image:type\" content=\"image\/jpeg\" \/>\n<meta name=\"twitter:card\" content=\"summary_large_image\" \/>\n<meta name=\"twitter:label1\" content=\"Est. reading time\" \/>\n\t<meta name=\"twitter:data1\" content=\"9 minutes\" \/>\n<script type=\"application\/ld+json\" class=\"yoast-schema-graph\">{\"@context\":\"https:\/\/schema.org\",\"@graph\":[{\"@type\":\"WebPage\",\"@id\":\"https:\/\/nongsansachthainguyen.com\/san-pham\/tra-tui-loc-vifarmers-vifarmers-tea-bags\/\",\"url\":\"https:\/\/nongsansachthainguyen.com\/san-pham\/tra-tui-loc-vifarmers-vifarmers-tea-bags\/\",\"name\":\"Tr\u00e0 t\u00fai l\u1ecdc Vifarmers - N\u00f4ng S\u1ea3n S\u1ea1ch Th\u00e1i Nguy\u00ean\",\"isPartOf\":{\"@id\":\"https:\/\/nongsansachthainguyen.com\/#website\"},\"primaryImageOfPage\":{\"@id\":\"https:\/\/nongsansachthainguyen.com\/san-pham\/tra-tui-loc-vifarmers-vifarmers-tea-bags\/#primaryimage\"},\"image\":{\"@id\":\"https:\/\/nongsansachthainguyen.com\/san-pham\/tra-tui-loc-vifarmers-vifarmers-tea-bags\/#primaryimage\"},\"thumbnailUrl\":\"https:\/\/nongsansachthainguyen.com\/wp-content\/uploads\/2022\/10\/hop-tra-xanh.jpg\",\"datePublished\":\"2022-08-06T10:19:46+00:00\",\"dateModified\":\"2023-06-08T15:13:59+00:00\",\"breadcrumb\":{\"@id\":\"https:\/\/nongsansachthainguyen.com\/san-pham\/tra-tui-loc-vifarmers-vifarmers-tea-bags\/#breadcrumb\"},\"inLanguage\":\"en-US\",\"potentialAction\":[{\"@type\":\"ReadAction\",\"target\":[\"https:\/\/nongsansachthainguyen.com\/san-pham\/tra-tui-loc-vifarmers-vifarmers-tea-bags\/\"]}]},{\"@type\":\"ImageObject\",\"inLanguage\":\"en-US\",\"@id\":\"https:\/\/nongsansachthainguyen.com\/san-pham\/tra-tui-loc-vifarmers-vifarmers-tea-bags\/#primaryimage\",\"url\":\"https:\/\/nongsansachthainguyen.com\/wp-content\/uploads\/2022\/10\/hop-tra-xanh.jpg\",\"contentUrl\":\"https:\/\/nongsansachthainguyen.com\/wp-content\/uploads\/2022\/10\/hop-tra-xanh.jpg\",\"width\":1920,\"height\":1080},{\"@type\":\"BreadcrumbList\",\"@id\":\"https:\/\/nongsansachthainguyen.com\/san-pham\/tra-tui-loc-vifarmers-vifarmers-tea-bags\/#breadcrumb\",\"itemListElement\":[{\"@type\":\"ListItem\",\"position\":1,\"name\":\"Trang ch\u1ee7\",\"item\":\"https:\/\/nongsansachthainguyen.com\/\"},{\"@type\":\"ListItem\",\"position\":2,\"name\":\"C\u1eeda h\u00e0ng\",\"item\":\"https:\/\/nongsansachthainguyen.com\/cua-hang\/\"},{\"@type\":\"ListItem\",\"position\":3,\"name\":\"Tr\u00e0 t\u00fai l\u1ecdc Vifarmers\"}]},{\"@type\":\"WebSite\",\"@id\":\"https:\/\/nongsansachthainguyen.com\/#website\",\"url\":\"https:\/\/nongsansachthainguyen.com\/\",\"name\":\"N\u00f4ng S\u1ea3n S\u1ea1ch Th\u00e1i Nguy\u00ean\",\"description\":\"\",\"potentialAction\":[{\"@type\":\"SearchAction\",\"target\":{\"@type\":\"EntryPoint\",\"urlTemplate\":\"https:\/\/nongsansachthainguyen.com\/?s={search_term_string}\"},\"query-input\":\"required name=search_term_string\"}],\"inLanguage\":\"en-US\"}]}<\/script>\n<!-- \/ Yoast SEO plugin. -->","yoast_head_json":{"title":"Tr\u00e0 t\u00fai l\u1ecdc Vifarmers - N\u00f4ng S\u1ea3n S\u1ea1ch Th\u00e1i Nguy\u00ean","robots":{"index":"index","follow":"follow","max-snippet":"max-snippet:-1","max-image-preview":"max-image-preview:large","max-video-preview":"max-video-preview:-1"},"canonical":"https:\/\/nongsansachthainguyen.com\/en\/product\/tra-tui-loc-vifarmers-vifarmers-tea-bags\/","og_locale":"en_US","og_type":"article","og_title":"Tr\u00e0 t\u00fai l\u1ecdc Vifarmers - N\u00f4ng S\u1ea3n S\u1ea1ch Th\u00e1i Nguy\u00ean","og_description":"(Tr\u00e0 xanh, Tr\u00e0 \u0111en, Tr\u00e0 g\u1eebng, Tr\u00e0 sen, Tr\u00e0 nh\u00e0i)  Th\u01b0\u01a1ng hi\u1ec7u: Vifarmers  Tr\u1ecdng l\u01b0\u1ee3ng: 2gr\/bag x 25 bags\/ box ( 50gr\/ box)  S\u1ea3n xu\u1ea5t b\u1edfi: Li\u00ean hi\u1ec7p h\u1ee3p t\u00e1c x\u00e3 n\u00f4ng s\u1ea3n Th\u00e1i Nguy\u00ean  S\u1ea3n xu\u1ea5t t\u1ea1i: Th\u00e1i Nguy\u00ean, Vi\u1ec7t Nam","og_url":"https:\/\/nongsansachthainguyen.com\/en\/product\/tra-tui-loc-vifarmers-vifarmers-tea-bags\/","og_site_name":"N\u00f4ng S\u1ea3n S\u1ea1ch Th\u00e1i Nguy\u00ean","article_modified_time":"2023-06-08T15:13:59+00:00","og_image":[{"width":1920,"height":1080,"url":"https:\/\/nongsansachthainguyen.com\/wp-content\/uploads\/2022\/10\/hop-tra-xanh.jpg","type":"image\/jpeg"}],"twitter_card":"summary_large_image","twitter_misc":{"Est. reading time":"9 minutes"},"schema":{"@context":"https:\/\/schema.org","@graph":[{"@type":"WebPage","@id":"https:\/\/nongsansachthainguyen.com\/san-pham\/tra-tui-loc-vifarmers-vifarmers-tea-bags\/","url":"https:\/\/nongsansachthainguyen.com\/san-pham\/tra-tui-loc-vifarmers-vifarmers-tea-bags\/","name":"Tr\u00e0 t\u00fai l\u1ecdc Vifarmers - N\u00f4ng S\u1ea3n S\u1ea1ch Th\u00e1i Nguy\u00ean","isPartOf":{"@id":"https:\/\/nongsansachthainguyen.com\/#website"},"primaryImageOfPage":{"@id":"https:\/\/nongsansachthainguyen.com\/san-pham\/tra-tui-loc-vifarmers-vifarmers-tea-bags\/#primaryimage"},"image":{"@id":"https:\/\/nongsansachthainguyen.com\/san-pham\/tra-tui-loc-vifarmers-vifarmers-tea-bags\/#primaryimage"},"thumbnailUrl":"https:\/\/nongsansachthainguyen.com\/wp-content\/uploads\/2022\/10\/hop-tra-xanh.jpg","datePublished":"2022-08-06T10:19:46+00:00","dateModified":"2023-06-08T15:13:59+00:00","breadcrumb":{"@id":"https:\/\/nongsansachthainguyen.com\/san-pham\/tra-tui-loc-vifarmers-vifarmers-tea-bags\/#breadcrumb"},"inLanguage":"en-US","potentialAction":[{"@type":"ReadAction","target":["https:\/\/nongsansachthainguyen.com\/san-pham\/tra-tui-loc-vifarmers-vifarmers-tea-bags\/"]}]},{"@type":"ImageObject","inLanguage":"en-US","@id":"https:\/\/nongsansachthainguyen.com\/san-pham\/tra-tui-loc-vifarmers-vifarmers-tea-bags\/#primaryimage","url":"https:\/\/nongsansachthainguyen.com\/wp-content\/uploads\/2022\/10\/hop-tra-xanh.jpg","contentUrl":"https:\/\/nongsansachthainguyen.com\/wp-content\/uploads\/2022\/10\/hop-tra-xanh.jpg","width":1920,"height":1080},{"@type":"BreadcrumbList","@id":"https:\/\/nongsansachthainguyen.com\/san-pham\/tra-tui-loc-vifarmers-vifarmers-tea-bags\/#breadcrumb","itemListElement":[{"@type":"ListItem","position":1,"name":"Trang ch\u1ee7","item":"https:\/\/nongsansachthainguyen.com\/"},{"@type":"ListItem","position":2,"name":"C\u1eeda h\u00e0ng","item":"https:\/\/nongsansachthainguyen.com\/cua-hang\/"},{"@type":"ListItem","position":3,"name":"Tr\u00e0 t\u00fai l\u1ecdc Vifarmers"}]},{"@type":"WebSite","@id":"https:\/\/nongsansachthainguyen.com\/#website","url":"https:\/\/nongsansachthainguyen.com\/","name":"N\u00f4ng S\u1ea3n S\u1ea1ch Th\u00e1i Nguy\u00ean","description":"","potentialAction":[{"@type":"SearchAction","target":{"@type":"EntryPoint","urlTemplate":"https:\/\/nongsansachthainguyen.com\/?s={search_term_string}"},"query-input":"required name=search_term_string"}],"inLanguage":"en-US"}]}},"_links":{"self":[{"href":"https:\/\/nongsansachthainguyen.com\/en\/wp-json\/wp\/v2\/product\/721"}],"collection":[{"href":"https:\/\/nongsansachthainguyen.com\/en\/wp-json\/wp\/v2\/product"}],"about":[{"href":"https:\/\/nongsansachthainguyen.com\/en\/wp-json\/wp\/v2\/types\/product"}],"replies":[{"embeddable":true,"href":"https:\/\/nongsansachthainguyen.com\/en\/wp-json\/wp\/v2\/comments?post=721"}],"wp:featuredmedia":[{"embeddable":true,"href":"https:\/\/nongsansachthainguyen.com\/en\/wp-json\/wp\/v2\/media\/805"}],"wp:attachment":[{"href":"https:\/\/nongsansachthainguyen.com\/en\/wp-json\/wp\/v2\/media?parent=721"}],"wp:term":[{"taxonomy":"product_cat","embeddable":true,"href":"https:\/\/nongsansachthainguyen.com\/en\/wp-json\/wp\/v2\/product_cat?post=721"},{"taxonomy":"product_tag","embeddable":true,"href":"https:\/\/nongsansachthainguyen.com\/en\/wp-json\/wp\/v2\/product_tag?post=721"}],"curies":[{"name":"wp","href":"https:\/\/api.w.org\/{rel}","templated":true}]}}