{"id":504,"date":"2021-10-13T09:27:13","date_gmt":"2021-10-13T09:27:13","guid":{"rendered":"http:\/\/nongsansachthainguyen.com\/?post_type=product&#038;p=504"},"modified":"2023-06-08T15:46:42","modified_gmt":"2023-06-08T15:46:42","slug":"tinh-bot-nghe-ant-co","status":"publish","type":"product","link":"https:\/\/nongsansachthainguyen.com\/en\/product\/tinh-bot-nghe-ant-co\/","title":{"rendered":"Ant-Co Turmeric Powder"},"content":{"rendered":"<p><span style=\"font-weight: 400;\">Ingredients:&nbsp;<\/span><\/p>\n<p><span style=\"font-weight: 400;\">100% pure turmeric powder<\/span><\/p>\n<p><span style=\"font-weight: 400;\">Effects of turmeric on health and beauty: <\/span><\/p>\n<ul>\n<li style=\"font-weight: 400;\" aria-level=\"1\"><span style=\"font-weight: 400;\">Turmeric powder with curcumin as the main ingredient, in addition to essential oils, proteins, resins, etc. has been used by Traditional Medicine for thousands of years as a precious remedy. At the same time, it has been proven by many modern scientific studies.<\/span><\/li>\n<li style=\"font-weight: 400;\" aria-level=\"1\"><span style=\"font-weight: 400;\">Preventing and supporting the treatment of peptic ulcers, good for the digestive system<\/span><\/li>\n<li style=\"font-weight: 400;\" aria-level=\"1\"><span style=\"font-weight: 400;\">Anti-inflammatory, supports the treatment of joint pain<\/span><\/li>\n<li style=\"font-weight: 400;\" aria-level=\"1\"><span style=\"font-weight: 400;\">Support cancer treatment<\/span><\/li>\n<li style=\"font-weight: 400;\" aria-level=\"1\"><span style=\"font-weight: 400;\">Liver detoxification; Anti-hepatitis C and B virus<\/span><\/li>\n<li style=\"font-weight: 400;\" aria-level=\"1\"><span style=\"font-weight: 400;\">Prevention of skin diseases such as psoriasis, lupus erythematosus, acne, \u2026<\/span><\/li>\n<li style=\"font-weight: 400;\" aria-level=\"1\"><span style=\"font-weight: 400;\">Prevention of diseases related to the nervous system such as: parkinsonism, memory impairment, depression, headache, etc.<\/span><\/li>\n<li style=\"font-weight: 400;\" aria-level=\"1\"><span style=\"font-weight: 400;\">Improve immune system<\/span><\/li>\n<li style=\"font-weight: 400;\" aria-level=\"1\"><span style=\"font-weight: 400;\">For the skin, curcumin has the effect of inhibiting melanin pigment causing darkening, freckles, regulating the amount of sebum on the skin, anti-aging. Helps to give you smooth pink and white skin. When used directly on the skin, curcumin also helps to heal scars, remove dark spots left by acne.<\/span><\/li>\n<\/ul>\n<p><span style=\"font-weight: 400;\">Dangers from improper use of turmeric powder:&nbsp;<\/span><\/p>\n<ul>\n<li style=\"font-weight: 400;\" aria-level=\"1\"><span style=\"font-weight: 400;\">Using turmeric properly is when using the right dose and time of use. Do not use more than 2-4 tablespoons of turmeric powder per day. Because when taking high doses for a long time can experience side effects such as nausea, diarrhea, iron metabolism disorders, iron deficiency in susceptible patients, etc.<\/span><\/li>\n<li style=\"font-weight: 400;\" aria-level=\"1\"><span style=\"font-weight: 400;\">Turmeric powder also contains a certain amount of essential oil and turmeric resin, which when used for a long time can cause liver heat and jaundice. You can use turmeric powder \u2013 turmeric powder has been separated from essential oils to limit this side effect.<\/span><\/li>\n<li style=\"font-weight: 400;\" aria-level=\"1\"><span style=\"font-weight: 400;\">In particular, when using high doses of turmeric for a long time, the body\u2019s anti-inflammatory ability is reduced.<\/span><\/li>\n<li style=\"font-weight: 400;\" aria-level=\"1\"><span style=\"font-weight: 400;\">People with hemophilia, women with prolonged menorrhagia should not use. Because turmeric powder can slow down blood clotting.<\/span><\/li>\n<\/ul>\n<p>Notes when using turmeric powder:<\/p>\n<ul>\n<li><span style=\"font-weight: 400;\">Turmeric powder has many valuable uses for health and skin, but has low bioavailability due to poor absorption through the digestive tract. Therefore, when using, you should mix with warm water with honey or black pepper to enhance the effect.<\/span><\/li>\n<li><span style=\"font-weight: 400;\">To support the treatment of stomach ulcers, turmeric should be taken 1 hour after eating for the best effect.<\/span><\/li>\n<li><span style=\"font-weight: 400;\">Do not drink when too hungry because it will reduce the effect.&nbsp;<\/span><\/li>\n<li><span style=\"font-weight: 400;\">When applying a mask with turmeric, do not rub it vigorously, let it dry naturally to avoid the yellow color of turmeric remaining on the skin for a long time. The next morning you should use fresh milk, yogurt or rose water to wash away the remaining yellow layer.&nbsp;&nbsp;<\/span><\/li>\n<li><span style=\"font-weight: 400;\">When using turmeric to support the treatment of diseases, it is necessary to use it consistently but with the appropriate dosage.<\/span><\/li>\n<\/ul>","protected":false},"excerpt":{"rendered":"<p><span style=\"font-weight: 400;\">Brand: Ant-Co<\/span><\/p>\n<p><span style=\"font-weight: 400;\">Weight: 100 gram, 250 gram, 500 gram<\/span><\/p>\n<p><span style=\"font-weight: 400;\">Produced by: Thai Nguyen Agricultural Cooperation Union<\/span><\/p>\n<p><span style=\"font-weight: 400;\">Made in: Thai Nguyen, Viet Nam<\/span><\/p>\n<p><span style=\"font-weight: 400;\">Ant-Co Turmeric Powder with Product Barcode: 8938542011227<\/span><\/p>","protected":false},"featured_media":493,"comment_status":"open","ping_status":"closed","template":"","meta":{"_acf_changed":false,"ngg_post_thumbnail":0},"product_cat":[19],"product_tag":[68,69,127,128],"class_list":{"0":"post-504","1":"product","2":"type-product","3":"status-publish","4":"has-post-thumbnail","6":"product_cat-duoc-lieu-tinh-bot-rau","7":"product_tag-bot-nghe","8":"product_tag-tinh-bot-nghe","9":"product_tag-turmeric","10":"product_tag-turmeric-powder","12":"first","13":"instock","14":"shipping-taxable","15":"product-type-simple"},"acf":[],"yoast_head":"<!-- This site is optimized with the Yoast SEO plugin v23.2 - https:\/\/yoast.com\/wordpress\/plugins\/seo\/ -->\n<title>Tinh b\u1ed9t ngh\u1ec7 Ant-co - N\u00f4ng S\u1ea3n S\u1ea1ch Th\u00e1i Nguy\u00ean<\/title>\n<meta name=\"robots\" content=\"index, follow, max-snippet:-1, max-image-preview:large, max-video-preview:-1\" \/>\n<link rel=\"canonical\" href=\"https:\/\/nongsansachthainguyen.com\/en\/product\/tinh-bot-nghe-ant-co\/\" \/>\n<meta property=\"og:locale\" content=\"en_US\" \/>\n<meta property=\"og:type\" content=\"article\" \/>\n<meta property=\"og:title\" content=\"Tinh b\u1ed9t ngh\u1ec7 Ant-co - N\u00f4ng S\u1ea3n S\u1ea1ch Th\u00e1i Nguy\u00ean\" \/>\n<meta property=\"og:description\" content=\"Th\u01b0\u01a1ng hi\u1ec7u: Ant-Co  Tr\u1ecdng l\u01b0\u1ee3ng: 100 gram, 250 gram, 500 gram  S\u1ea3n xu\u1ea5t b\u1edfi: Li\u00ean hi\u1ec7p H\u1ee3p t\u00e1c x\u00e3 n\u00f4ng s\u1ea3n Th\u00e1i Nguy\u00ean  S\u1ea3n xu\u1ea5t t\u1ea1i: Th\u00e1i Nguy\u00ean, Vi\u1ec7t Nam  S\u1ea3n ph\u1ea9m Tinh b\u1ed9t ngh\u1ec7 Ant-Co c\u00f3 M\u00e3 s\u1ed1 M\u00e3 v\u1ea1ch s\u1ea3n ph\u1ea9m: 8938542011227\" \/>\n<meta property=\"og:url\" content=\"https:\/\/nongsansachthainguyen.com\/en\/product\/tinh-bot-nghe-ant-co\/\" \/>\n<meta property=\"og:site_name\" content=\"N\u00f4ng S\u1ea3n S\u1ea1ch Th\u00e1i Nguy\u00ean\" \/>\n<meta property=\"article:modified_time\" content=\"2023-06-08T15:46:42+00:00\" \/>\n<meta property=\"og:image\" content=\"https:\/\/nongsansachthainguyen.com\/wp-content\/uploads\/2021\/08\/z2842506096658_05b9efeb00788abe11e5e7317994e4ad.jpg\" \/>\n\t<meta property=\"og:image:width\" content=\"1070\" \/>\n\t<meta property=\"og:image:height\" content=\"1280\" \/>\n\t<meta property=\"og:image:type\" content=\"image\/jpeg\" \/>\n<meta name=\"twitter:card\" content=\"summary_large_image\" \/>\n<meta name=\"twitter:label1\" content=\"Est. reading time\" \/>\n\t<meta name=\"twitter:data1\" content=\"3 minutes\" \/>\n<script type=\"application\/ld+json\" class=\"yoast-schema-graph\">{\"@context\":\"https:\/\/schema.org\",\"@graph\":[{\"@type\":\"WebPage\",\"@id\":\"https:\/\/nongsansachthainguyen.com\/san-pham\/tinh-bot-nghe-ant-co\/\",\"url\":\"https:\/\/nongsansachthainguyen.com\/san-pham\/tinh-bot-nghe-ant-co\/\",\"name\":\"Tinh b\u1ed9t ngh\u1ec7 Ant-co - N\u00f4ng S\u1ea3n S\u1ea1ch Th\u00e1i Nguy\u00ean\",\"isPartOf\":{\"@id\":\"https:\/\/nongsansachthainguyen.com\/#website\"},\"primaryImageOfPage\":{\"@id\":\"https:\/\/nongsansachthainguyen.com\/san-pham\/tinh-bot-nghe-ant-co\/#primaryimage\"},\"image\":{\"@id\":\"https:\/\/nongsansachthainguyen.com\/san-pham\/tinh-bot-nghe-ant-co\/#primaryimage\"},\"thumbnailUrl\":\"https:\/\/nongsansachthainguyen.com\/wp-content\/uploads\/2021\/08\/z2842506096658_05b9efeb00788abe11e5e7317994e4ad.jpg\",\"datePublished\":\"2021-10-13T09:27:13+00:00\",\"dateModified\":\"2023-06-08T15:46:42+00:00\",\"breadcrumb\":{\"@id\":\"https:\/\/nongsansachthainguyen.com\/san-pham\/tinh-bot-nghe-ant-co\/#breadcrumb\"},\"inLanguage\":\"en-US\",\"potentialAction\":[{\"@type\":\"ReadAction\",\"target\":[\"https:\/\/nongsansachthainguyen.com\/san-pham\/tinh-bot-nghe-ant-co\/\"]}]},{\"@type\":\"ImageObject\",\"inLanguage\":\"en-US\",\"@id\":\"https:\/\/nongsansachthainguyen.com\/san-pham\/tinh-bot-nghe-ant-co\/#primaryimage\",\"url\":\"https:\/\/nongsansachthainguyen.com\/wp-content\/uploads\/2021\/08\/z2842506096658_05b9efeb00788abe11e5e7317994e4ad.jpg\",\"contentUrl\":\"https:\/\/nongsansachthainguyen.com\/wp-content\/uploads\/2021\/08\/z2842506096658_05b9efeb00788abe11e5e7317994e4ad.jpg\",\"width\":1070,\"height\":1280},{\"@type\":\"BreadcrumbList\",\"@id\":\"https:\/\/nongsansachthainguyen.com\/san-pham\/tinh-bot-nghe-ant-co\/#breadcrumb\",\"itemListElement\":[{\"@type\":\"ListItem\",\"position\":1,\"name\":\"Trang ch\u1ee7\",\"item\":\"https:\/\/nongsansachthainguyen.com\/\"},{\"@type\":\"ListItem\",\"position\":2,\"name\":\"C\u1eeda h\u00e0ng\",\"item\":\"https:\/\/nongsansachthainguyen.com\/cua-hang\/\"},{\"@type\":\"ListItem\",\"position\":3,\"name\":\"Tinh b\u1ed9t ngh\u1ec7 Ant-co\"}]},{\"@type\":\"WebSite\",\"@id\":\"https:\/\/nongsansachthainguyen.com\/#website\",\"url\":\"https:\/\/nongsansachthainguyen.com\/\",\"name\":\"N\u00f4ng S\u1ea3n S\u1ea1ch Th\u00e1i Nguy\u00ean\",\"description\":\"\",\"potentialAction\":[{\"@type\":\"SearchAction\",\"target\":{\"@type\":\"EntryPoint\",\"urlTemplate\":\"https:\/\/nongsansachthainguyen.com\/?s={search_term_string}\"},\"query-input\":\"required name=search_term_string\"}],\"inLanguage\":\"en-US\"}]}<\/script>\n<!-- \/ Yoast SEO plugin. -->","yoast_head_json":{"title":"Tinh b\u1ed9t ngh\u1ec7 Ant-co - N\u00f4ng S\u1ea3n S\u1ea1ch Th\u00e1i Nguy\u00ean","robots":{"index":"index","follow":"follow","max-snippet":"max-snippet:-1","max-image-preview":"max-image-preview:large","max-video-preview":"max-video-preview:-1"},"canonical":"https:\/\/nongsansachthainguyen.com\/en\/product\/tinh-bot-nghe-ant-co\/","og_locale":"en_US","og_type":"article","og_title":"Tinh b\u1ed9t ngh\u1ec7 Ant-co - N\u00f4ng S\u1ea3n S\u1ea1ch Th\u00e1i Nguy\u00ean","og_description":"Th\u01b0\u01a1ng hi\u1ec7u: Ant-Co  Tr\u1ecdng l\u01b0\u1ee3ng: 100 gram, 250 gram, 500 gram  S\u1ea3n xu\u1ea5t b\u1edfi: Li\u00ean hi\u1ec7p H\u1ee3p t\u00e1c x\u00e3 n\u00f4ng s\u1ea3n Th\u00e1i Nguy\u00ean  S\u1ea3n xu\u1ea5t t\u1ea1i: Th\u00e1i Nguy\u00ean, Vi\u1ec7t Nam  S\u1ea3n ph\u1ea9m Tinh b\u1ed9t ngh\u1ec7 Ant-Co c\u00f3 M\u00e3 s\u1ed1 M\u00e3 v\u1ea1ch s\u1ea3n ph\u1ea9m: 8938542011227","og_url":"https:\/\/nongsansachthainguyen.com\/en\/product\/tinh-bot-nghe-ant-co\/","og_site_name":"N\u00f4ng S\u1ea3n S\u1ea1ch Th\u00e1i Nguy\u00ean","article_modified_time":"2023-06-08T15:46:42+00:00","og_image":[{"width":1070,"height":1280,"url":"https:\/\/nongsansachthainguyen.com\/wp-content\/uploads\/2021\/08\/z2842506096658_05b9efeb00788abe11e5e7317994e4ad.jpg","type":"image\/jpeg"}],"twitter_card":"summary_large_image","twitter_misc":{"Est. reading time":"3 minutes"},"schema":{"@context":"https:\/\/schema.org","@graph":[{"@type":"WebPage","@id":"https:\/\/nongsansachthainguyen.com\/san-pham\/tinh-bot-nghe-ant-co\/","url":"https:\/\/nongsansachthainguyen.com\/san-pham\/tinh-bot-nghe-ant-co\/","name":"Tinh b\u1ed9t ngh\u1ec7 Ant-co - N\u00f4ng S\u1ea3n S\u1ea1ch Th\u00e1i Nguy\u00ean","isPartOf":{"@id":"https:\/\/nongsansachthainguyen.com\/#website"},"primaryImageOfPage":{"@id":"https:\/\/nongsansachthainguyen.com\/san-pham\/tinh-bot-nghe-ant-co\/#primaryimage"},"image":{"@id":"https:\/\/nongsansachthainguyen.com\/san-pham\/tinh-bot-nghe-ant-co\/#primaryimage"},"thumbnailUrl":"https:\/\/nongsansachthainguyen.com\/wp-content\/uploads\/2021\/08\/z2842506096658_05b9efeb00788abe11e5e7317994e4ad.jpg","datePublished":"2021-10-13T09:27:13+00:00","dateModified":"2023-06-08T15:46:42+00:00","breadcrumb":{"@id":"https:\/\/nongsansachthainguyen.com\/san-pham\/tinh-bot-nghe-ant-co\/#breadcrumb"},"inLanguage":"en-US","potentialAction":[{"@type":"ReadAction","target":["https:\/\/nongsansachthainguyen.com\/san-pham\/tinh-bot-nghe-ant-co\/"]}]},{"@type":"ImageObject","inLanguage":"en-US","@id":"https:\/\/nongsansachthainguyen.com\/san-pham\/tinh-bot-nghe-ant-co\/#primaryimage","url":"https:\/\/nongsansachthainguyen.com\/wp-content\/uploads\/2021\/08\/z2842506096658_05b9efeb00788abe11e5e7317994e4ad.jpg","contentUrl":"https:\/\/nongsansachthainguyen.com\/wp-content\/uploads\/2021\/08\/z2842506096658_05b9efeb00788abe11e5e7317994e4ad.jpg","width":1070,"height":1280},{"@type":"BreadcrumbList","@id":"https:\/\/nongsansachthainguyen.com\/san-pham\/tinh-bot-nghe-ant-co\/#breadcrumb","itemListElement":[{"@type":"ListItem","position":1,"name":"Trang ch\u1ee7","item":"https:\/\/nongsansachthainguyen.com\/"},{"@type":"ListItem","position":2,"name":"C\u1eeda h\u00e0ng","item":"https:\/\/nongsansachthainguyen.com\/cua-hang\/"},{"@type":"ListItem","position":3,"name":"Tinh b\u1ed9t ngh\u1ec7 Ant-co"}]},{"@type":"WebSite","@id":"https:\/\/nongsansachthainguyen.com\/#website","url":"https:\/\/nongsansachthainguyen.com\/","name":"N\u00f4ng S\u1ea3n S\u1ea1ch Th\u00e1i Nguy\u00ean","description":"","potentialAction":[{"@type":"SearchAction","target":{"@type":"EntryPoint","urlTemplate":"https:\/\/nongsansachthainguyen.com\/?s={search_term_string}"},"query-input":"required name=search_term_string"}],"inLanguage":"en-US"}]}},"_links":{"self":[{"href":"https:\/\/nongsansachthainguyen.com\/en\/wp-json\/wp\/v2\/product\/504"}],"collection":[{"href":"https:\/\/nongsansachthainguyen.com\/en\/wp-json\/wp\/v2\/product"}],"about":[{"href":"https:\/\/nongsansachthainguyen.com\/en\/wp-json\/wp\/v2\/types\/product"}],"replies":[{"embeddable":true,"href":"https:\/\/nongsansachthainguyen.com\/en\/wp-json\/wp\/v2\/comments?post=504"}],"wp:featuredmedia":[{"embeddable":true,"href":"https:\/\/nongsansachthainguyen.com\/en\/wp-json\/wp\/v2\/media\/493"}],"wp:attachment":[{"href":"https:\/\/nongsansachthainguyen.com\/en\/wp-json\/wp\/v2\/media?parent=504"}],"wp:term":[{"taxonomy":"product_cat","embeddable":true,"href":"https:\/\/nongsansachthainguyen.com\/en\/wp-json\/wp\/v2\/product_cat?post=504"},{"taxonomy":"product_tag","embeddable":true,"href":"https:\/\/nongsansachthainguyen.com\/en\/wp-json\/wp\/v2\/product_tag?post=504"}],"curies":[{"name":"wp","href":"https:\/\/api.w.org\/{rel}","templated":true}]}}