{"id":496,"date":"2021-10-13T09:25:44","date_gmt":"2021-10-13T09:25:44","guid":{"rendered":"http:\/\/nongsansachthainguyen.com\/?post_type=product&#038;p=496"},"modified":"2023-06-11T05:01:39","modified_gmt":"2023-06-11T05:01:39","slug":"bot-tra-xanh-ant-co","status":"publish","type":"product","link":"https:\/\/nongsansachthainguyen.com\/en\/product\/bot-tra-xanh-ant-co\/","title":{"rendered":"Ant-co Green tea powder"},"content":{"rendered":"<p><span style=\"font-weight: 400;\">Ingredients: 100% Thai Nguyen green tea leaves<\/span><\/p>\n<p><span style=\"font-weight: 400;\">Tea leaves are collected and put into fermentation, dried and ground in a cold room environment to ensure the same quality as fresh tea leaves.<\/span><\/p>\n<p>&nbsp;<\/p>\n<p><b>Uses of Ant-co green tea powder<\/b><\/p>\n<p>&nbsp;<\/p>\n<p><span style=\"font-weight: 400;\">&nbsp;&nbsp;&nbsp;&nbsp;Green tea powder is known to many as a great beauty product and food preparation. Appearing from Japan, green tea powder created a craze among Vietnamese youth. People race to use green tea powder for beauty, processing cakes, and milk tea.... Using green tea powder helps your skin rejuvenate, giving it a youthful and beautiful appearance. But few people know green tea powder also significantly affects human health. The composition of green tea powder plays a vital role in improving human health, helping the body stay healthy and fight disease in the best way. Here are 6 common uses of green tea powder in improving human health.<\/span><\/p>\n<ol>\n<li><span style=\"font-weight: 400;\"><span style=\"font-weight: 400;\"> Effective antioxidant<br \/>\n<\/span><\/span>Oxidation causes the body to quickly weaken the immune system, making you old and lifeless. With the antioxidant component of green tea powder, your skin will avoid ultraviolet rays, keeping the skin smooth rejuvenated and smooth. This use makes green tea powder an effective beauty product for women. The antioxidant content of premium green tea powder is 5 times that of fruits, green vegetables, and dark chocolate. The antioxidants of green tea powder also work to prevent life-threatening diseases.<\/li>\n<li><span style=\"font-weight: 400;\"> Green tea powder prevents cancer<br \/>\n<\/span><span style=\"font-weight: 400;\">Green tea powder is considered an effective cancer prevention panacea. Catechins are the most important of the antioxidants. They are effective in preventing cancer. According to scientists, catechins are most abundant in green tea powder. Therefore, using green tea powder has a significant effect on avoiding the formation of cancer cells, helping you live a healthy and joyful life.<\/p>\n<p><\/span><\/li>\n<li><span style=\"color: #333333;\">Green tea powder maintains purity and comfort for people<\/span><span style=\"font-weight: 400;\">Everyone knows using green tea is a way for monks to relax and meditate for mental comfort. And today, scientists have found that the amino acid L-Theanine contained in green tea leaves promotes the production of alpha in the brain. Therefore, green tea powder is effective in relaxing without causing drowsiness.<\/span><\/li>\n<li><span style=\"color: #333333;\">Green tea powder provides energy and creates endurance<\/span><span style=\"font-weight: 400;\">&nbsp;The habit of drinking green tea powder has the effect of bringing alertness and health to people. If you drink each cup of green tea powder every morning, it will have the function of promoting metabolism, making the body healthy and alert. Therefore, athletes often use green tea to maintain energy and endurance for up to 6 hours. <\/span><\/li>\n<li><span style=\"color: #333333;\">Green tea powder helps eliminate toxins&nbsp;<\/span><span style=\"font-weight: 400;\">Using green tea powder has the effect of eliminating toxins effectively. The chlorophyll component of green tea allows the circulatory system to function at its best, removing all toxins. Green tea powder is considered the best chlorophyll-rich product. Thanks to the professional production process of green tea powder, effectively avoiding the sun, green tea powder retains a large amount of chlorophyll, increasing absorption for humans.<\/span><\/li>\n<li><span style=\"color: #333333;\">Green tea powder improves cholesterol<\/span><span style=\"font-weight: 400;\">People who regularly drink green tea powder often have lower cholesterol levels than average. Using green tea powder helps to reduce blood sugar levels, effectively preventing diabetes. Many people have been drinking green tea powder regularly to improve their health.<\/span><\/li>\n<\/ol>","protected":false},"excerpt":{"rendered":"<p><span style=\"font-weight: 400;\">Brand: Ant-Co Green Tea<\/span><\/p>\n<p><span style=\"font-weight: 400;\">Weight: 100 grams, 500 grams<\/span><\/p>\n<p><span style=\"font-weight: 400;\">Produced by: Thai Nguyen Agricultural Cooperation Union<\/span><\/p>\n<p><span style=\"font-weight: 400;\">Made in: Thai Nguyen, Viet Nam<\/span><\/p>\n<p><span style=\"font-weight: 400;\">Ant-Co Green tea powder has Product Code: 8938542011012<\/span><\/p>","protected":false},"featured_media":495,"comment_status":"open","ping_status":"closed","template":"","meta":{"_acf_changed":false,"ngg_post_thumbnail":0},"product_cat":[17],"product_tag":[22,24,66,67,101,102],"class_list":{"0":"post-496","1":"product","2":"type-product","3":"status-publish","4":"has-post-thumbnail","6":"product_cat-tra-va-cac-san-pham-tu-tra","7":"product_tag-tra","8":"product_tag-tea","9":"product_tag-bot-tra-xanh","10":"product_tag-bot-che","11":"product_tag-green-tea-powder","12":"product_tag-green-tea","14":"first","15":"instock","16":"shipping-taxable","17":"product-type-simple"},"acf":[],"yoast_head":"<!-- This site is optimized with the Yoast SEO plugin v23.2 - https:\/\/yoast.com\/wordpress\/plugins\/seo\/ -->\n<title>B\u1ed9t tr\u00e0 xanh Ant-co - N\u00f4ng S\u1ea3n S\u1ea1ch Th\u00e1i Nguy\u00ean<\/title>\n<meta name=\"robots\" content=\"index, follow, max-snippet:-1, max-image-preview:large, max-video-preview:-1\" \/>\n<link rel=\"canonical\" href=\"https:\/\/nongsansachthainguyen.com\/en\/product\/bot-tra-xanh-ant-co\/\" \/>\n<meta property=\"og:locale\" content=\"en_US\" \/>\n<meta property=\"og:type\" content=\"article\" \/>\n<meta property=\"og:title\" content=\"B\u1ed9t tr\u00e0 xanh Ant-co - N\u00f4ng S\u1ea3n S\u1ea1ch Th\u00e1i Nguy\u00ean\" \/>\n<meta property=\"og:description\" content=\"Th\u01b0\u01a1ng hi\u1ec7u: Tr\u00e0 xanh Ant-Co  Tr\u1ecdng l\u01b0\u1ee3ng: 100 gram, 500 gram  S\u1ea3n xu\u1ea5t b\u1edfi: Li\u00ean hi\u1ec7p h\u1ee3p t\u00e1c x\u00e3 n\u00f4ng s\u1ea3n Th\u00e1i Nguy\u00ean  S\u1ea3n xu\u1ea5t t\u1ea1i: Th\u00e1i Nguy\u00ean, Vi\u1ec7t Nam  S\u1ea3n ph\u1ea9m B\u1ed9t tr\u00e0 xanh Ant-Co c\u00f3 M\u00e3 s\u1ed1 M\u00e3 v\u1ea1ch s\u1ea3n ph\u1ea9m: 8938542011012\" \/>\n<meta property=\"og:url\" content=\"https:\/\/nongsansachthainguyen.com\/en\/product\/bot-tra-xanh-ant-co\/\" \/>\n<meta property=\"og:site_name\" content=\"N\u00f4ng S\u1ea3n S\u1ea1ch Th\u00e1i Nguy\u00ean\" \/>\n<meta property=\"article:modified_time\" content=\"2023-06-11T05:01:39+00:00\" \/>\n<meta property=\"og:image\" content=\"https:\/\/nongsansachthainguyen.com\/wp-content\/uploads\/2021\/08\/z2842506066880_6395c4974d76a8f9f8cd2ab476047172.jpg\" \/>\n\t<meta property=\"og:image:width\" content=\"722\" \/>\n\t<meta property=\"og:image:height\" content=\"953\" \/>\n\t<meta property=\"og:image:type\" content=\"image\/jpeg\" \/>\n<meta name=\"twitter:card\" content=\"summary_large_image\" \/>\n<meta name=\"twitter:label1\" content=\"Est. reading time\" \/>\n\t<meta name=\"twitter:data1\" content=\"5 minutes\" \/>\n<script type=\"application\/ld+json\" class=\"yoast-schema-graph\">{\"@context\":\"https:\/\/schema.org\",\"@graph\":[{\"@type\":\"WebPage\",\"@id\":\"https:\/\/nongsansachthainguyen.com\/san-pham\/bot-tra-xanh-ant-co\/\",\"url\":\"https:\/\/nongsansachthainguyen.com\/san-pham\/bot-tra-xanh-ant-co\/\",\"name\":\"B\u1ed9t tr\u00e0 xanh Ant-co - N\u00f4ng S\u1ea3n S\u1ea1ch Th\u00e1i Nguy\u00ean\",\"isPartOf\":{\"@id\":\"https:\/\/nongsansachthainguyen.com\/#website\"},\"primaryImageOfPage\":{\"@id\":\"https:\/\/nongsansachthainguyen.com\/san-pham\/bot-tra-xanh-ant-co\/#primaryimage\"},\"image\":{\"@id\":\"https:\/\/nongsansachthainguyen.com\/san-pham\/bot-tra-xanh-ant-co\/#primaryimage\"},\"thumbnailUrl\":\"https:\/\/nongsansachthainguyen.com\/wp-content\/uploads\/2021\/08\/z2842506066880_6395c4974d76a8f9f8cd2ab476047172.jpg\",\"datePublished\":\"2021-10-13T09:25:44+00:00\",\"dateModified\":\"2023-06-11T05:01:39+00:00\",\"breadcrumb\":{\"@id\":\"https:\/\/nongsansachthainguyen.com\/san-pham\/bot-tra-xanh-ant-co\/#breadcrumb\"},\"inLanguage\":\"en-US\",\"potentialAction\":[{\"@type\":\"ReadAction\",\"target\":[\"https:\/\/nongsansachthainguyen.com\/san-pham\/bot-tra-xanh-ant-co\/\"]}]},{\"@type\":\"ImageObject\",\"inLanguage\":\"en-US\",\"@id\":\"https:\/\/nongsansachthainguyen.com\/san-pham\/bot-tra-xanh-ant-co\/#primaryimage\",\"url\":\"https:\/\/nongsansachthainguyen.com\/wp-content\/uploads\/2021\/08\/z2842506066880_6395c4974d76a8f9f8cd2ab476047172.jpg\",\"contentUrl\":\"https:\/\/nongsansachthainguyen.com\/wp-content\/uploads\/2021\/08\/z2842506066880_6395c4974d76a8f9f8cd2ab476047172.jpg\",\"width\":722,\"height\":953},{\"@type\":\"BreadcrumbList\",\"@id\":\"https:\/\/nongsansachthainguyen.com\/san-pham\/bot-tra-xanh-ant-co\/#breadcrumb\",\"itemListElement\":[{\"@type\":\"ListItem\",\"position\":1,\"name\":\"Trang ch\u1ee7\",\"item\":\"https:\/\/nongsansachthainguyen.com\/\"},{\"@type\":\"ListItem\",\"position\":2,\"name\":\"C\u1eeda h\u00e0ng\",\"item\":\"https:\/\/nongsansachthainguyen.com\/cua-hang\/\"},{\"@type\":\"ListItem\",\"position\":3,\"name\":\"B\u1ed9t tr\u00e0 xanh Ant-co\"}]},{\"@type\":\"WebSite\",\"@id\":\"https:\/\/nongsansachthainguyen.com\/#website\",\"url\":\"https:\/\/nongsansachthainguyen.com\/\",\"name\":\"N\u00f4ng S\u1ea3n S\u1ea1ch Th\u00e1i Nguy\u00ean\",\"description\":\"\",\"potentialAction\":[{\"@type\":\"SearchAction\",\"target\":{\"@type\":\"EntryPoint\",\"urlTemplate\":\"https:\/\/nongsansachthainguyen.com\/?s={search_term_string}\"},\"query-input\":\"required name=search_term_string\"}],\"inLanguage\":\"en-US\"}]}<\/script>\n<!-- \/ Yoast SEO plugin. -->","yoast_head_json":{"title":"B\u1ed9t tr\u00e0 xanh Ant-co - N\u00f4ng S\u1ea3n S\u1ea1ch Th\u00e1i Nguy\u00ean","robots":{"index":"index","follow":"follow","max-snippet":"max-snippet:-1","max-image-preview":"max-image-preview:large","max-video-preview":"max-video-preview:-1"},"canonical":"https:\/\/nongsansachthainguyen.com\/en\/product\/bot-tra-xanh-ant-co\/","og_locale":"en_US","og_type":"article","og_title":"B\u1ed9t tr\u00e0 xanh Ant-co - N\u00f4ng S\u1ea3n S\u1ea1ch Th\u00e1i Nguy\u00ean","og_description":"Th\u01b0\u01a1ng hi\u1ec7u: Tr\u00e0 xanh Ant-Co  Tr\u1ecdng l\u01b0\u1ee3ng: 100 gram, 500 gram  S\u1ea3n xu\u1ea5t b\u1edfi: Li\u00ean hi\u1ec7p h\u1ee3p t\u00e1c x\u00e3 n\u00f4ng s\u1ea3n Th\u00e1i Nguy\u00ean  S\u1ea3n xu\u1ea5t t\u1ea1i: Th\u00e1i Nguy\u00ean, Vi\u1ec7t Nam  S\u1ea3n ph\u1ea9m B\u1ed9t tr\u00e0 xanh Ant-Co c\u00f3 M\u00e3 s\u1ed1 M\u00e3 v\u1ea1ch s\u1ea3n ph\u1ea9m: 8938542011012","og_url":"https:\/\/nongsansachthainguyen.com\/en\/product\/bot-tra-xanh-ant-co\/","og_site_name":"N\u00f4ng S\u1ea3n S\u1ea1ch Th\u00e1i Nguy\u00ean","article_modified_time":"2023-06-11T05:01:39+00:00","og_image":[{"width":722,"height":953,"url":"https:\/\/nongsansachthainguyen.com\/wp-content\/uploads\/2021\/08\/z2842506066880_6395c4974d76a8f9f8cd2ab476047172.jpg","type":"image\/jpeg"}],"twitter_card":"summary_large_image","twitter_misc":{"Est. reading time":"5 minutes"},"schema":{"@context":"https:\/\/schema.org","@graph":[{"@type":"WebPage","@id":"https:\/\/nongsansachthainguyen.com\/san-pham\/bot-tra-xanh-ant-co\/","url":"https:\/\/nongsansachthainguyen.com\/san-pham\/bot-tra-xanh-ant-co\/","name":"B\u1ed9t tr\u00e0 xanh Ant-co - N\u00f4ng S\u1ea3n S\u1ea1ch Th\u00e1i Nguy\u00ean","isPartOf":{"@id":"https:\/\/nongsansachthainguyen.com\/#website"},"primaryImageOfPage":{"@id":"https:\/\/nongsansachthainguyen.com\/san-pham\/bot-tra-xanh-ant-co\/#primaryimage"},"image":{"@id":"https:\/\/nongsansachthainguyen.com\/san-pham\/bot-tra-xanh-ant-co\/#primaryimage"},"thumbnailUrl":"https:\/\/nongsansachthainguyen.com\/wp-content\/uploads\/2021\/08\/z2842506066880_6395c4974d76a8f9f8cd2ab476047172.jpg","datePublished":"2021-10-13T09:25:44+00:00","dateModified":"2023-06-11T05:01:39+00:00","breadcrumb":{"@id":"https:\/\/nongsansachthainguyen.com\/san-pham\/bot-tra-xanh-ant-co\/#breadcrumb"},"inLanguage":"en-US","potentialAction":[{"@type":"ReadAction","target":["https:\/\/nongsansachthainguyen.com\/san-pham\/bot-tra-xanh-ant-co\/"]}]},{"@type":"ImageObject","inLanguage":"en-US","@id":"https:\/\/nongsansachthainguyen.com\/san-pham\/bot-tra-xanh-ant-co\/#primaryimage","url":"https:\/\/nongsansachthainguyen.com\/wp-content\/uploads\/2021\/08\/z2842506066880_6395c4974d76a8f9f8cd2ab476047172.jpg","contentUrl":"https:\/\/nongsansachthainguyen.com\/wp-content\/uploads\/2021\/08\/z2842506066880_6395c4974d76a8f9f8cd2ab476047172.jpg","width":722,"height":953},{"@type":"BreadcrumbList","@id":"https:\/\/nongsansachthainguyen.com\/san-pham\/bot-tra-xanh-ant-co\/#breadcrumb","itemListElement":[{"@type":"ListItem","position":1,"name":"Trang ch\u1ee7","item":"https:\/\/nongsansachthainguyen.com\/"},{"@type":"ListItem","position":2,"name":"C\u1eeda h\u00e0ng","item":"https:\/\/nongsansachthainguyen.com\/cua-hang\/"},{"@type":"ListItem","position":3,"name":"B\u1ed9t tr\u00e0 xanh Ant-co"}]},{"@type":"WebSite","@id":"https:\/\/nongsansachthainguyen.com\/#website","url":"https:\/\/nongsansachthainguyen.com\/","name":"N\u00f4ng S\u1ea3n S\u1ea1ch Th\u00e1i Nguy\u00ean","description":"","potentialAction":[{"@type":"SearchAction","target":{"@type":"EntryPoint","urlTemplate":"https:\/\/nongsansachthainguyen.com\/?s={search_term_string}"},"query-input":"required name=search_term_string"}],"inLanguage":"en-US"}]}},"_links":{"self":[{"href":"https:\/\/nongsansachthainguyen.com\/en\/wp-json\/wp\/v2\/product\/496"}],"collection":[{"href":"https:\/\/nongsansachthainguyen.com\/en\/wp-json\/wp\/v2\/product"}],"about":[{"href":"https:\/\/nongsansachthainguyen.com\/en\/wp-json\/wp\/v2\/types\/product"}],"replies":[{"embeddable":true,"href":"https:\/\/nongsansachthainguyen.com\/en\/wp-json\/wp\/v2\/comments?post=496"}],"wp:featuredmedia":[{"embeddable":true,"href":"https:\/\/nongsansachthainguyen.com\/en\/wp-json\/wp\/v2\/media\/495"}],"wp:attachment":[{"href":"https:\/\/nongsansachthainguyen.com\/en\/wp-json\/wp\/v2\/media?parent=496"}],"wp:term":[{"taxonomy":"product_cat","embeddable":true,"href":"https:\/\/nongsansachthainguyen.com\/en\/wp-json\/wp\/v2\/product_cat?post=496"},{"taxonomy":"product_tag","embeddable":true,"href":"https:\/\/nongsansachthainguyen.com\/en\/wp-json\/wp\/v2\/product_tag?post=496"}],"curies":[{"name":"wp","href":"https:\/\/api.w.org\/{rel}","templated":true}]}}