{"id":48,"date":"2020-12-05T14:59:06","date_gmt":"2020-12-05T14:59:06","guid":{"rendered":"http:\/\/nongsansachthainguyen.com\/?post_type=product&#038;p=48"},"modified":"2023-06-02T16:55:11","modified_gmt":"2023-06-02T16:55:11","slug":"tra-xanh-dac-san-thai-nguyen","status":"publish","type":"product","link":"https:\/\/nongsansachthainguyen.com\/en\/product\/tra-xanh-dac-san-thai-nguyen\/","title":{"rendered":"Ant-co \"Moc Cau\" Tea"},"content":{"rendered":"<h5><span style=\"font-weight: 400;\">\"M\u00f3c C\u00e2u\" tea is a tea picked from young tea buds with 1 shrimp and 2 leaves (meaning picking the most immature bud and 2 adjacent leaves right below) to make tea. Fresh tea buds after going through the processing process, you will see that the tea leaves are small and curled like a Hook, only young tea buds can be bent like that, so it is named Tea Hook.<\/span><\/h5>\n<h5>&nbsp;<\/h5>\n<h5><span style=\"font-weight: 400;\">If you have ever enjoyed the taste of traditional Thai Nguyen tea once, you will never forget it, no matter where you go. The beauty and quality of this drink are not just the taste but the value it interprets, the \"god\" it spreads. Thai Nguyen green tea is packaged in various volumes, such as 10g, 100g, 200g, 500g, etc., to meet the needs of many users.<\/span><\/h5>\n<h5>&nbsp;<\/h5>\n<h5><em>Ant-Co Moc Cau Tea with Product Barcode: 8938542011029<\/em><img loading=\"lazy\" decoding=\"async\" class=\"alignnone size-medium wp-image-564 aligncenter\" src=\"http:\/\/nongsansachthainguyen.com\/wp-content\/uploads\/2020\/12\/M\u00c3-TR\u00c0-M\u00d3C-C\u00c2U-300x199.png\" alt=\"\" width=\"300\" height=\"199\" srcset=\"https:\/\/nongsansachthainguyen.com\/wp-content\/uploads\/2020\/12\/M\u00c3-TR\u00c0-M\u00d3C-C\u00c2U-300x199.png 300w, https:\/\/nongsansachthainguyen.com\/wp-content\/uploads\/2020\/12\/M\u00c3-TR\u00c0-M\u00d3C-C\u00c2U-510x338.png 510w, https:\/\/nongsansachthainguyen.com\/wp-content\/uploads\/2020\/12\/M\u00c3-TR\u00c0-M\u00d3C-C\u00c2U.png 599w\" sizes=\"(max-width: 300px) 100vw, 300px\" \/><\/h5>","protected":false},"excerpt":{"rendered":"<p>Brand: \u201cM\u00f3c C\u00e2u\u201d Green Tea, Ant-Co.<\/p>\n<p>Weight: 10g, 100g, 200g, 500g.<\/p>\n<p>Produced in Thai Nguyen City<\/p>\n<p><span style=\"font-weight: 400;\">Ant-Co Moc Cau Tea with Product Barcode: 8938542011029<\/span><\/p>","protected":false},"featured_media":851,"comment_status":"open","ping_status":"closed","template":"","meta":{"_acf_changed":false,"ngg_post_thumbnail":0},"product_cat":[17],"product_tag":[22,24,29],"class_list":{"0":"post-48","1":"product","2":"type-product","3":"status-publish","4":"has-post-thumbnail","6":"product_cat-tra-va-cac-san-pham-tu-tra","7":"product_tag-tra","8":"product_tag-tea","9":"product_tag-che","11":"first","12":"instock","13":"shipping-taxable","14":"product-type-simple"},"acf":[],"yoast_head":"<!-- This site is optimized with the Yoast SEO plugin v23.2 - https:\/\/yoast.com\/wordpress\/plugins\/seo\/ -->\n<title>Tr\u00e0 &quot;M\u00f3c C\u00e2u&quot; Ant-co ( Ant-co Moc Cau Tea) - N\u00f4ng S\u1ea3n S\u1ea1ch Th\u00e1i Nguy\u00ean<\/title>\n<meta name=\"robots\" content=\"index, follow, max-snippet:-1, max-image-preview:large, max-video-preview:-1\" \/>\n<link rel=\"canonical\" href=\"https:\/\/nongsansachthainguyen.com\/en\/product\/tra-xanh-dac-san-thai-nguyen\/\" \/>\n<meta property=\"og:locale\" content=\"en_US\" \/>\n<meta property=\"og:type\" content=\"article\" \/>\n<meta property=\"og:title\" content=\"Tr\u00e0 &quot;M\u00f3c C\u00e2u&quot; Ant-co ( Ant-co Moc Cau Tea) - N\u00f4ng S\u1ea3n S\u1ea1ch Th\u00e1i Nguy\u00ean\" \/>\n<meta property=\"og:description\" content=\"Th\u01b0\u01a1ng hi\u1ec7u: Ch\u00e8 M\u00f3c c\u00e2u Ant-co  Tr\u1ecdng l\u01b0\u1ee3ng: 10g, 100g, 200g, 500g  S\u1ea3n xu\u1ea5t t\u1ea1i: Th\u00e1i Nguy\u00ean  S\u1ea3n ph\u1ea9m Tr\u00e0 m\u00f3c c\u00e2u Ant-Co c\u00f3 M\u00e3 s\u1ed1 M\u00e3 v\u1ea1ch s\u1ea3n ph\u1ea9m: 8938542011029\" \/>\n<meta property=\"og:url\" content=\"https:\/\/nongsansachthainguyen.com\/en\/product\/tra-xanh-dac-san-thai-nguyen\/\" \/>\n<meta property=\"og:site_name\" content=\"N\u00f4ng S\u1ea3n S\u1ea1ch Th\u00e1i Nguy\u00ean\" \/>\n<meta property=\"article:modified_time\" content=\"2023-06-02T16:55:11+00:00\" \/>\n<meta property=\"og:image\" content=\"https:\/\/nongsansachthainguyen.com\/wp-content\/uploads\/2020\/12\/Screenshot-2023-05-22-at-23.01.05.png\" \/>\n\t<meta property=\"og:image:width\" content=\"484\" \/>\n\t<meta property=\"og:image:height\" content=\"726\" \/>\n\t<meta property=\"og:image:type\" content=\"image\/png\" \/>\n<meta name=\"twitter:card\" content=\"summary_large_image\" \/>\n<meta name=\"twitter:label1\" content=\"Est. reading time\" \/>\n\t<meta name=\"twitter:data1\" content=\"2 minutes\" \/>\n<script type=\"application\/ld+json\" class=\"yoast-schema-graph\">{\"@context\":\"https:\/\/schema.org\",\"@graph\":[{\"@type\":\"WebPage\",\"@id\":\"https:\/\/nongsansachthainguyen.com\/san-pham\/tra-xanh-dac-san-thai-nguyen\/\",\"url\":\"https:\/\/nongsansachthainguyen.com\/san-pham\/tra-xanh-dac-san-thai-nguyen\/\",\"name\":\"Tr\u00e0 \\\"M\u00f3c C\u00e2u\\\" Ant-co ( Ant-co Moc Cau Tea) - N\u00f4ng S\u1ea3n S\u1ea1ch Th\u00e1i Nguy\u00ean\",\"isPartOf\":{\"@id\":\"https:\/\/nongsansachthainguyen.com\/#website\"},\"primaryImageOfPage\":{\"@id\":\"https:\/\/nongsansachthainguyen.com\/san-pham\/tra-xanh-dac-san-thai-nguyen\/#primaryimage\"},\"image\":{\"@id\":\"https:\/\/nongsansachthainguyen.com\/san-pham\/tra-xanh-dac-san-thai-nguyen\/#primaryimage\"},\"thumbnailUrl\":\"https:\/\/nongsansachthainguyen.com\/wp-content\/uploads\/2020\/12\/Screenshot-2023-05-22-at-23.01.05.png\",\"datePublished\":\"2020-12-05T14:59:06+00:00\",\"dateModified\":\"2023-06-02T16:55:11+00:00\",\"breadcrumb\":{\"@id\":\"https:\/\/nongsansachthainguyen.com\/san-pham\/tra-xanh-dac-san-thai-nguyen\/#breadcrumb\"},\"inLanguage\":\"en-US\",\"potentialAction\":[{\"@type\":\"ReadAction\",\"target\":[\"https:\/\/nongsansachthainguyen.com\/san-pham\/tra-xanh-dac-san-thai-nguyen\/\"]}]},{\"@type\":\"ImageObject\",\"inLanguage\":\"en-US\",\"@id\":\"https:\/\/nongsansachthainguyen.com\/san-pham\/tra-xanh-dac-san-thai-nguyen\/#primaryimage\",\"url\":\"https:\/\/nongsansachthainguyen.com\/wp-content\/uploads\/2020\/12\/Screenshot-2023-05-22-at-23.01.05.png\",\"contentUrl\":\"https:\/\/nongsansachthainguyen.com\/wp-content\/uploads\/2020\/12\/Screenshot-2023-05-22-at-23.01.05.png\",\"width\":484,\"height\":726},{\"@type\":\"BreadcrumbList\",\"@id\":\"https:\/\/nongsansachthainguyen.com\/san-pham\/tra-xanh-dac-san-thai-nguyen\/#breadcrumb\",\"itemListElement\":[{\"@type\":\"ListItem\",\"position\":1,\"name\":\"Trang ch\u1ee7\",\"item\":\"https:\/\/nongsansachthainguyen.com\/\"},{\"@type\":\"ListItem\",\"position\":2,\"name\":\"C\u1eeda h\u00e0ng\",\"item\":\"https:\/\/nongsansachthainguyen.com\/cua-hang\/\"},{\"@type\":\"ListItem\",\"position\":3,\"name\":\"Tr\u00e0 &#8220;M\u00f3c C\u00e2u&#8221; Ant-co ( Ant-co Moc Cau Tea)\"}]},{\"@type\":\"WebSite\",\"@id\":\"https:\/\/nongsansachthainguyen.com\/#website\",\"url\":\"https:\/\/nongsansachthainguyen.com\/\",\"name\":\"N\u00f4ng S\u1ea3n S\u1ea1ch Th\u00e1i Nguy\u00ean\",\"description\":\"\",\"potentialAction\":[{\"@type\":\"SearchAction\",\"target\":{\"@type\":\"EntryPoint\",\"urlTemplate\":\"https:\/\/nongsansachthainguyen.com\/?s={search_term_string}\"},\"query-input\":\"required name=search_term_string\"}],\"inLanguage\":\"en-US\"}]}<\/script>\n<!-- \/ Yoast SEO plugin. -->","yoast_head_json":{"title":"Tr\u00e0 \"M\u00f3c C\u00e2u\" Ant-co ( Ant-co Moc Cau Tea) - N\u00f4ng S\u1ea3n S\u1ea1ch Th\u00e1i Nguy\u00ean","robots":{"index":"index","follow":"follow","max-snippet":"max-snippet:-1","max-image-preview":"max-image-preview:large","max-video-preview":"max-video-preview:-1"},"canonical":"https:\/\/nongsansachthainguyen.com\/en\/product\/tra-xanh-dac-san-thai-nguyen\/","og_locale":"en_US","og_type":"article","og_title":"Tr\u00e0 \"M\u00f3c C\u00e2u\" Ant-co ( Ant-co Moc Cau Tea) - N\u00f4ng S\u1ea3n S\u1ea1ch Th\u00e1i Nguy\u00ean","og_description":"Th\u01b0\u01a1ng hi\u1ec7u: Ch\u00e8 M\u00f3c c\u00e2u Ant-co  Tr\u1ecdng l\u01b0\u1ee3ng: 10g, 100g, 200g, 500g  S\u1ea3n xu\u1ea5t t\u1ea1i: Th\u00e1i Nguy\u00ean  S\u1ea3n ph\u1ea9m Tr\u00e0 m\u00f3c c\u00e2u Ant-Co c\u00f3 M\u00e3 s\u1ed1 M\u00e3 v\u1ea1ch s\u1ea3n ph\u1ea9m: 8938542011029","og_url":"https:\/\/nongsansachthainguyen.com\/en\/product\/tra-xanh-dac-san-thai-nguyen\/","og_site_name":"N\u00f4ng S\u1ea3n S\u1ea1ch Th\u00e1i Nguy\u00ean","article_modified_time":"2023-06-02T16:55:11+00:00","og_image":[{"width":484,"height":726,"url":"https:\/\/nongsansachthainguyen.com\/wp-content\/uploads\/2020\/12\/Screenshot-2023-05-22-at-23.01.05.png","type":"image\/png"}],"twitter_card":"summary_large_image","twitter_misc":{"Est. reading time":"2 minutes"},"schema":{"@context":"https:\/\/schema.org","@graph":[{"@type":"WebPage","@id":"https:\/\/nongsansachthainguyen.com\/san-pham\/tra-xanh-dac-san-thai-nguyen\/","url":"https:\/\/nongsansachthainguyen.com\/san-pham\/tra-xanh-dac-san-thai-nguyen\/","name":"Tr\u00e0 \"M\u00f3c C\u00e2u\" Ant-co ( Ant-co Moc Cau Tea) - N\u00f4ng S\u1ea3n S\u1ea1ch Th\u00e1i Nguy\u00ean","isPartOf":{"@id":"https:\/\/nongsansachthainguyen.com\/#website"},"primaryImageOfPage":{"@id":"https:\/\/nongsansachthainguyen.com\/san-pham\/tra-xanh-dac-san-thai-nguyen\/#primaryimage"},"image":{"@id":"https:\/\/nongsansachthainguyen.com\/san-pham\/tra-xanh-dac-san-thai-nguyen\/#primaryimage"},"thumbnailUrl":"https:\/\/nongsansachthainguyen.com\/wp-content\/uploads\/2020\/12\/Screenshot-2023-05-22-at-23.01.05.png","datePublished":"2020-12-05T14:59:06+00:00","dateModified":"2023-06-02T16:55:11+00:00","breadcrumb":{"@id":"https:\/\/nongsansachthainguyen.com\/san-pham\/tra-xanh-dac-san-thai-nguyen\/#breadcrumb"},"inLanguage":"en-US","potentialAction":[{"@type":"ReadAction","target":["https:\/\/nongsansachthainguyen.com\/san-pham\/tra-xanh-dac-san-thai-nguyen\/"]}]},{"@type":"ImageObject","inLanguage":"en-US","@id":"https:\/\/nongsansachthainguyen.com\/san-pham\/tra-xanh-dac-san-thai-nguyen\/#primaryimage","url":"https:\/\/nongsansachthainguyen.com\/wp-content\/uploads\/2020\/12\/Screenshot-2023-05-22-at-23.01.05.png","contentUrl":"https:\/\/nongsansachthainguyen.com\/wp-content\/uploads\/2020\/12\/Screenshot-2023-05-22-at-23.01.05.png","width":484,"height":726},{"@type":"BreadcrumbList","@id":"https:\/\/nongsansachthainguyen.com\/san-pham\/tra-xanh-dac-san-thai-nguyen\/#breadcrumb","itemListElement":[{"@type":"ListItem","position":1,"name":"Trang ch\u1ee7","item":"https:\/\/nongsansachthainguyen.com\/"},{"@type":"ListItem","position":2,"name":"C\u1eeda h\u00e0ng","item":"https:\/\/nongsansachthainguyen.com\/cua-hang\/"},{"@type":"ListItem","position":3,"name":"Tr\u00e0 &#8220;M\u00f3c C\u00e2u&#8221; Ant-co ( Ant-co Moc Cau Tea)"}]},{"@type":"WebSite","@id":"https:\/\/nongsansachthainguyen.com\/#website","url":"https:\/\/nongsansachthainguyen.com\/","name":"N\u00f4ng S\u1ea3n S\u1ea1ch Th\u00e1i Nguy\u00ean","description":"","potentialAction":[{"@type":"SearchAction","target":{"@type":"EntryPoint","urlTemplate":"https:\/\/nongsansachthainguyen.com\/?s={search_term_string}"},"query-input":"required name=search_term_string"}],"inLanguage":"en-US"}]}},"_links":{"self":[{"href":"https:\/\/nongsansachthainguyen.com\/en\/wp-json\/wp\/v2\/product\/48"}],"collection":[{"href":"https:\/\/nongsansachthainguyen.com\/en\/wp-json\/wp\/v2\/product"}],"about":[{"href":"https:\/\/nongsansachthainguyen.com\/en\/wp-json\/wp\/v2\/types\/product"}],"replies":[{"embeddable":true,"href":"https:\/\/nongsansachthainguyen.com\/en\/wp-json\/wp\/v2\/comments?post=48"}],"wp:featuredmedia":[{"embeddable":true,"href":"https:\/\/nongsansachthainguyen.com\/en\/wp-json\/wp\/v2\/media\/851"}],"wp:attachment":[{"href":"https:\/\/nongsansachthainguyen.com\/en\/wp-json\/wp\/v2\/media?parent=48"}],"wp:term":[{"taxonomy":"product_cat","embeddable":true,"href":"https:\/\/nongsansachthainguyen.com\/en\/wp-json\/wp\/v2\/product_cat?post=48"},{"taxonomy":"product_tag","embeddable":true,"href":"https:\/\/nongsansachthainguyen.com\/en\/wp-json\/wp\/v2\/product_tag?post=48"}],"curies":[{"name":"wp","href":"https:\/\/api.w.org\/{rel}","templated":true}]}}