{"id":386,"date":"2021-09-24T05:40:16","date_gmt":"2021-09-24T05:40:16","guid":{"rendered":"http:\/\/nongsansachthainguyen.com\/?post_type=product&#038;p=386"},"modified":"2023-06-02T16:53:38","modified_gmt":"2023-06-02T16:53:38","slug":"ant-co-huong-non-tra","status":"publish","type":"product","link":"https:\/\/nongsansachthainguyen.com\/en\/product\/ant-co-huong-non-tra\/","title":{"rendered":"Ant-co \"Huong Non\" Tea"},"content":{"rendered":"<p><span style=\"font-weight: 400;\">Ant-co Huong non tea is considered one of the quintessence of Vietnamese tea. Huong Non Tea brings a gentle, quiet tea-drinking style and is equally attractive in its own story.&nbsp;<\/span><\/p>\n<p>&nbsp;<\/p>\n<p><span style=\"font-weight: 400;\">Huong Non Tea stands out from other teas in three factors:<\/span><\/p>\n<ul>\n<li style=\"font-weight: 400;\" aria-level=\"1\"><span style=\"font-weight: 400;\">Natural conditions: Huong Non Tea has very high requirements on soil, climate, and heat radiation factors.&nbsp;<\/span><\/li>\n<li style=\"font-weight: 400;\" aria-level=\"1\"><span style=\"font-weight: 400;\">How to harvest: The word \u201cNon\u201d has suggested the fragility, lightness, and greenest possible of tea buds. Harvesting Huong Non tea can only use 1 bud of 1 leaf or 1 bud of 2 leaves. If you use the third leaf, the color and flavor of the tea will change a lot because the tea buds are delicious because of the newly sprouted green buds of the tea tree.<\/span><\/li>\n<li style=\"font-weight: 400;\" aria-level=\"1\"><span style=\"font-weight: 400;\">How to make tea: Making tea is a traditional technique preserved from generation to generation.\nStaring and grinding: This stage must be continuously maintained, often called staring throughout. The artisan uses his hand to copy manually, so he will feel the heat of the tea leaves and adjust the fire accordingly. This is the decisive factor in making the unique feature of each different type of shrimp paste.<\/span><\/li>\n<\/ul>\n<p><span style=\"font-weight: 400;\">&nbsp;&nbsp;&nbsp;&nbsp;<\/span><\/p>\n<p><span style=\"font-weight: 400;\">It is the strict requirements from outside the tea hill to on the fire that the finished product is beautiful and firm, the wings are as small as a grain of rice and are almost the same. If you miss the North too much, you can hold Huong Non tea to enjoy the natural flavor of nuggets emanating from this quintessential tea.<\/span><\/p>\n<p>&nbsp;&nbsp;<\/p>\n<p><em>Huong Non Ant-Co Tea products have barcode number: 8938542011074&nbsp;<\/em><\/p>\n<p><img loading=\"lazy\" decoding=\"async\" class=\"alignnone size-medium wp-image-574 aligncenter\" src=\"http:\/\/nongsansachthainguyen.com\/wp-content\/uploads\/2021\/09\/z2879011319791_b17a9199de16a5df9241aec01943c322-300x201.jpg\" alt=\"\" width=\"300\" height=\"201\" srcset=\"https:\/\/nongsansachthainguyen.com\/wp-content\/uploads\/2021\/09\/z2879011319791_b17a9199de16a5df9241aec01943c322-300x201.jpg 300w, https:\/\/nongsansachthainguyen.com\/wp-content\/uploads\/2021\/09\/z2879011319791_b17a9199de16a5df9241aec01943c322.jpg 402w\" sizes=\"(max-width: 300px) 100vw, 300px\" \/><\/p>","protected":false},"excerpt":{"rendered":"<p><span style=\"font-weight: 400;\">Brand: \u201cH\u01b0\u01a1ng N\u00f5n\u201d Green Tea Ant-Co<\/span><\/p>\n<p><span style=\"font-weight: 400;\">Weight: 10g, 100g, 200g, 500g.<\/span><\/p>\n<p><span style=\"font-weight: 400;\">Produced in Thai Nguyen City<\/span><\/p>\n<p><span style=\"font-weight: 400;\">Huong Non Ant-Co Tea products have barcode number: 8938542011074<\/span><\/p>","protected":false},"featured_media":849,"comment_status":"open","ping_status":"closed","template":"","meta":{"_acf_changed":false,"ngg_post_thumbnail":0},"product_cat":[17],"product_tag":[22,24,29,56,102,104],"class_list":{"0":"post-386","1":"product","2":"type-product","3":"status-publish","4":"has-post-thumbnail","6":"product_cat-tra-va-cac-san-pham-tu-tra","7":"product_tag-tra","8":"product_tag-tea","9":"product_tag-che","10":"product_tag-huong-non","11":"product_tag-green-tea","12":"product_tag-huong-non-tea","14":"first","15":"instock","16":"shipping-taxable","17":"product-type-simple"},"acf":[],"yoast_head":"<!-- This site is optimized with the Yoast SEO plugin v23.2 - https:\/\/yoast.com\/wordpress\/plugins\/seo\/ -->\n<title>Tr\u00e0 &quot;H\u01b0\u01a1ng N\u00f5n&quot; Ant-co (Ant-co Huong Non Tea) - N\u00f4ng S\u1ea3n S\u1ea1ch Th\u00e1i Nguy\u00ean<\/title>\n<meta name=\"robots\" content=\"index, follow, max-snippet:-1, max-image-preview:large, max-video-preview:-1\" \/>\n<link rel=\"canonical\" href=\"https:\/\/nongsansachthainguyen.com\/en\/product\/ant-co-huong-non-tra\/\" \/>\n<meta property=\"og:locale\" content=\"en_US\" \/>\n<meta property=\"og:type\" content=\"article\" \/>\n<meta property=\"og:title\" content=\"Tr\u00e0 &quot;H\u01b0\u01a1ng N\u00f5n&quot; Ant-co (Ant-co Huong Non Tea) - N\u00f4ng S\u1ea3n S\u1ea1ch Th\u00e1i Nguy\u00ean\" \/>\n<meta property=\"og:description\" content=\"Th\u01b0\u01a1ng hi\u1ec7u: Tr\u00e0 H\u01b0\u01a1ng N\u00f5n Ant-co  Tr\u1ecdng l\u01b0\u1ee3ng: 10g, 100g, 200g, 500g  S\u1ea3n xu\u1ea5t t\u1ea1i: Th\u00e1i Nguy\u00ean  S\u1ea3n ph\u1ea9m Tr\u00e0 h\u01b0\u01a1ng n\u00f5n Ant-Co c\u00f3 m\u00e3 s\u1ed1 m\u00e3 v\u1ea1ch: 8938542011074\" \/>\n<meta property=\"og:url\" content=\"https:\/\/nongsansachthainguyen.com\/en\/product\/ant-co-huong-non-tra\/\" \/>\n<meta property=\"og:site_name\" content=\"N\u00f4ng S\u1ea3n S\u1ea1ch Th\u00e1i Nguy\u00ean\" \/>\n<meta property=\"article:modified_time\" content=\"2023-06-02T16:53:38+00:00\" \/>\n<meta property=\"og:image\" content=\"https:\/\/nongsansachthainguyen.com\/wp-content\/uploads\/2021\/09\/Screenshot-2023-05-22-at-23.01.40.png\" \/>\n\t<meta property=\"og:image:width\" content=\"484\" \/>\n\t<meta property=\"og:image:height\" content=\"728\" \/>\n\t<meta property=\"og:image:type\" content=\"image\/png\" \/>\n<meta name=\"twitter:card\" content=\"summary_large_image\" \/>\n<meta name=\"twitter:label1\" content=\"Est. reading time\" \/>\n\t<meta name=\"twitter:data1\" content=\"2 minutes\" \/>\n<script type=\"application\/ld+json\" class=\"yoast-schema-graph\">{\"@context\":\"https:\/\/schema.org\",\"@graph\":[{\"@type\":\"WebPage\",\"@id\":\"https:\/\/nongsansachthainguyen.com\/san-pham\/ant-co-huong-non-tra\/\",\"url\":\"https:\/\/nongsansachthainguyen.com\/san-pham\/ant-co-huong-non-tra\/\",\"name\":\"Tr\u00e0 \\\"H\u01b0\u01a1ng N\u00f5n\\\" Ant-co (Ant-co Huong Non Tea) - N\u00f4ng S\u1ea3n S\u1ea1ch Th\u00e1i Nguy\u00ean\",\"isPartOf\":{\"@id\":\"https:\/\/nongsansachthainguyen.com\/#website\"},\"primaryImageOfPage\":{\"@id\":\"https:\/\/nongsansachthainguyen.com\/san-pham\/ant-co-huong-non-tra\/#primaryimage\"},\"image\":{\"@id\":\"https:\/\/nongsansachthainguyen.com\/san-pham\/ant-co-huong-non-tra\/#primaryimage\"},\"thumbnailUrl\":\"https:\/\/nongsansachthainguyen.com\/wp-content\/uploads\/2021\/09\/Screenshot-2023-05-22-at-23.01.40.png\",\"datePublished\":\"2021-09-24T05:40:16+00:00\",\"dateModified\":\"2023-06-02T16:53:38+00:00\",\"breadcrumb\":{\"@id\":\"https:\/\/nongsansachthainguyen.com\/san-pham\/ant-co-huong-non-tra\/#breadcrumb\"},\"inLanguage\":\"en-US\",\"potentialAction\":[{\"@type\":\"ReadAction\",\"target\":[\"https:\/\/nongsansachthainguyen.com\/san-pham\/ant-co-huong-non-tra\/\"]}]},{\"@type\":\"ImageObject\",\"inLanguage\":\"en-US\",\"@id\":\"https:\/\/nongsansachthainguyen.com\/san-pham\/ant-co-huong-non-tra\/#primaryimage\",\"url\":\"https:\/\/nongsansachthainguyen.com\/wp-content\/uploads\/2021\/09\/Screenshot-2023-05-22-at-23.01.40.png\",\"contentUrl\":\"https:\/\/nongsansachthainguyen.com\/wp-content\/uploads\/2021\/09\/Screenshot-2023-05-22-at-23.01.40.png\",\"width\":484,\"height\":728},{\"@type\":\"BreadcrumbList\",\"@id\":\"https:\/\/nongsansachthainguyen.com\/san-pham\/ant-co-huong-non-tra\/#breadcrumb\",\"itemListElement\":[{\"@type\":\"ListItem\",\"position\":1,\"name\":\"Trang ch\u1ee7\",\"item\":\"https:\/\/nongsansachthainguyen.com\/\"},{\"@type\":\"ListItem\",\"position\":2,\"name\":\"C\u1eeda h\u00e0ng\",\"item\":\"https:\/\/nongsansachthainguyen.com\/cua-hang\/\"},{\"@type\":\"ListItem\",\"position\":3,\"name\":\"Tr\u00e0 &#8220;H\u01b0\u01a1ng N\u00f5n&#8221; Ant-co (Ant-co Huong Non Tea)\"}]},{\"@type\":\"WebSite\",\"@id\":\"https:\/\/nongsansachthainguyen.com\/#website\",\"url\":\"https:\/\/nongsansachthainguyen.com\/\",\"name\":\"N\u00f4ng S\u1ea3n S\u1ea1ch Th\u00e1i Nguy\u00ean\",\"description\":\"\",\"potentialAction\":[{\"@type\":\"SearchAction\",\"target\":{\"@type\":\"EntryPoint\",\"urlTemplate\":\"https:\/\/nongsansachthainguyen.com\/?s={search_term_string}\"},\"query-input\":\"required name=search_term_string\"}],\"inLanguage\":\"en-US\"}]}<\/script>\n<!-- \/ Yoast SEO plugin. -->","yoast_head_json":{"title":"Tr\u00e0 \"H\u01b0\u01a1ng N\u00f5n\" Ant-co (Ant-co Huong Non Tea) - N\u00f4ng S\u1ea3n S\u1ea1ch Th\u00e1i Nguy\u00ean","robots":{"index":"index","follow":"follow","max-snippet":"max-snippet:-1","max-image-preview":"max-image-preview:large","max-video-preview":"max-video-preview:-1"},"canonical":"https:\/\/nongsansachthainguyen.com\/en\/product\/ant-co-huong-non-tra\/","og_locale":"en_US","og_type":"article","og_title":"Tr\u00e0 \"H\u01b0\u01a1ng N\u00f5n\" Ant-co (Ant-co Huong Non Tea) - N\u00f4ng S\u1ea3n S\u1ea1ch Th\u00e1i Nguy\u00ean","og_description":"Th\u01b0\u01a1ng hi\u1ec7u: Tr\u00e0 H\u01b0\u01a1ng N\u00f5n Ant-co  Tr\u1ecdng l\u01b0\u1ee3ng: 10g, 100g, 200g, 500g  S\u1ea3n xu\u1ea5t t\u1ea1i: Th\u00e1i Nguy\u00ean  S\u1ea3n ph\u1ea9m Tr\u00e0 h\u01b0\u01a1ng n\u00f5n Ant-Co c\u00f3 m\u00e3 s\u1ed1 m\u00e3 v\u1ea1ch: 8938542011074","og_url":"https:\/\/nongsansachthainguyen.com\/en\/product\/ant-co-huong-non-tra\/","og_site_name":"N\u00f4ng S\u1ea3n S\u1ea1ch Th\u00e1i Nguy\u00ean","article_modified_time":"2023-06-02T16:53:38+00:00","og_image":[{"width":484,"height":728,"url":"https:\/\/nongsansachthainguyen.com\/wp-content\/uploads\/2021\/09\/Screenshot-2023-05-22-at-23.01.40.png","type":"image\/png"}],"twitter_card":"summary_large_image","twitter_misc":{"Est. reading time":"2 minutes"},"schema":{"@context":"https:\/\/schema.org","@graph":[{"@type":"WebPage","@id":"https:\/\/nongsansachthainguyen.com\/san-pham\/ant-co-huong-non-tra\/","url":"https:\/\/nongsansachthainguyen.com\/san-pham\/ant-co-huong-non-tra\/","name":"Tr\u00e0 \"H\u01b0\u01a1ng N\u00f5n\" Ant-co (Ant-co Huong Non Tea) - N\u00f4ng S\u1ea3n S\u1ea1ch Th\u00e1i Nguy\u00ean","isPartOf":{"@id":"https:\/\/nongsansachthainguyen.com\/#website"},"primaryImageOfPage":{"@id":"https:\/\/nongsansachthainguyen.com\/san-pham\/ant-co-huong-non-tra\/#primaryimage"},"image":{"@id":"https:\/\/nongsansachthainguyen.com\/san-pham\/ant-co-huong-non-tra\/#primaryimage"},"thumbnailUrl":"https:\/\/nongsansachthainguyen.com\/wp-content\/uploads\/2021\/09\/Screenshot-2023-05-22-at-23.01.40.png","datePublished":"2021-09-24T05:40:16+00:00","dateModified":"2023-06-02T16:53:38+00:00","breadcrumb":{"@id":"https:\/\/nongsansachthainguyen.com\/san-pham\/ant-co-huong-non-tra\/#breadcrumb"},"inLanguage":"en-US","potentialAction":[{"@type":"ReadAction","target":["https:\/\/nongsansachthainguyen.com\/san-pham\/ant-co-huong-non-tra\/"]}]},{"@type":"ImageObject","inLanguage":"en-US","@id":"https:\/\/nongsansachthainguyen.com\/san-pham\/ant-co-huong-non-tra\/#primaryimage","url":"https:\/\/nongsansachthainguyen.com\/wp-content\/uploads\/2021\/09\/Screenshot-2023-05-22-at-23.01.40.png","contentUrl":"https:\/\/nongsansachthainguyen.com\/wp-content\/uploads\/2021\/09\/Screenshot-2023-05-22-at-23.01.40.png","width":484,"height":728},{"@type":"BreadcrumbList","@id":"https:\/\/nongsansachthainguyen.com\/san-pham\/ant-co-huong-non-tra\/#breadcrumb","itemListElement":[{"@type":"ListItem","position":1,"name":"Trang ch\u1ee7","item":"https:\/\/nongsansachthainguyen.com\/"},{"@type":"ListItem","position":2,"name":"C\u1eeda h\u00e0ng","item":"https:\/\/nongsansachthainguyen.com\/cua-hang\/"},{"@type":"ListItem","position":3,"name":"Tr\u00e0 &#8220;H\u01b0\u01a1ng N\u00f5n&#8221; Ant-co (Ant-co Huong Non Tea)"}]},{"@type":"WebSite","@id":"https:\/\/nongsansachthainguyen.com\/#website","url":"https:\/\/nongsansachthainguyen.com\/","name":"N\u00f4ng S\u1ea3n S\u1ea1ch Th\u00e1i Nguy\u00ean","description":"","potentialAction":[{"@type":"SearchAction","target":{"@type":"EntryPoint","urlTemplate":"https:\/\/nongsansachthainguyen.com\/?s={search_term_string}"},"query-input":"required name=search_term_string"}],"inLanguage":"en-US"}]}},"_links":{"self":[{"href":"https:\/\/nongsansachthainguyen.com\/en\/wp-json\/wp\/v2\/product\/386"}],"collection":[{"href":"https:\/\/nongsansachthainguyen.com\/en\/wp-json\/wp\/v2\/product"}],"about":[{"href":"https:\/\/nongsansachthainguyen.com\/en\/wp-json\/wp\/v2\/types\/product"}],"replies":[{"embeddable":true,"href":"https:\/\/nongsansachthainguyen.com\/en\/wp-json\/wp\/v2\/comments?post=386"}],"wp:featuredmedia":[{"embeddable":true,"href":"https:\/\/nongsansachthainguyen.com\/en\/wp-json\/wp\/v2\/media\/849"}],"wp:attachment":[{"href":"https:\/\/nongsansachthainguyen.com\/en\/wp-json\/wp\/v2\/media?parent=386"}],"wp:term":[{"taxonomy":"product_cat","embeddable":true,"href":"https:\/\/nongsansachthainguyen.com\/en\/wp-json\/wp\/v2\/product_cat?post=386"},{"taxonomy":"product_tag","embeddable":true,"href":"https:\/\/nongsansachthainguyen.com\/en\/wp-json\/wp\/v2\/product_tag?post=386"}],"curies":[{"name":"wp","href":"https:\/\/api.w.org\/{rel}","templated":true}]}}