{"id":384,"date":"2021-09-24T05:11:42","date_gmt":"2021-09-24T05:11:42","guid":{"rendered":"http:\/\/nongsansachthainguyen.com\/?post_type=product&#038;p=384"},"modified":"2023-06-08T15:29:04","modified_gmt":"2023-06-08T15:29:04","slug":"tinh-bot-cai-bo-xoi-ant-co","status":"publish","type":"product","link":"https:\/\/nongsansachthainguyen.com\/en\/product\/tinh-bot-cai-bo-xoi-ant-co\/","title":{"rendered":"Ant-Co Spinach Powder"},"content":{"rendered":"<p><span style=\"font-weight: 400;\">Ingredients:<\/span><\/p>\n<ul>\n<li style=\"font-weight: 400;\" aria-level=\"1\"><span style=\"font-weight: 400;\">100% spinach. Cold Dried to keep the color of fresh vegetables.<\/span><\/li>\n<li style=\"font-weight: 400;\" aria-level=\"1\"><span style=\"font-weight: 400;\">Spinach is also known by many other names such as spinach, spinach, temple vegetables, spinach...&nbsp;<\/span><\/li>\n<\/ul>\n<p><span style=\"font-weight: 400;\">Uses:<\/span><\/p>\n<ul>\n<li style=\"font-weight: 400;\" aria-level=\"1\"><span style=\"font-weight: 400;\">Is a product used to replace fresh spinach.<\/span><\/li>\n<li style=\"font-weight: 400;\" aria-level=\"1\"><span style=\"font-weight: 400;\">Provides the body with many nutrients, good for pregnant women.<\/span><\/li>\n<li style=\"font-weight: 400;\" aria-level=\"1\"><span style=\"font-weight: 400;\">Anti-inflammatory, prevents cancer. Improve immune system. Preventing cancer,  (especially prostate cancer) including ovarian cancer in women.<\/span><\/li>\n<li><span style=\"font-weight: 400;\">Limit obesity because vegetables contain many minerals and fiber. Has the effect of weight loss, Good for dieters  and fats because of the substances in 1 cup of spinach powder to help alkaline and balance diet with high acidity causing obesity.<\/span><\/li>\n<li><span style=\"font-weight: 400;\">Help strengthen bones<\/span><\/li>\n<li><span style=\"font-weight: 400;\">Good for eyes, improve eyesight, and support night blindness.<\/span><\/li>\n<li><span style=\"font-weight: 400;\">Prevention of diabetes.<\/span><\/li>\n<li><span style=\"font-weight: 400;\">Supplement blood, Protect the heart, stabilize blood pressure.<\/span><\/li>\n<li><span style=\"font-weight: 400;\">Supports the digestive system, prevents constipation.<\/span><\/li>\n<li><span style=\"font-weight: 400;\"><span style=\"font-weight: 400;\">They\u2019re packed with vitamin C, a powerful antioxidant, and spinach is also rich in folate, which helps maintain healthy ADN.<\/span><\/span><\/li>\n<\/ul>\n<p>How to use:<\/p>\n<ul>\n<li style=\"font-weight: 400;\" aria-level=\"1\"><span style=\"font-weight: 400;\">Use 1 pack of 2g, add a little warm water (just enough to wet the powder). Then add about 180-200ml of warm water, stir until dissolved and drink immediately. Or add honey\/sugar depending on preference.<\/span><\/li>\n<li style=\"font-weight: 400;\" aria-level=\"1\"><span style=\"font-weight: 400;\">Soluble powder can be used in dishes: Nutritional porridge\u2026<\/span><\/li>\n<li style=\"font-weight: 400;\" aria-level=\"1\"><span style=\"font-weight: 400;\">Used in baking and preparation.&nbsp;<\/span><\/li>\n<li style=\"font-weight: 400;\" aria-level=\"1\"><span style=\"font-weight: 400;\">Used in cooking such as fried rice, fried eggs, porridge, soup\u2026&nbsp;<\/span><\/li>\n<li style=\"font-weight: 400;\" aria-level=\"1\"><span style=\"font-weight: 400;\">Used for children when added to powdered food, as drinking water.&nbsp;<\/span><\/li>\n<li style=\"font-weight: 400;\" aria-level=\"1\"><span style=\"font-weight: 400;\">Used for the elderly who cannot chew, need to add vegetables.&nbsp;<\/span><\/li>\n<li style=\"font-weight: 400;\" aria-level=\"1\"><span style=\"font-weight: 400;\">Mix powder with unsweetened yogurt \/ honey \/ fresh milk without sugar \u2026 create a paste to apply on the face twice a week to help improve skin, effectively nourishing skin.&nbsp;<\/span><\/li>\n<\/ul>\n<p><span style=\"font-weight: 400;\">Preserve:<\/span><\/p>\n<p><span style=\"font-weight: 400;\">Store tightly closed, in a dry place, away from direct light.<\/span><\/p>\n<p><span style=\"font-weight: 400;\">Recommendation:<\/span><\/p>\n<ul>\n<li><span style=\"font-weight: 400;\">People with kidney disease should not eat spinach.<\/span><\/li>\n<li><span style=\"font-weight: 400;\">Those who have \u201cdiseases\u201d of blood clotting are to limit their use.<\/span><\/li>\n<\/ul>","protected":false},"excerpt":{"rendered":"<p><span style=\"font-weight: 400;\">Brand: Ant-Co<\/span><\/p>\n<p><span style=\"font-weight: 400;\">Weight: 70 grams (2g\/pack x 35 packs\/box), 100 grams, 500 grams<\/span><\/p>\n<p><span style=\"font-weight: 400;\">Produced by: Thai Nguyen Agricultural Cooperation Union<\/span><\/p>\n<p><span style=\"font-weight: 400;\">Made in: Thai Nguyen, Viet Nam<\/span><\/p>\n<p><span style=\"font-weight: 400;\">Ant-Co Spinach Powder with Product Barcode: 8938542011166<\/span><\/p>","protected":false},"featured_media":402,"comment_status":"open","ping_status":"closed","template":"","meta":{"_acf_changed":false,"ngg_post_thumbnail":0},"product_cat":[19],"product_tag":[53,54,125,126],"class_list":{"0":"post-384","1":"product","2":"type-product","3":"status-publish","4":"has-post-thumbnail","6":"product_cat-duoc-lieu-tinh-bot-rau","7":"product_tag-cai-bo-xoi","8":"product_tag-bot-cai-bo-xoi","9":"product_tag-spinach","10":"product_tag-spinach-powder","12":"first","13":"instock","14":"shipping-taxable","15":"product-type-simple"},"acf":[],"yoast_head":"<!-- This site is optimized with the Yoast SEO plugin v23.2 - https:\/\/yoast.com\/wordpress\/plugins\/seo\/ -->\n<title>Tinh b\u1ed9t c\u1ea3i b\u00f3 x\u00f4i Ant-co - N\u00f4ng S\u1ea3n S\u1ea1ch Th\u00e1i Nguy\u00ean<\/title>\n<meta name=\"robots\" content=\"index, follow, max-snippet:-1, max-image-preview:large, max-video-preview:-1\" \/>\n<link rel=\"canonical\" href=\"https:\/\/nongsansachthainguyen.com\/en\/product\/tinh-bot-cai-bo-xoi-ant-co\/\" \/>\n<meta property=\"og:locale\" content=\"en_US\" \/>\n<meta property=\"og:type\" content=\"article\" \/>\n<meta property=\"og:title\" content=\"Tinh b\u1ed9t c\u1ea3i b\u00f3 x\u00f4i Ant-co - N\u00f4ng S\u1ea3n S\u1ea1ch Th\u00e1i Nguy\u00ean\" \/>\n<meta property=\"og:description\" content=\"Th\u01b0\u01a1ng hi\u1ec7u: Ant-Co  Tr\u1ecdng l\u01b0\u1ee3ng: 70 gram (2gr\/ g\u00f3i x 35 g\u00f3i\/ h\u1ed9p), 100 gram, 500 gram  S\u1ea3n xu\u1ea5t b\u1edfi: Li\u00ean hi\u1ec7p H\u1ee3p t\u00e1c x\u00e3 n\u00f4ng s\u1ea3n Th\u00e1i Nguy\u00ean  S\u1ea3n xu\u1ea5t t\u1ea1i: Th\u00e1i Nguy\u00ean, Vi\u1ec7t Nam  S\u1ea3n ph\u1ea9m Tinh b\u1ed9t c\u1ea3i b\u00f3 x\u00f4i Ant-Co c\u00f3 M\u00e3 s\u1ed1 M\u00e3 v\u1ea1ch s\u1ea3n ph\u1ea9m: 8938542011166\" \/>\n<meta property=\"og:url\" content=\"https:\/\/nongsansachthainguyen.com\/en\/product\/tinh-bot-cai-bo-xoi-ant-co\/\" \/>\n<meta property=\"og:site_name\" content=\"N\u00f4ng S\u1ea3n S\u1ea1ch Th\u00e1i Nguy\u00ean\" \/>\n<meta property=\"article:modified_time\" content=\"2023-06-08T15:29:04+00:00\" \/>\n<meta property=\"og:image\" content=\"https:\/\/nongsansachthainguyen.com\/wp-content\/uploads\/2021\/09\/z2788936732370_e743c82f073ff999d8662b096807a418-e1633147599981.jpg\" \/>\n\t<meta property=\"og:image:width\" content=\"737\" \/>\n\t<meta property=\"og:image:height\" content=\"708\" \/>\n\t<meta property=\"og:image:type\" content=\"image\/jpeg\" \/>\n<meta name=\"twitter:card\" content=\"summary_large_image\" \/>\n<meta name=\"twitter:label1\" content=\"Est. reading time\" \/>\n\t<meta name=\"twitter:data1\" content=\"3 minutes\" \/>\n<script type=\"application\/ld+json\" class=\"yoast-schema-graph\">{\"@context\":\"https:\/\/schema.org\",\"@graph\":[{\"@type\":\"WebPage\",\"@id\":\"https:\/\/nongsansachthainguyen.com\/san-pham\/tinh-bot-cai-bo-xoi-ant-co\/\",\"url\":\"https:\/\/nongsansachthainguyen.com\/san-pham\/tinh-bot-cai-bo-xoi-ant-co\/\",\"name\":\"Tinh b\u1ed9t c\u1ea3i b\u00f3 x\u00f4i Ant-co - N\u00f4ng S\u1ea3n S\u1ea1ch Th\u00e1i Nguy\u00ean\",\"isPartOf\":{\"@id\":\"https:\/\/nongsansachthainguyen.com\/#website\"},\"primaryImageOfPage\":{\"@id\":\"https:\/\/nongsansachthainguyen.com\/san-pham\/tinh-bot-cai-bo-xoi-ant-co\/#primaryimage\"},\"image\":{\"@id\":\"https:\/\/nongsansachthainguyen.com\/san-pham\/tinh-bot-cai-bo-xoi-ant-co\/#primaryimage\"},\"thumbnailUrl\":\"https:\/\/nongsansachthainguyen.com\/wp-content\/uploads\/2021\/09\/z2788936732370_e743c82f073ff999d8662b096807a418-e1633147599981.jpg\",\"datePublished\":\"2021-09-24T05:11:42+00:00\",\"dateModified\":\"2023-06-08T15:29:04+00:00\",\"breadcrumb\":{\"@id\":\"https:\/\/nongsansachthainguyen.com\/san-pham\/tinh-bot-cai-bo-xoi-ant-co\/#breadcrumb\"},\"inLanguage\":\"en-US\",\"potentialAction\":[{\"@type\":\"ReadAction\",\"target\":[\"https:\/\/nongsansachthainguyen.com\/san-pham\/tinh-bot-cai-bo-xoi-ant-co\/\"]}]},{\"@type\":\"ImageObject\",\"inLanguage\":\"en-US\",\"@id\":\"https:\/\/nongsansachthainguyen.com\/san-pham\/tinh-bot-cai-bo-xoi-ant-co\/#primaryimage\",\"url\":\"https:\/\/nongsansachthainguyen.com\/wp-content\/uploads\/2021\/09\/z2788936732370_e743c82f073ff999d8662b096807a418-e1633147599981.jpg\",\"contentUrl\":\"https:\/\/nongsansachthainguyen.com\/wp-content\/uploads\/2021\/09\/z2788936732370_e743c82f073ff999d8662b096807a418-e1633147599981.jpg\",\"width\":737,\"height\":708},{\"@type\":\"BreadcrumbList\",\"@id\":\"https:\/\/nongsansachthainguyen.com\/san-pham\/tinh-bot-cai-bo-xoi-ant-co\/#breadcrumb\",\"itemListElement\":[{\"@type\":\"ListItem\",\"position\":1,\"name\":\"Trang ch\u1ee7\",\"item\":\"https:\/\/nongsansachthainguyen.com\/\"},{\"@type\":\"ListItem\",\"position\":2,\"name\":\"C\u1eeda h\u00e0ng\",\"item\":\"https:\/\/nongsansachthainguyen.com\/cua-hang\/\"},{\"@type\":\"ListItem\",\"position\":3,\"name\":\"Tinh b\u1ed9t c\u1ea3i b\u00f3 x\u00f4i Ant-co\"}]},{\"@type\":\"WebSite\",\"@id\":\"https:\/\/nongsansachthainguyen.com\/#website\",\"url\":\"https:\/\/nongsansachthainguyen.com\/\",\"name\":\"N\u00f4ng S\u1ea3n S\u1ea1ch Th\u00e1i Nguy\u00ean\",\"description\":\"\",\"potentialAction\":[{\"@type\":\"SearchAction\",\"target\":{\"@type\":\"EntryPoint\",\"urlTemplate\":\"https:\/\/nongsansachthainguyen.com\/?s={search_term_string}\"},\"query-input\":\"required name=search_term_string\"}],\"inLanguage\":\"en-US\"}]}<\/script>\n<!-- \/ Yoast SEO plugin. -->","yoast_head_json":{"title":"Tinh b\u1ed9t c\u1ea3i b\u00f3 x\u00f4i Ant-co - N\u00f4ng S\u1ea3n S\u1ea1ch Th\u00e1i Nguy\u00ean","robots":{"index":"index","follow":"follow","max-snippet":"max-snippet:-1","max-image-preview":"max-image-preview:large","max-video-preview":"max-video-preview:-1"},"canonical":"https:\/\/nongsansachthainguyen.com\/en\/product\/tinh-bot-cai-bo-xoi-ant-co\/","og_locale":"en_US","og_type":"article","og_title":"Tinh b\u1ed9t c\u1ea3i b\u00f3 x\u00f4i Ant-co - N\u00f4ng S\u1ea3n S\u1ea1ch Th\u00e1i Nguy\u00ean","og_description":"Th\u01b0\u01a1ng hi\u1ec7u: Ant-Co  Tr\u1ecdng l\u01b0\u1ee3ng: 70 gram (2gr\/ g\u00f3i x 35 g\u00f3i\/ h\u1ed9p), 100 gram, 500 gram  S\u1ea3n xu\u1ea5t b\u1edfi: Li\u00ean hi\u1ec7p H\u1ee3p t\u00e1c x\u00e3 n\u00f4ng s\u1ea3n Th\u00e1i Nguy\u00ean  S\u1ea3n xu\u1ea5t t\u1ea1i: Th\u00e1i Nguy\u00ean, Vi\u1ec7t Nam  S\u1ea3n ph\u1ea9m Tinh b\u1ed9t c\u1ea3i b\u00f3 x\u00f4i Ant-Co c\u00f3 M\u00e3 s\u1ed1 M\u00e3 v\u1ea1ch s\u1ea3n ph\u1ea9m: 8938542011166","og_url":"https:\/\/nongsansachthainguyen.com\/en\/product\/tinh-bot-cai-bo-xoi-ant-co\/","og_site_name":"N\u00f4ng S\u1ea3n S\u1ea1ch Th\u00e1i Nguy\u00ean","article_modified_time":"2023-06-08T15:29:04+00:00","og_image":[{"width":737,"height":708,"url":"https:\/\/nongsansachthainguyen.com\/wp-content\/uploads\/2021\/09\/z2788936732370_e743c82f073ff999d8662b096807a418-e1633147599981.jpg","type":"image\/jpeg"}],"twitter_card":"summary_large_image","twitter_misc":{"Est. reading time":"3 minutes"},"schema":{"@context":"https:\/\/schema.org","@graph":[{"@type":"WebPage","@id":"https:\/\/nongsansachthainguyen.com\/san-pham\/tinh-bot-cai-bo-xoi-ant-co\/","url":"https:\/\/nongsansachthainguyen.com\/san-pham\/tinh-bot-cai-bo-xoi-ant-co\/","name":"Tinh b\u1ed9t c\u1ea3i b\u00f3 x\u00f4i Ant-co - N\u00f4ng S\u1ea3n S\u1ea1ch Th\u00e1i Nguy\u00ean","isPartOf":{"@id":"https:\/\/nongsansachthainguyen.com\/#website"},"primaryImageOfPage":{"@id":"https:\/\/nongsansachthainguyen.com\/san-pham\/tinh-bot-cai-bo-xoi-ant-co\/#primaryimage"},"image":{"@id":"https:\/\/nongsansachthainguyen.com\/san-pham\/tinh-bot-cai-bo-xoi-ant-co\/#primaryimage"},"thumbnailUrl":"https:\/\/nongsansachthainguyen.com\/wp-content\/uploads\/2021\/09\/z2788936732370_e743c82f073ff999d8662b096807a418-e1633147599981.jpg","datePublished":"2021-09-24T05:11:42+00:00","dateModified":"2023-06-08T15:29:04+00:00","breadcrumb":{"@id":"https:\/\/nongsansachthainguyen.com\/san-pham\/tinh-bot-cai-bo-xoi-ant-co\/#breadcrumb"},"inLanguage":"en-US","potentialAction":[{"@type":"ReadAction","target":["https:\/\/nongsansachthainguyen.com\/san-pham\/tinh-bot-cai-bo-xoi-ant-co\/"]}]},{"@type":"ImageObject","inLanguage":"en-US","@id":"https:\/\/nongsansachthainguyen.com\/san-pham\/tinh-bot-cai-bo-xoi-ant-co\/#primaryimage","url":"https:\/\/nongsansachthainguyen.com\/wp-content\/uploads\/2021\/09\/z2788936732370_e743c82f073ff999d8662b096807a418-e1633147599981.jpg","contentUrl":"https:\/\/nongsansachthainguyen.com\/wp-content\/uploads\/2021\/09\/z2788936732370_e743c82f073ff999d8662b096807a418-e1633147599981.jpg","width":737,"height":708},{"@type":"BreadcrumbList","@id":"https:\/\/nongsansachthainguyen.com\/san-pham\/tinh-bot-cai-bo-xoi-ant-co\/#breadcrumb","itemListElement":[{"@type":"ListItem","position":1,"name":"Trang ch\u1ee7","item":"https:\/\/nongsansachthainguyen.com\/"},{"@type":"ListItem","position":2,"name":"C\u1eeda h\u00e0ng","item":"https:\/\/nongsansachthainguyen.com\/cua-hang\/"},{"@type":"ListItem","position":3,"name":"Tinh b\u1ed9t c\u1ea3i b\u00f3 x\u00f4i Ant-co"}]},{"@type":"WebSite","@id":"https:\/\/nongsansachthainguyen.com\/#website","url":"https:\/\/nongsansachthainguyen.com\/","name":"N\u00f4ng S\u1ea3n S\u1ea1ch Th\u00e1i Nguy\u00ean","description":"","potentialAction":[{"@type":"SearchAction","target":{"@type":"EntryPoint","urlTemplate":"https:\/\/nongsansachthainguyen.com\/?s={search_term_string}"},"query-input":"required name=search_term_string"}],"inLanguage":"en-US"}]}},"_links":{"self":[{"href":"https:\/\/nongsansachthainguyen.com\/en\/wp-json\/wp\/v2\/product\/384"}],"collection":[{"href":"https:\/\/nongsansachthainguyen.com\/en\/wp-json\/wp\/v2\/product"}],"about":[{"href":"https:\/\/nongsansachthainguyen.com\/en\/wp-json\/wp\/v2\/types\/product"}],"replies":[{"embeddable":true,"href":"https:\/\/nongsansachthainguyen.com\/en\/wp-json\/wp\/v2\/comments?post=384"}],"wp:featuredmedia":[{"embeddable":true,"href":"https:\/\/nongsansachthainguyen.com\/en\/wp-json\/wp\/v2\/media\/402"}],"wp:attachment":[{"href":"https:\/\/nongsansachthainguyen.com\/en\/wp-json\/wp\/v2\/media?parent=384"}],"wp:term":[{"taxonomy":"product_cat","embeddable":true,"href":"https:\/\/nongsansachthainguyen.com\/en\/wp-json\/wp\/v2\/product_cat?post=384"},{"taxonomy":"product_tag","embeddable":true,"href":"https:\/\/nongsansachthainguyen.com\/en\/wp-json\/wp\/v2\/product_tag?post=384"}],"curies":[{"name":"wp","href":"https:\/\/api.w.org\/{rel}","templated":true}]}}