{"id":382,"date":"2021-09-24T05:07:39","date_gmt":"2021-09-24T05:07:39","guid":{"rendered":"http:\/\/nongsansachthainguyen.com\/?post_type=product&#038;p=382"},"modified":"2023-06-08T15:23:30","modified_gmt":"2023-06-08T15:23:30","slug":"tinh-bot-cai-xoan-kale-ant-co","status":"publish","type":"product","link":"https:\/\/nongsansachthainguyen.com\/en\/product\/tinh-bot-cai-xoan-kale-ant-co\/","title":{"rendered":"Ant-Co Kale Powder"},"content":{"rendered":"<p><span style=\"font-weight: 400;\">Ingredients: 100% kale leaves powder.<\/span><\/p>\n<p><span style=\"font-weight: 400;\">Uses:<\/span><\/p>\n<ul>\n<li style=\"font-weight: 400;\" aria-level=\"1\"><span style=\"font-weight: 400;\">Promotes strong heart health<\/span><\/li>\n<li style=\"font-weight: 400;\" aria-level=\"1\"><span style=\"font-weight: 400;\">Support in the treatment of diabetes<\/span><\/li>\n<li style=\"font-weight: 400;\" aria-level=\"1\"><span style=\"font-weight: 400;\">Weight loss<\/span><\/li>\n<li style=\"font-weight: 400;\" aria-level=\"1\"><span style=\"font-weight: 400;\">Cancer Prevention<\/span><\/li>\n<li style=\"font-weight: 400;\" aria-level=\"1\"><span style=\"font-weight: 400;\">Improve eyesight<\/span><\/li>\n<li style=\"font-weight: 400;\" aria-level=\"1\"><span style=\"font-weight: 400;\">Promotes skin and hair health<\/span><\/li>\n<li style=\"font-weight: 400;\" aria-level=\"1\"><span style=\"font-weight: 400;\">Help strengthen bones<\/span><\/li>\n<li style=\"font-weight: 400;\" aria-level=\"1\"><span style=\"font-weight: 400;\">Support the pregnancy process<\/span><\/li>\n<li style=\"font-weight: 400;\" aria-level=\"1\"><span style=\"font-weight: 400;\">Good for the digestive system<\/span><\/li>\n<li style=\"font-weight: 400;\" aria-level=\"1\"><span style=\"font-weight: 400;\">Provides healthy antioxidants<\/span><\/li>\n<li style=\"font-weight: 400;\" aria-level=\"1\"><span style=\"font-weight: 400;\">Good for brain<\/span><\/li>\n<\/ul>\n<p><span style=\"font-weight: 400;\">How to use:<\/span><\/p>\n<ul>\n<li style=\"font-weight: 400;\" aria-level=\"1\"><span style=\"font-weight: 400;\">For direct drinking: Use about 2g of Kale powder, add a little warm water to wet the powder, then add about 200 ml of warm water (70 \u2013 80 degrees) stir to dissolve and use immediately. You can add Honey\/sugar\/milk or make a smoothie, add to fruit juice depending on your preference.<\/span><\/li>\n<li style=\"font-weight: 400;\" aria-level=\"1\"><span style=\"font-weight: 400;\">Use kale powder to cook porridge, baby food powder. Mix into ingredients for making noodles, sponge cakes\u2026.<\/span><\/li>\n<li style=\"font-weight: 400;\" aria-level=\"1\"><span style=\"font-weight: 400;\">Beauty:  Use 2g powder mixed with honey\/yogurt\/unsweetened fresh milk to apply on face 2-3 times\/week to effectively improve skin.<\/span><\/li>\n<\/ul>\n<p><span style=\"font-weight: 400;\">Preserve:<\/span><\/p>\n<p><span style=\"font-weight: 400;\">Keep sealed, protected from light. The product should be stored in the refrigerator after opening the packaging.<\/span><\/p>\n<p><span style=\"font-weight: 400;\">Recommendation:<\/span><\/p>\n<ul>\n<li style=\"font-weight: 400;\" aria-level=\"1\"><span style=\"font-weight: 400;\">Be careful with people who are taking blood thinners and people with kidney disease.<\/span><\/li>\n<li style=\"font-weight: 400;\" aria-level=\"1\"><span style=\"font-weight: 400;\">Do not use for people who are allergic to any of the ingredients in kale.<\/span><\/li>\n<\/ul>","protected":false},"excerpt":{"rendered":"<p><span style=\"font-weight: 400;\">Brand: Ant-Co<\/span><\/p>\n<p><span style=\"font-weight: 400;\">Weight: 70 grams (2g\/pack x 35 packs\/box), 100 grams, 500 grams<\/span><\/p>\n<p><span style=\"font-weight: 400;\">Produced by: Thai Nguyen Agricultural Cooperation Union<\/span><\/p>\n<p><span style=\"font-weight: 400;\">Made in: Thai Nguyen, Viet Nam<\/span><\/p>\n<p><span style=\"font-weight: 400;\">Ant-Co Kale Powder with Product Barcode: 8938542011173<\/span><\/p>","protected":false},"featured_media":405,"comment_status":"open","ping_status":"closed","template":"","meta":{"_acf_changed":false,"ngg_post_thumbnail":0},"product_cat":[19],"product_tag":[47,48,49,50,122],"class_list":{"0":"post-382","1":"product","2":"type-product","3":"status-publish","4":"has-post-thumbnail","6":"product_cat-duoc-lieu-tinh-bot-rau","7":"product_tag-kale","8":"product_tag-cai-xoan","9":"product_tag-bot-cai-kale","10":"product_tag-bot-cai-xoan","11":"product_tag-kale-powder","13":"first","14":"instock","15":"shipping-taxable","16":"product-type-simple"},"acf":[],"yoast_head":"<!-- This site is optimized with the Yoast SEO plugin v23.2 - https:\/\/yoast.com\/wordpress\/plugins\/seo\/ -->\n<title>Tinh b\u1ed9t c\u1ea3i xo\u0103n kale Ant-co - N\u00f4ng S\u1ea3n S\u1ea1ch Th\u00e1i Nguy\u00ean<\/title>\n<meta name=\"robots\" content=\"index, follow, max-snippet:-1, max-image-preview:large, max-video-preview:-1\" \/>\n<link rel=\"canonical\" href=\"https:\/\/nongsansachthainguyen.com\/en\/product\/tinh-bot-cai-xoan-kale-ant-co\/\" \/>\n<meta property=\"og:locale\" content=\"en_US\" \/>\n<meta property=\"og:type\" content=\"article\" \/>\n<meta property=\"og:title\" content=\"Tinh b\u1ed9t c\u1ea3i xo\u0103n kale Ant-co - N\u00f4ng S\u1ea3n S\u1ea1ch Th\u00e1i Nguy\u00ean\" \/>\n<meta property=\"og:description\" content=\"Th\u01b0\u01a1ng hi\u1ec7u: Ant-Co  Tr\u1ecdng l\u01b0\u1ee3ng: 70 gram (2gr\/ g\u00f3i x 35 g\u00f3i\/ h\u1ed9p), 100 gram, 500 gram  S\u1ea3n xu\u1ea5t b\u1edfi: Li\u00ean hi\u1ec7p h\u1ee3p t\u00e1c x\u00e3 n\u00f4ng s\u1ea3n Th\u00e1i Nguy\u00ean  S\u1ea3n xu\u1ea5t t\u1ea1i: Th\u00e1i Nguy\u00ean, Vi\u1ec7t Nam  S\u1ea3n ph\u1ea9m Tinh b\u1ed9t c\u1ea3i xo\u0103n Ant-Co c\u00f3 M\u00e3 s\u1ed1 M\u00e3 v\u1ea1ch s\u1ea3n ph\u1ea9m: 8938542011173\" \/>\n<meta property=\"og:url\" content=\"https:\/\/nongsansachthainguyen.com\/en\/product\/tinh-bot-cai-xoan-kale-ant-co\/\" \/>\n<meta property=\"og:site_name\" content=\"N\u00f4ng S\u1ea3n S\u1ea1ch Th\u00e1i Nguy\u00ean\" \/>\n<meta property=\"article:modified_time\" content=\"2023-06-08T15:23:30+00:00\" \/>\n<meta property=\"og:image\" content=\"https:\/\/nongsansachthainguyen.com\/wp-content\/uploads\/2021\/09\/z2788936496914_2d6a6e8008309c8f7b7fca0384f8c3ee-e1633148892171.jpg\" \/>\n\t<meta property=\"og:image:width\" content=\"724\" \/>\n\t<meta property=\"og:image:height\" content=\"712\" \/>\n\t<meta property=\"og:image:type\" content=\"image\/jpeg\" \/>\n<meta name=\"twitter:card\" content=\"summary_large_image\" \/>\n<meta name=\"twitter:label1\" content=\"Est. reading time\" \/>\n\t<meta name=\"twitter:data1\" content=\"2 minutes\" \/>\n<script type=\"application\/ld+json\" class=\"yoast-schema-graph\">{\"@context\":\"https:\/\/schema.org\",\"@graph\":[{\"@type\":\"WebPage\",\"@id\":\"https:\/\/nongsansachthainguyen.com\/san-pham\/tinh-bot-cai-xoan-kale-ant-co\/\",\"url\":\"https:\/\/nongsansachthainguyen.com\/san-pham\/tinh-bot-cai-xoan-kale-ant-co\/\",\"name\":\"Tinh b\u1ed9t c\u1ea3i xo\u0103n kale Ant-co - N\u00f4ng S\u1ea3n S\u1ea1ch Th\u00e1i Nguy\u00ean\",\"isPartOf\":{\"@id\":\"https:\/\/nongsansachthainguyen.com\/#website\"},\"primaryImageOfPage\":{\"@id\":\"https:\/\/nongsansachthainguyen.com\/san-pham\/tinh-bot-cai-xoan-kale-ant-co\/#primaryimage\"},\"image\":{\"@id\":\"https:\/\/nongsansachthainguyen.com\/san-pham\/tinh-bot-cai-xoan-kale-ant-co\/#primaryimage\"},\"thumbnailUrl\":\"https:\/\/nongsansachthainguyen.com\/wp-content\/uploads\/2021\/09\/z2788936496914_2d6a6e8008309c8f7b7fca0384f8c3ee-e1633148892171.jpg\",\"datePublished\":\"2021-09-24T05:07:39+00:00\",\"dateModified\":\"2023-06-08T15:23:30+00:00\",\"breadcrumb\":{\"@id\":\"https:\/\/nongsansachthainguyen.com\/san-pham\/tinh-bot-cai-xoan-kale-ant-co\/#breadcrumb\"},\"inLanguage\":\"en-US\",\"potentialAction\":[{\"@type\":\"ReadAction\",\"target\":[\"https:\/\/nongsansachthainguyen.com\/san-pham\/tinh-bot-cai-xoan-kale-ant-co\/\"]}]},{\"@type\":\"ImageObject\",\"inLanguage\":\"en-US\",\"@id\":\"https:\/\/nongsansachthainguyen.com\/san-pham\/tinh-bot-cai-xoan-kale-ant-co\/#primaryimage\",\"url\":\"https:\/\/nongsansachthainguyen.com\/wp-content\/uploads\/2021\/09\/z2788936496914_2d6a6e8008309c8f7b7fca0384f8c3ee-e1633148892171.jpg\",\"contentUrl\":\"https:\/\/nongsansachthainguyen.com\/wp-content\/uploads\/2021\/09\/z2788936496914_2d6a6e8008309c8f7b7fca0384f8c3ee-e1633148892171.jpg\",\"width\":724,\"height\":712},{\"@type\":\"BreadcrumbList\",\"@id\":\"https:\/\/nongsansachthainguyen.com\/san-pham\/tinh-bot-cai-xoan-kale-ant-co\/#breadcrumb\",\"itemListElement\":[{\"@type\":\"ListItem\",\"position\":1,\"name\":\"Trang ch\u1ee7\",\"item\":\"https:\/\/nongsansachthainguyen.com\/\"},{\"@type\":\"ListItem\",\"position\":2,\"name\":\"C\u1eeda h\u00e0ng\",\"item\":\"https:\/\/nongsansachthainguyen.com\/cua-hang\/\"},{\"@type\":\"ListItem\",\"position\":3,\"name\":\"Tinh b\u1ed9t c\u1ea3i xo\u0103n kale Ant-co\"}]},{\"@type\":\"WebSite\",\"@id\":\"https:\/\/nongsansachthainguyen.com\/#website\",\"url\":\"https:\/\/nongsansachthainguyen.com\/\",\"name\":\"N\u00f4ng S\u1ea3n S\u1ea1ch Th\u00e1i Nguy\u00ean\",\"description\":\"\",\"potentialAction\":[{\"@type\":\"SearchAction\",\"target\":{\"@type\":\"EntryPoint\",\"urlTemplate\":\"https:\/\/nongsansachthainguyen.com\/?s={search_term_string}\"},\"query-input\":\"required name=search_term_string\"}],\"inLanguage\":\"en-US\"}]}<\/script>\n<!-- \/ Yoast SEO plugin. -->","yoast_head_json":{"title":"Tinh b\u1ed9t c\u1ea3i xo\u0103n kale Ant-co - N\u00f4ng S\u1ea3n S\u1ea1ch Th\u00e1i Nguy\u00ean","robots":{"index":"index","follow":"follow","max-snippet":"max-snippet:-1","max-image-preview":"max-image-preview:large","max-video-preview":"max-video-preview:-1"},"canonical":"https:\/\/nongsansachthainguyen.com\/en\/product\/tinh-bot-cai-xoan-kale-ant-co\/","og_locale":"en_US","og_type":"article","og_title":"Tinh b\u1ed9t c\u1ea3i xo\u0103n kale Ant-co - N\u00f4ng S\u1ea3n S\u1ea1ch Th\u00e1i Nguy\u00ean","og_description":"Th\u01b0\u01a1ng hi\u1ec7u: Ant-Co  Tr\u1ecdng l\u01b0\u1ee3ng: 70 gram (2gr\/ g\u00f3i x 35 g\u00f3i\/ h\u1ed9p), 100 gram, 500 gram  S\u1ea3n xu\u1ea5t b\u1edfi: Li\u00ean hi\u1ec7p h\u1ee3p t\u00e1c x\u00e3 n\u00f4ng s\u1ea3n Th\u00e1i Nguy\u00ean  S\u1ea3n xu\u1ea5t t\u1ea1i: Th\u00e1i Nguy\u00ean, Vi\u1ec7t Nam  S\u1ea3n ph\u1ea9m Tinh b\u1ed9t c\u1ea3i xo\u0103n Ant-Co c\u00f3 M\u00e3 s\u1ed1 M\u00e3 v\u1ea1ch s\u1ea3n ph\u1ea9m: 8938542011173","og_url":"https:\/\/nongsansachthainguyen.com\/en\/product\/tinh-bot-cai-xoan-kale-ant-co\/","og_site_name":"N\u00f4ng S\u1ea3n S\u1ea1ch Th\u00e1i Nguy\u00ean","article_modified_time":"2023-06-08T15:23:30+00:00","og_image":[{"width":724,"height":712,"url":"https:\/\/nongsansachthainguyen.com\/wp-content\/uploads\/2021\/09\/z2788936496914_2d6a6e8008309c8f7b7fca0384f8c3ee-e1633148892171.jpg","type":"image\/jpeg"}],"twitter_card":"summary_large_image","twitter_misc":{"Est. reading time":"2 minutes"},"schema":{"@context":"https:\/\/schema.org","@graph":[{"@type":"WebPage","@id":"https:\/\/nongsansachthainguyen.com\/san-pham\/tinh-bot-cai-xoan-kale-ant-co\/","url":"https:\/\/nongsansachthainguyen.com\/san-pham\/tinh-bot-cai-xoan-kale-ant-co\/","name":"Tinh b\u1ed9t c\u1ea3i xo\u0103n kale Ant-co - N\u00f4ng S\u1ea3n S\u1ea1ch Th\u00e1i Nguy\u00ean","isPartOf":{"@id":"https:\/\/nongsansachthainguyen.com\/#website"},"primaryImageOfPage":{"@id":"https:\/\/nongsansachthainguyen.com\/san-pham\/tinh-bot-cai-xoan-kale-ant-co\/#primaryimage"},"image":{"@id":"https:\/\/nongsansachthainguyen.com\/san-pham\/tinh-bot-cai-xoan-kale-ant-co\/#primaryimage"},"thumbnailUrl":"https:\/\/nongsansachthainguyen.com\/wp-content\/uploads\/2021\/09\/z2788936496914_2d6a6e8008309c8f7b7fca0384f8c3ee-e1633148892171.jpg","datePublished":"2021-09-24T05:07:39+00:00","dateModified":"2023-06-08T15:23:30+00:00","breadcrumb":{"@id":"https:\/\/nongsansachthainguyen.com\/san-pham\/tinh-bot-cai-xoan-kale-ant-co\/#breadcrumb"},"inLanguage":"en-US","potentialAction":[{"@type":"ReadAction","target":["https:\/\/nongsansachthainguyen.com\/san-pham\/tinh-bot-cai-xoan-kale-ant-co\/"]}]},{"@type":"ImageObject","inLanguage":"en-US","@id":"https:\/\/nongsansachthainguyen.com\/san-pham\/tinh-bot-cai-xoan-kale-ant-co\/#primaryimage","url":"https:\/\/nongsansachthainguyen.com\/wp-content\/uploads\/2021\/09\/z2788936496914_2d6a6e8008309c8f7b7fca0384f8c3ee-e1633148892171.jpg","contentUrl":"https:\/\/nongsansachthainguyen.com\/wp-content\/uploads\/2021\/09\/z2788936496914_2d6a6e8008309c8f7b7fca0384f8c3ee-e1633148892171.jpg","width":724,"height":712},{"@type":"BreadcrumbList","@id":"https:\/\/nongsansachthainguyen.com\/san-pham\/tinh-bot-cai-xoan-kale-ant-co\/#breadcrumb","itemListElement":[{"@type":"ListItem","position":1,"name":"Trang ch\u1ee7","item":"https:\/\/nongsansachthainguyen.com\/"},{"@type":"ListItem","position":2,"name":"C\u1eeda h\u00e0ng","item":"https:\/\/nongsansachthainguyen.com\/cua-hang\/"},{"@type":"ListItem","position":3,"name":"Tinh b\u1ed9t c\u1ea3i xo\u0103n kale Ant-co"}]},{"@type":"WebSite","@id":"https:\/\/nongsansachthainguyen.com\/#website","url":"https:\/\/nongsansachthainguyen.com\/","name":"N\u00f4ng S\u1ea3n S\u1ea1ch Th\u00e1i Nguy\u00ean","description":"","potentialAction":[{"@type":"SearchAction","target":{"@type":"EntryPoint","urlTemplate":"https:\/\/nongsansachthainguyen.com\/?s={search_term_string}"},"query-input":"required name=search_term_string"}],"inLanguage":"en-US"}]}},"_links":{"self":[{"href":"https:\/\/nongsansachthainguyen.com\/en\/wp-json\/wp\/v2\/product\/382"}],"collection":[{"href":"https:\/\/nongsansachthainguyen.com\/en\/wp-json\/wp\/v2\/product"}],"about":[{"href":"https:\/\/nongsansachthainguyen.com\/en\/wp-json\/wp\/v2\/types\/product"}],"replies":[{"embeddable":true,"href":"https:\/\/nongsansachthainguyen.com\/en\/wp-json\/wp\/v2\/comments?post=382"}],"wp:featuredmedia":[{"embeddable":true,"href":"https:\/\/nongsansachthainguyen.com\/en\/wp-json\/wp\/v2\/media\/405"}],"wp:attachment":[{"href":"https:\/\/nongsansachthainguyen.com\/en\/wp-json\/wp\/v2\/media?parent=382"}],"wp:term":[{"taxonomy":"product_cat","embeddable":true,"href":"https:\/\/nongsansachthainguyen.com\/en\/wp-json\/wp\/v2\/product_cat?post=382"},{"taxonomy":"product_tag","embeddable":true,"href":"https:\/\/nongsansachthainguyen.com\/en\/wp-json\/wp\/v2\/product_tag?post=382"}],"curies":[{"name":"wp","href":"https:\/\/api.w.org\/{rel}","templated":true}]}}