{"id":379,"date":"2021-09-24T04:52:10","date_gmt":"2021-09-24T04:52:10","guid":{"rendered":"http:\/\/nongsansachthainguyen.com\/?post_type=product&#038;p=379"},"modified":"2023-06-08T15:38:24","modified_gmt":"2023-06-08T15:38:24","slug":"tinh-bot-rau-ma-ant-co","status":"publish","type":"product","link":"https:\/\/nongsansachthainguyen.com\/en\/product\/tinh-bot-rau-ma-ant-co\/","title":{"rendered":"Ant-Co Pennywort Powder"},"content":{"rendered":"<p><span style=\"font-weight: 400;\">Ingredients:   100% pure pennywort leaves.<\/span><\/p>\n<p><span style=\"font-weight: 400;\">Uses:<\/span><\/p>\n<ul>\n<li><span style=\"font-weight: 400;\">Good for the cardiovascular system.<\/span><\/li>\n<li><span style=\"font-weight: 400;\">Improve memory.<\/span><\/li>\n<li><span style=\"font-weight: 400;\">Healing.<\/span><\/li>\n<li><span style=\"font-weight: 400;\">Cooling, detoxifying.<\/span><\/li>\n<li><span style=\"font-weight: 400;\">Reduce fever, reduce cough.<\/span><\/li>\n<li><span style=\"font-weight: 400;\">Sedation, reduce stress.<\/span><\/li>\n<li><span style=\"font-weight: 400;\">Skin beauty.<\/span><\/li>\n<li><span style=\"font-weight: 400;\">Cooling down, reducing fever, cooling the liver: Pennywort is a herb with welding (cold), tan (spicy), bitter (bitter) properties that has the effect of nourishing sound, clearing heat, laxatives of the liver, detoxifying\u2026 Drink Pennywort juice. Grind or smoothie with Pennywort to help beautiful skin and clear body heat. This is a common use in Pennywort known by many people.<\/span><\/li>\n<li><span style=\"font-weight: 400;\">Cure Digestive Diseases:  The anti-inflammatory and antioxidant activity of Pennywort leaves has a significant effect on improving the health of the intestines and colon. Pennywort also helps to significantly improve constipation in both adults and children.<\/span><\/li>\n<li><span style=\"font-weight: 400;\">Circulatory System Support:  Cellella asiatica extract  strengthens the walls of blood vessels and capillaries, prevents bleeding, and optimizes the circulatory system. Pennywort also helps stimulate blood circulation, increase oxygenation in body parts and important internal organs. From there, these internal organs and organs function efficiently.<\/span><\/li>\n<li><span style=\"font-weight: 400;\">Purify the body: Pennywort can stimulate the body to excrete toxins, salt, water and even excess fat in the body through urine. This process relieves stress on the kidneys and generally helps to remove toxins quickly, while keeping the body healthy and fluid in balance.<\/span><\/li>\n<li><span style=\"font-weight: 400;\">Good for people with diseases related to veins:   Experts say, Pennywort is especially good for people with diseases related to veins. The components of Pennywort can help reduce swelling and blood circulation in the body, especially good for people with diseases such as varicose veins.<\/span><\/li>\n<\/ul>\n<p><span style=\"font-weight: 400;\">In 2001, scientists conducted a study that demonstrated the benefits of Pennywort for people suffering from diseases related to veins. Patients were given a placebo or Pennywort and were monitored for 4 weeks. The results showed that symptoms such as cramps, pain, fatigue, swelling, and leg edema were significantly reduced in the subjects who drank Pennywort.<\/span><\/p>\n<p><span style=\"font-weight: 400;\">In addition, the researchers also noted that taking gotu kola about 180mg a day was effective in reducing symptoms related to high blood pressure.<\/span><\/p>\n<ul>\n<li><span style=\"font-weight: 400;\">Helps wounds heal faster: Pennywort contains triterpenoids, which have the effect of speeding up the wound healing process. Applying crushed Pennywort on the skin can reduce swelling and cool the wound. This is an extremely good remedy passed down in folklore.<\/span><\/li>\n<li><span style=\"font-weight: 400;\">Enhance memory and eyesight:   According to folklore: The patient takes 3-5g of dried pennywort, powdered, and drunk with milk. This way helps to improve eyesight, the ability to concentrate, support to improve memory.<\/span><\/li>\n<li><span style=\"font-weight: 400;\">In addition to the above uses, pennywort is also used to treat constipation, jaundice, vomiting blood, dysentery, bad breath, white blood cells, boils, heat rash.<\/span><\/li>\n<\/ul>\n<p><span style=\"font-weight: 400;\">How to use:<\/span><\/p>\n<ul>\n<li><span style=\"font-weight: 400;\">For direct drinking: Use about 2g of pennywort powder, add a little warm water to wet the powder, then add about 200 ml  of warm water (70 \u2013 80 degrees) stir to dissolve immediately or add a little sugar depending on your preference. add ice to drink cold).Should use 1 time\/day.<\/span><\/li>\n<li><span style=\"font-weight: 400;\">Cook porridge, meal powder: Mix 1-2 g of powder in a little water and then add it to the porridge and stir for 1-2 minutes.<\/span><\/li>\n<li><span style=\"font-weight: 400;\">Beauty: use 2g of pennywort powder mixed with water or yogurt\/unsweetened fresh milk\/honey to create a paste for face mask for 10-15 minutes, help with antibacterial, acne treatment, and skin firming.<\/span><\/li>\n<li><span style=\"font-weight: 400;\">Treatment of burns: mix pennywort powder with water, apply it on the burned skin to help soothe the skin and quickly heal the scars. Combined with drinking.<\/span><\/li>\n<\/ul>\n<p><span style=\"font-weight: 400;\">Preserve:<\/span><\/p>\n<p><span style=\"font-weight: 400;\">Store the product in a cool, dry place. Avoid direct exposure to sunlight (preferably refrigerated).<\/span><\/p>\n<p><span style=\"font-weight: 400;\">Recommendation:<\/span><\/p>\n<ul>\n<li style=\"font-weight: 400;\" aria-level=\"1\"><span style=\"font-weight: 400;\">Pennywort is a popular vegetable with many health benefits. However, users should not abuse it. Only 1 cup of pennywort mixed with pennywort powder should not exceed 4g (equivalent to 40g of fresh pennywort) per day. Do not use it continuously for more than 6 weeks.. If you want to continue using, stop at least half a month.&nbsp;&nbsp;<\/span><\/li>\n<li style=\"font-weight: 400;\" aria-level=\"1\"><span style=\"font-weight: 400;\">Pennywort is cold, easy to cause cold stomach, diarrhea. So don\u2019t overuse it.<\/span><\/li>\n<li style=\"font-weight: 400;\" aria-level=\"1\"><span style=\"font-weight: 400;\">The dose of pennywort may vary from person to person, depending on age, medical condition, and several other concerns.<\/span><\/li>\n<li style=\"font-weight: 400;\" aria-level=\"1\"><span style=\"font-weight: 400;\">Pregnant and lactating women should not use.&nbsp;<\/span><\/li>\n<li style=\"font-weight: 400;\" aria-level=\"1\"><span style=\"font-weight: 400;\">Those who are trying to conceive.<\/span><\/li>\n<li style=\"font-weight: 400;\" aria-level=\"1\"><span style=\"font-weight: 400;\">Do not use for people with liver disease.<\/span><\/li>\n<li style=\"font-weight: 400;\" aria-level=\"1\"><span style=\"font-weight: 400;\">People with diabetes: People with diabetes should use the cheeks in a moderate amount. If taken too much and often will increase blood sugar levels.<\/span><\/li>\n<li style=\"font-weight: 400;\" aria-level=\"1\"><span style=\"font-weight: 400;\">People who are taking antidepressants, tranquilizers. Pennywort can reduce the effect of drugs, reduce the effectiveness of disease treatment.\nDo not use for people who are allergic to any of the ingredients in pennywort. Allergic reactions to pennywort may include redness, itching, or a rash on the skin. Users may also experience abdominal pain, nausea, or strange-colored stools. Although these symptoms as well as the compounds in pennywort are very rare, you should consult your doctor or pharmacist before taking pennywort.<\/span><\/li>\n<\/ul>","protected":false},"excerpt":{"rendered":"<p><span style=\"font-weight: 400;\">Brand: Ant-Co<\/span><\/p>\n<p><span style=\"font-weight: 400;\">Weight: 70 grams (2g\/pack x 35 packs\/box), 100 grams, 500 grams<\/span><\/p>\n<p><span style=\"font-weight: 400;\">Produced by: Thai Nguyen Agricultural Cooperation Union<\/span><\/p>\n<p><span style=\"font-weight: 400;\">Made in: Thai Nguyen, Viet Nam<\/span><\/p>\n<p><span style=\"font-weight: 400;\">Ant-Co Pennywort Powder with Product Barcode: 8938542011234<\/span><\/p>","protected":false},"featured_media":400,"comment_status":"open","ping_status":"closed","template":"","meta":{"_acf_changed":false,"ngg_post_thumbnail":0},"product_cat":[19],"product_tag":[45,46,112,113],"class_list":{"0":"post-379","1":"product","2":"type-product","3":"status-publish","4":"has-post-thumbnail","6":"product_cat-duoc-lieu-tinh-bot-rau","7":"product_tag-rau-ma","8":"product_tag-bot-rau-ma","9":"product_tag-pennywort","10":"product_tag-pennywort-powder","12":"first","13":"instock","14":"shipping-taxable","15":"product-type-simple"},"acf":[],"yoast_head":"<!-- This site is optimized with the Yoast SEO plugin v23.2 - https:\/\/yoast.com\/wordpress\/plugins\/seo\/ -->\n<title>Tinh b\u1ed9t rau m\u00e1 Ant-co - N\u00f4ng S\u1ea3n S\u1ea1ch Th\u00e1i Nguy\u00ean<\/title>\n<meta name=\"robots\" content=\"index, follow, max-snippet:-1, max-image-preview:large, max-video-preview:-1\" \/>\n<link rel=\"canonical\" href=\"https:\/\/nongsansachthainguyen.com\/en\/product\/tinh-bot-rau-ma-ant-co\/\" \/>\n<meta property=\"og:locale\" content=\"en_US\" \/>\n<meta property=\"og:type\" content=\"article\" \/>\n<meta property=\"og:title\" content=\"Tinh b\u1ed9t rau m\u00e1 Ant-co - N\u00f4ng S\u1ea3n S\u1ea1ch Th\u00e1i Nguy\u00ean\" \/>\n<meta property=\"og:description\" content=\"Th\u01b0\u01a1ng hi\u1ec7u: Ant-Co  Tr\u1ecdng l\u01b0\u1ee3ng: 70 gram (2gr\/ g\u00f3i x 35 g\u00f3i\/ h\u1ed9p), 100 gram, 500 gram  S\u1ea3n xu\u1ea5t b\u1edfi: Li\u00ean hi\u1ec7p H\u1ee3p t\u00e1c x\u00e3 n\u00f4ng s\u1ea3n Th\u00e1i Nguy\u00ean  S\u1ea3n xu\u1ea5t t\u1ea1i: Th\u00e1i Nguy\u00ean, Vi\u1ec7t Nam  S\u1ea3n ph\u1ea9m Tinh b\u1ed9t rau m\u00e1 Ant-Co c\u00f3 M\u00e3 s\u1ed1 M\u00e3 v\u1ea1ch s\u1ea3n ph\u1ea9m: 8938542011234\" \/>\n<meta property=\"og:url\" content=\"https:\/\/nongsansachthainguyen.com\/en\/product\/tinh-bot-rau-ma-ant-co\/\" \/>\n<meta property=\"og:site_name\" content=\"N\u00f4ng S\u1ea3n S\u1ea1ch Th\u00e1i Nguy\u00ean\" \/>\n<meta property=\"article:modified_time\" content=\"2023-06-08T15:38:24+00:00\" \/>\n<meta property=\"og:image\" content=\"https:\/\/nongsansachthainguyen.com\/wp-content\/uploads\/2021\/09\/z2788936726888_0a9ebe19ac8f385cf280930cbe7adc02-e1633159305716.jpg\" \/>\n\t<meta property=\"og:image:width\" content=\"718\" \/>\n\t<meta property=\"og:image:height\" content=\"718\" \/>\n\t<meta property=\"og:image:type\" content=\"image\/jpeg\" \/>\n<meta name=\"twitter:card\" content=\"summary_large_image\" \/>\n<meta name=\"twitter:label1\" content=\"Est. reading time\" \/>\n\t<meta name=\"twitter:data1\" content=\"6 minutes\" \/>\n<script type=\"application\/ld+json\" class=\"yoast-schema-graph\">{\"@context\":\"https:\/\/schema.org\",\"@graph\":[{\"@type\":\"WebPage\",\"@id\":\"https:\/\/nongsansachthainguyen.com\/san-pham\/tinh-bot-rau-ma-ant-co\/\",\"url\":\"https:\/\/nongsansachthainguyen.com\/san-pham\/tinh-bot-rau-ma-ant-co\/\",\"name\":\"Tinh b\u1ed9t rau m\u00e1 Ant-co - N\u00f4ng S\u1ea3n S\u1ea1ch Th\u00e1i Nguy\u00ean\",\"isPartOf\":{\"@id\":\"https:\/\/nongsansachthainguyen.com\/#website\"},\"primaryImageOfPage\":{\"@id\":\"https:\/\/nongsansachthainguyen.com\/san-pham\/tinh-bot-rau-ma-ant-co\/#primaryimage\"},\"image\":{\"@id\":\"https:\/\/nongsansachthainguyen.com\/san-pham\/tinh-bot-rau-ma-ant-co\/#primaryimage\"},\"thumbnailUrl\":\"https:\/\/nongsansachthainguyen.com\/wp-content\/uploads\/2021\/09\/z2788936726888_0a9ebe19ac8f385cf280930cbe7adc02-e1633159305716.jpg\",\"datePublished\":\"2021-09-24T04:52:10+00:00\",\"dateModified\":\"2023-06-08T15:38:24+00:00\",\"breadcrumb\":{\"@id\":\"https:\/\/nongsansachthainguyen.com\/san-pham\/tinh-bot-rau-ma-ant-co\/#breadcrumb\"},\"inLanguage\":\"en-US\",\"potentialAction\":[{\"@type\":\"ReadAction\",\"target\":[\"https:\/\/nongsansachthainguyen.com\/san-pham\/tinh-bot-rau-ma-ant-co\/\"]}]},{\"@type\":\"ImageObject\",\"inLanguage\":\"en-US\",\"@id\":\"https:\/\/nongsansachthainguyen.com\/san-pham\/tinh-bot-rau-ma-ant-co\/#primaryimage\",\"url\":\"https:\/\/nongsansachthainguyen.com\/wp-content\/uploads\/2021\/09\/z2788936726888_0a9ebe19ac8f385cf280930cbe7adc02-e1633159305716.jpg\",\"contentUrl\":\"https:\/\/nongsansachthainguyen.com\/wp-content\/uploads\/2021\/09\/z2788936726888_0a9ebe19ac8f385cf280930cbe7adc02-e1633159305716.jpg\",\"width\":718,\"height\":718},{\"@type\":\"BreadcrumbList\",\"@id\":\"https:\/\/nongsansachthainguyen.com\/san-pham\/tinh-bot-rau-ma-ant-co\/#breadcrumb\",\"itemListElement\":[{\"@type\":\"ListItem\",\"position\":1,\"name\":\"Trang ch\u1ee7\",\"item\":\"https:\/\/nongsansachthainguyen.com\/\"},{\"@type\":\"ListItem\",\"position\":2,\"name\":\"C\u1eeda h\u00e0ng\",\"item\":\"https:\/\/nongsansachthainguyen.com\/cua-hang\/\"},{\"@type\":\"ListItem\",\"position\":3,\"name\":\"Tinh b\u1ed9t rau m\u00e1 Ant-co\"}]},{\"@type\":\"WebSite\",\"@id\":\"https:\/\/nongsansachthainguyen.com\/#website\",\"url\":\"https:\/\/nongsansachthainguyen.com\/\",\"name\":\"N\u00f4ng S\u1ea3n S\u1ea1ch Th\u00e1i Nguy\u00ean\",\"description\":\"\",\"potentialAction\":[{\"@type\":\"SearchAction\",\"target\":{\"@type\":\"EntryPoint\",\"urlTemplate\":\"https:\/\/nongsansachthainguyen.com\/?s={search_term_string}\"},\"query-input\":\"required name=search_term_string\"}],\"inLanguage\":\"en-US\"}]}<\/script>\n<!-- \/ Yoast SEO plugin. -->","yoast_head_json":{"title":"Tinh b\u1ed9t rau m\u00e1 Ant-co - N\u00f4ng S\u1ea3n S\u1ea1ch Th\u00e1i Nguy\u00ean","robots":{"index":"index","follow":"follow","max-snippet":"max-snippet:-1","max-image-preview":"max-image-preview:large","max-video-preview":"max-video-preview:-1"},"canonical":"https:\/\/nongsansachthainguyen.com\/en\/product\/tinh-bot-rau-ma-ant-co\/","og_locale":"en_US","og_type":"article","og_title":"Tinh b\u1ed9t rau m\u00e1 Ant-co - N\u00f4ng S\u1ea3n S\u1ea1ch Th\u00e1i Nguy\u00ean","og_description":"Th\u01b0\u01a1ng hi\u1ec7u: Ant-Co  Tr\u1ecdng l\u01b0\u1ee3ng: 70 gram (2gr\/ g\u00f3i x 35 g\u00f3i\/ h\u1ed9p), 100 gram, 500 gram  S\u1ea3n xu\u1ea5t b\u1edfi: Li\u00ean hi\u1ec7p H\u1ee3p t\u00e1c x\u00e3 n\u00f4ng s\u1ea3n Th\u00e1i Nguy\u00ean  S\u1ea3n xu\u1ea5t t\u1ea1i: Th\u00e1i Nguy\u00ean, Vi\u1ec7t Nam  S\u1ea3n ph\u1ea9m Tinh b\u1ed9t rau m\u00e1 Ant-Co c\u00f3 M\u00e3 s\u1ed1 M\u00e3 v\u1ea1ch s\u1ea3n ph\u1ea9m: 8938542011234","og_url":"https:\/\/nongsansachthainguyen.com\/en\/product\/tinh-bot-rau-ma-ant-co\/","og_site_name":"N\u00f4ng S\u1ea3n S\u1ea1ch Th\u00e1i Nguy\u00ean","article_modified_time":"2023-06-08T15:38:24+00:00","og_image":[{"width":718,"height":718,"url":"https:\/\/nongsansachthainguyen.com\/wp-content\/uploads\/2021\/09\/z2788936726888_0a9ebe19ac8f385cf280930cbe7adc02-e1633159305716.jpg","type":"image\/jpeg"}],"twitter_card":"summary_large_image","twitter_misc":{"Est. reading time":"6 minutes"},"schema":{"@context":"https:\/\/schema.org","@graph":[{"@type":"WebPage","@id":"https:\/\/nongsansachthainguyen.com\/san-pham\/tinh-bot-rau-ma-ant-co\/","url":"https:\/\/nongsansachthainguyen.com\/san-pham\/tinh-bot-rau-ma-ant-co\/","name":"Tinh b\u1ed9t rau m\u00e1 Ant-co - N\u00f4ng S\u1ea3n S\u1ea1ch Th\u00e1i Nguy\u00ean","isPartOf":{"@id":"https:\/\/nongsansachthainguyen.com\/#website"},"primaryImageOfPage":{"@id":"https:\/\/nongsansachthainguyen.com\/san-pham\/tinh-bot-rau-ma-ant-co\/#primaryimage"},"image":{"@id":"https:\/\/nongsansachthainguyen.com\/san-pham\/tinh-bot-rau-ma-ant-co\/#primaryimage"},"thumbnailUrl":"https:\/\/nongsansachthainguyen.com\/wp-content\/uploads\/2021\/09\/z2788936726888_0a9ebe19ac8f385cf280930cbe7adc02-e1633159305716.jpg","datePublished":"2021-09-24T04:52:10+00:00","dateModified":"2023-06-08T15:38:24+00:00","breadcrumb":{"@id":"https:\/\/nongsansachthainguyen.com\/san-pham\/tinh-bot-rau-ma-ant-co\/#breadcrumb"},"inLanguage":"en-US","potentialAction":[{"@type":"ReadAction","target":["https:\/\/nongsansachthainguyen.com\/san-pham\/tinh-bot-rau-ma-ant-co\/"]}]},{"@type":"ImageObject","inLanguage":"en-US","@id":"https:\/\/nongsansachthainguyen.com\/san-pham\/tinh-bot-rau-ma-ant-co\/#primaryimage","url":"https:\/\/nongsansachthainguyen.com\/wp-content\/uploads\/2021\/09\/z2788936726888_0a9ebe19ac8f385cf280930cbe7adc02-e1633159305716.jpg","contentUrl":"https:\/\/nongsansachthainguyen.com\/wp-content\/uploads\/2021\/09\/z2788936726888_0a9ebe19ac8f385cf280930cbe7adc02-e1633159305716.jpg","width":718,"height":718},{"@type":"BreadcrumbList","@id":"https:\/\/nongsansachthainguyen.com\/san-pham\/tinh-bot-rau-ma-ant-co\/#breadcrumb","itemListElement":[{"@type":"ListItem","position":1,"name":"Trang ch\u1ee7","item":"https:\/\/nongsansachthainguyen.com\/"},{"@type":"ListItem","position":2,"name":"C\u1eeda h\u00e0ng","item":"https:\/\/nongsansachthainguyen.com\/cua-hang\/"},{"@type":"ListItem","position":3,"name":"Tinh b\u1ed9t rau m\u00e1 Ant-co"}]},{"@type":"WebSite","@id":"https:\/\/nongsansachthainguyen.com\/#website","url":"https:\/\/nongsansachthainguyen.com\/","name":"N\u00f4ng S\u1ea3n S\u1ea1ch Th\u00e1i Nguy\u00ean","description":"","potentialAction":[{"@type":"SearchAction","target":{"@type":"EntryPoint","urlTemplate":"https:\/\/nongsansachthainguyen.com\/?s={search_term_string}"},"query-input":"required name=search_term_string"}],"inLanguage":"en-US"}]}},"_links":{"self":[{"href":"https:\/\/nongsansachthainguyen.com\/en\/wp-json\/wp\/v2\/product\/379"}],"collection":[{"href":"https:\/\/nongsansachthainguyen.com\/en\/wp-json\/wp\/v2\/product"}],"about":[{"href":"https:\/\/nongsansachthainguyen.com\/en\/wp-json\/wp\/v2\/types\/product"}],"replies":[{"embeddable":true,"href":"https:\/\/nongsansachthainguyen.com\/en\/wp-json\/wp\/v2\/comments?post=379"}],"wp:featuredmedia":[{"embeddable":true,"href":"https:\/\/nongsansachthainguyen.com\/en\/wp-json\/wp\/v2\/media\/400"}],"wp:attachment":[{"href":"https:\/\/nongsansachthainguyen.com\/en\/wp-json\/wp\/v2\/media?parent=379"}],"wp:term":[{"taxonomy":"product_cat","embeddable":true,"href":"https:\/\/nongsansachthainguyen.com\/en\/wp-json\/wp\/v2\/product_cat?post=379"},{"taxonomy":"product_tag","embeddable":true,"href":"https:\/\/nongsansachthainguyen.com\/en\/wp-json\/wp\/v2\/product_tag?post=379"}],"curies":[{"name":"wp","href":"https:\/\/api.w.org\/{rel}","templated":true}]}}