{"id":378,"date":"2021-09-24T04:47:41","date_gmt":"2021-09-24T04:47:41","guid":{"rendered":"http:\/\/nongsansachthainguyen.com\/?post_type=product&#038;p=378"},"modified":"2023-06-08T15:34:07","modified_gmt":"2023-06-08T15:34:07","slug":"tinh-bot-tia-to-ant-co","status":"publish","type":"product","link":"https:\/\/nongsansachthainguyen.com\/en\/product\/tinh-bot-tia-to-ant-co\/","title":{"rendered":"Ant-Co Perilla Powder"},"content":{"rendered":"<p><span style=\"font-weight: 400;\">Ingredients: 100% pure perilla leaves (cold-dried to retain the color, smell and taste of fresh leaves).<\/span><\/p>\n<p><span style=\"font-weight: 400;\">Uses:<\/span><\/p>\n<ul>\n<li style=\"font-weight: 400;\" aria-level=\"1\"><span style=\"font-weight: 400;\">Expression, interpretation.<\/span><\/li>\n<li style=\"font-weight: 400;\" aria-level=\"1\"><span style=\"font-weight: 400;\">Support cough, asthma<\/span><\/li>\n<li style=\"font-weight: 400;\" aria-level=\"1\"><span style=\"font-weight: 400;\">Support cases of fish poisoning, digestive disorders.\nPregnancy<\/span><\/li>\n<li style=\"font-weight: 400;\" aria-level=\"1\"><span style=\"font-weight: 400;\">Support healthy pregnancy<\/span><\/li>\n<li style=\"font-weight: 400;\" aria-level=\"1\"><span style=\"font-weight: 400;\">Support for GOUT patients<\/span><\/li>\n<li style=\"font-weight: 400;\" aria-level=\"1\"><span style=\"font-weight: 400;\">Weight loss<\/span><\/li>\n<li style=\"font-weight: 400;\" aria-level=\"1\"><span style=\"font-weight: 400;\">Skin care, reduce dark spots, melasma effectively.<\/span><\/li>\n<\/ul>\n<p><span style=\"font-weight: 400;\">How to use:<\/span><\/p>\n<ul>\n<li style=\"font-weight: 400;\" aria-level=\"1\"><span style=\"font-weight: 400;\">For direct drinking: use about 2 g of perilla leaf powder with a little hot water, stir well to wet the powder, then add about 200 ml of hot water (70 \u2013 80 degrees) and stir to dissolve. Drinking hot helps keep warm and relieves colds very well.<\/span><\/li>\n<li><span style=\"font-weight: 400;\">Create a face mask mixture: mix perilla leaf powder with water \/ yogurt \/ fresh milk without sugar \u2026 apply on your face 2-3 times a week to help whiten skin and prevent dark spots.<\/span><\/li>\n<li style=\"font-weight: 400;\" aria-level=\"1\"><span style=\"font-weight: 400;\">The powder can be mixed with hot water to soak hands and feet, take a cold bath.<\/span><\/li>\n<li style=\"font-weight: 400;\" aria-level=\"1\"><span style=\"font-weight: 400;\">People with gout can add to rice to eat directly.<\/span><\/li>\n<li style=\"font-weight: 400;\" aria-level=\"1\"><span style=\"font-weight: 400;\">Adding flour to hot porridge helps relieve flu.<\/span><\/li>\n<\/ul>\n<p><span style=\"font-weight: 400;\">Preserve:<\/span><\/p>\n<p><span style=\"font-weight: 400;\">Store the product in a cool, dry place. Avoid direct exposure to sunlight (preferably refrigerated).<\/span><\/p>\n<p><span style=\"font-weight: 400;\">Recommendation:<\/span><\/p>\n<ul>\n<li><span style=\"font-weight: 400;\">Do not use for people who are allergic to any of the ingredients in perilla leaves.<\/span><\/li>\n<li><span style=\"font-weight: 400;\">Should not be used for people who are hot and sweat a lot.<\/span><\/li>\n<\/ul>","protected":false},"excerpt":{"rendered":"<p><span style=\"font-weight: 400;\">Brand: Ant-Co<\/span><\/p>\n<p><span style=\"font-weight: 400;\">Weight: 70 grams (2g\/pack x 35 packs\/box), 100 grams, 500 grams<\/span><\/p>\n<p><span style=\"font-weight: 400;\">Produced by: Thai Nguyen Agricultural Cooperation Union<\/span><\/p>\n<p><span style=\"font-weight: 400;\">Made in: Thai Nguyen, Viet Nam<\/span><\/p>\n<p><span style=\"font-weight: 400;\">Ant-Co Perilla Powder with Product Barcode: 8938542011203<\/span><\/p>","protected":false},"featured_media":406,"comment_status":"open","ping_status":"closed","template":"","meta":{"_acf_changed":false,"ngg_post_thumbnail":0},"product_cat":[19],"product_tag":[43,44,118,119],"class_list":{"0":"post-378","1":"product","2":"type-product","3":"status-publish","4":"has-post-thumbnail","6":"product_cat-duoc-lieu-tinh-bot-rau","7":"product_tag-tia-to","8":"product_tag-bot-tia-to","9":"product_tag-perilla","10":"product_tag-perilla-powder","12":"first","13":"instock","14":"shipping-taxable","15":"product-type-simple"},"acf":[],"yoast_head":"<!-- This site is optimized with the Yoast SEO plugin v23.2 - https:\/\/yoast.com\/wordpress\/plugins\/seo\/ -->\n<title>Tinh b\u1ed9t t\u00eda t\u00f4 Ant-co - N\u00f4ng S\u1ea3n S\u1ea1ch Th\u00e1i Nguy\u00ean<\/title>\n<meta name=\"robots\" content=\"index, follow, max-snippet:-1, max-image-preview:large, max-video-preview:-1\" \/>\n<link rel=\"canonical\" href=\"https:\/\/nongsansachthainguyen.com\/en\/product\/tinh-bot-tia-to-ant-co\/\" \/>\n<meta property=\"og:locale\" content=\"en_US\" \/>\n<meta property=\"og:type\" content=\"article\" \/>\n<meta property=\"og:title\" content=\"Tinh b\u1ed9t t\u00eda t\u00f4 Ant-co - N\u00f4ng S\u1ea3n S\u1ea1ch Th\u00e1i Nguy\u00ean\" \/>\n<meta property=\"og:description\" content=\"Th\u01b0\u01a1ng hi\u1ec7u: Ant-Co  Tr\u1ecdng l\u01b0\u1ee3ng: 70 gram (2gr\/ g\u00f3i x 35 g\u00f3i\/ h\u1ed9p), 100 gram, 500 gram  S\u1ea3n xu\u1ea5t b\u1edfi: Li\u00ean hi\u1ec7p H\u1ee3p t\u00e1c x\u00e3 n\u00f4ng s\u1ea3n Th\u00e1i Nguy\u00ean  S\u1ea3n xu\u1ea5t t\u1ea1i: Th\u00e1i Nguy\u00ean, Vi\u1ec7t Nam  S\u1ea3n ph\u1ea9m Tinh b\u1ed9t t\u00eda t\u00f4 Ant-Co c\u00f3 M\u00e3 s\u1ed1 M\u00e3 v\u1ea1ch s\u1ea3n ph\u1ea9m: 8938542011203\" \/>\n<meta property=\"og:url\" content=\"https:\/\/nongsansachthainguyen.com\/en\/product\/tinh-bot-tia-to-ant-co\/\" \/>\n<meta property=\"og:site_name\" content=\"N\u00f4ng S\u1ea3n S\u1ea1ch Th\u00e1i Nguy\u00ean\" \/>\n<meta property=\"article:modified_time\" content=\"2023-06-08T15:34:07+00:00\" \/>\n<meta property=\"og:image\" content=\"https:\/\/nongsansachthainguyen.com\/wp-content\/uploads\/2021\/09\/z2788936723792_a6c447414c9d0d762817ce94f746c625-e1633157459132.jpg\" \/>\n\t<meta property=\"og:image:width\" content=\"730\" \/>\n\t<meta property=\"og:image:height\" content=\"718\" \/>\n\t<meta property=\"og:image:type\" content=\"image\/jpeg\" \/>\n<meta name=\"twitter:card\" content=\"summary_large_image\" \/>\n<meta name=\"twitter:label1\" content=\"Est. reading time\" \/>\n\t<meta name=\"twitter:data1\" content=\"2 minutes\" \/>\n<script type=\"application\/ld+json\" class=\"yoast-schema-graph\">{\"@context\":\"https:\/\/schema.org\",\"@graph\":[{\"@type\":\"WebPage\",\"@id\":\"https:\/\/nongsansachthainguyen.com\/san-pham\/tinh-bot-tia-to-ant-co\/\",\"url\":\"https:\/\/nongsansachthainguyen.com\/san-pham\/tinh-bot-tia-to-ant-co\/\",\"name\":\"Tinh b\u1ed9t t\u00eda t\u00f4 Ant-co - N\u00f4ng S\u1ea3n S\u1ea1ch Th\u00e1i Nguy\u00ean\",\"isPartOf\":{\"@id\":\"https:\/\/nongsansachthainguyen.com\/#website\"},\"primaryImageOfPage\":{\"@id\":\"https:\/\/nongsansachthainguyen.com\/san-pham\/tinh-bot-tia-to-ant-co\/#primaryimage\"},\"image\":{\"@id\":\"https:\/\/nongsansachthainguyen.com\/san-pham\/tinh-bot-tia-to-ant-co\/#primaryimage\"},\"thumbnailUrl\":\"https:\/\/nongsansachthainguyen.com\/wp-content\/uploads\/2021\/09\/z2788936723792_a6c447414c9d0d762817ce94f746c625-e1633157459132.jpg\",\"datePublished\":\"2021-09-24T04:47:41+00:00\",\"dateModified\":\"2023-06-08T15:34:07+00:00\",\"breadcrumb\":{\"@id\":\"https:\/\/nongsansachthainguyen.com\/san-pham\/tinh-bot-tia-to-ant-co\/#breadcrumb\"},\"inLanguage\":\"en-US\",\"potentialAction\":[{\"@type\":\"ReadAction\",\"target\":[\"https:\/\/nongsansachthainguyen.com\/san-pham\/tinh-bot-tia-to-ant-co\/\"]}]},{\"@type\":\"ImageObject\",\"inLanguage\":\"en-US\",\"@id\":\"https:\/\/nongsansachthainguyen.com\/san-pham\/tinh-bot-tia-to-ant-co\/#primaryimage\",\"url\":\"https:\/\/nongsansachthainguyen.com\/wp-content\/uploads\/2021\/09\/z2788936723792_a6c447414c9d0d762817ce94f746c625-e1633157459132.jpg\",\"contentUrl\":\"https:\/\/nongsansachthainguyen.com\/wp-content\/uploads\/2021\/09\/z2788936723792_a6c447414c9d0d762817ce94f746c625-e1633157459132.jpg\",\"width\":730,\"height\":718},{\"@type\":\"BreadcrumbList\",\"@id\":\"https:\/\/nongsansachthainguyen.com\/san-pham\/tinh-bot-tia-to-ant-co\/#breadcrumb\",\"itemListElement\":[{\"@type\":\"ListItem\",\"position\":1,\"name\":\"Trang ch\u1ee7\",\"item\":\"https:\/\/nongsansachthainguyen.com\/\"},{\"@type\":\"ListItem\",\"position\":2,\"name\":\"C\u1eeda h\u00e0ng\",\"item\":\"https:\/\/nongsansachthainguyen.com\/cua-hang\/\"},{\"@type\":\"ListItem\",\"position\":3,\"name\":\"Tinh b\u1ed9t t\u00eda t\u00f4 Ant-co\"}]},{\"@type\":\"WebSite\",\"@id\":\"https:\/\/nongsansachthainguyen.com\/#website\",\"url\":\"https:\/\/nongsansachthainguyen.com\/\",\"name\":\"N\u00f4ng S\u1ea3n S\u1ea1ch Th\u00e1i Nguy\u00ean\",\"description\":\"\",\"potentialAction\":[{\"@type\":\"SearchAction\",\"target\":{\"@type\":\"EntryPoint\",\"urlTemplate\":\"https:\/\/nongsansachthainguyen.com\/?s={search_term_string}\"},\"query-input\":\"required name=search_term_string\"}],\"inLanguage\":\"en-US\"}]}<\/script>\n<!-- \/ Yoast SEO plugin. -->","yoast_head_json":{"title":"Tinh b\u1ed9t t\u00eda t\u00f4 Ant-co - N\u00f4ng S\u1ea3n S\u1ea1ch Th\u00e1i Nguy\u00ean","robots":{"index":"index","follow":"follow","max-snippet":"max-snippet:-1","max-image-preview":"max-image-preview:large","max-video-preview":"max-video-preview:-1"},"canonical":"https:\/\/nongsansachthainguyen.com\/en\/product\/tinh-bot-tia-to-ant-co\/","og_locale":"en_US","og_type":"article","og_title":"Tinh b\u1ed9t t\u00eda t\u00f4 Ant-co - N\u00f4ng S\u1ea3n S\u1ea1ch Th\u00e1i Nguy\u00ean","og_description":"Th\u01b0\u01a1ng hi\u1ec7u: Ant-Co  Tr\u1ecdng l\u01b0\u1ee3ng: 70 gram (2gr\/ g\u00f3i x 35 g\u00f3i\/ h\u1ed9p), 100 gram, 500 gram  S\u1ea3n xu\u1ea5t b\u1edfi: Li\u00ean hi\u1ec7p H\u1ee3p t\u00e1c x\u00e3 n\u00f4ng s\u1ea3n Th\u00e1i Nguy\u00ean  S\u1ea3n xu\u1ea5t t\u1ea1i: Th\u00e1i Nguy\u00ean, Vi\u1ec7t Nam  S\u1ea3n ph\u1ea9m Tinh b\u1ed9t t\u00eda t\u00f4 Ant-Co c\u00f3 M\u00e3 s\u1ed1 M\u00e3 v\u1ea1ch s\u1ea3n ph\u1ea9m: 8938542011203","og_url":"https:\/\/nongsansachthainguyen.com\/en\/product\/tinh-bot-tia-to-ant-co\/","og_site_name":"N\u00f4ng S\u1ea3n S\u1ea1ch Th\u00e1i Nguy\u00ean","article_modified_time":"2023-06-08T15:34:07+00:00","og_image":[{"width":730,"height":718,"url":"https:\/\/nongsansachthainguyen.com\/wp-content\/uploads\/2021\/09\/z2788936723792_a6c447414c9d0d762817ce94f746c625-e1633157459132.jpg","type":"image\/jpeg"}],"twitter_card":"summary_large_image","twitter_misc":{"Est. reading time":"2 minutes"},"schema":{"@context":"https:\/\/schema.org","@graph":[{"@type":"WebPage","@id":"https:\/\/nongsansachthainguyen.com\/san-pham\/tinh-bot-tia-to-ant-co\/","url":"https:\/\/nongsansachthainguyen.com\/san-pham\/tinh-bot-tia-to-ant-co\/","name":"Tinh b\u1ed9t t\u00eda t\u00f4 Ant-co - N\u00f4ng S\u1ea3n S\u1ea1ch Th\u00e1i Nguy\u00ean","isPartOf":{"@id":"https:\/\/nongsansachthainguyen.com\/#website"},"primaryImageOfPage":{"@id":"https:\/\/nongsansachthainguyen.com\/san-pham\/tinh-bot-tia-to-ant-co\/#primaryimage"},"image":{"@id":"https:\/\/nongsansachthainguyen.com\/san-pham\/tinh-bot-tia-to-ant-co\/#primaryimage"},"thumbnailUrl":"https:\/\/nongsansachthainguyen.com\/wp-content\/uploads\/2021\/09\/z2788936723792_a6c447414c9d0d762817ce94f746c625-e1633157459132.jpg","datePublished":"2021-09-24T04:47:41+00:00","dateModified":"2023-06-08T15:34:07+00:00","breadcrumb":{"@id":"https:\/\/nongsansachthainguyen.com\/san-pham\/tinh-bot-tia-to-ant-co\/#breadcrumb"},"inLanguage":"en-US","potentialAction":[{"@type":"ReadAction","target":["https:\/\/nongsansachthainguyen.com\/san-pham\/tinh-bot-tia-to-ant-co\/"]}]},{"@type":"ImageObject","inLanguage":"en-US","@id":"https:\/\/nongsansachthainguyen.com\/san-pham\/tinh-bot-tia-to-ant-co\/#primaryimage","url":"https:\/\/nongsansachthainguyen.com\/wp-content\/uploads\/2021\/09\/z2788936723792_a6c447414c9d0d762817ce94f746c625-e1633157459132.jpg","contentUrl":"https:\/\/nongsansachthainguyen.com\/wp-content\/uploads\/2021\/09\/z2788936723792_a6c447414c9d0d762817ce94f746c625-e1633157459132.jpg","width":730,"height":718},{"@type":"BreadcrumbList","@id":"https:\/\/nongsansachthainguyen.com\/san-pham\/tinh-bot-tia-to-ant-co\/#breadcrumb","itemListElement":[{"@type":"ListItem","position":1,"name":"Trang ch\u1ee7","item":"https:\/\/nongsansachthainguyen.com\/"},{"@type":"ListItem","position":2,"name":"C\u1eeda h\u00e0ng","item":"https:\/\/nongsansachthainguyen.com\/cua-hang\/"},{"@type":"ListItem","position":3,"name":"Tinh b\u1ed9t t\u00eda t\u00f4 Ant-co"}]},{"@type":"WebSite","@id":"https:\/\/nongsansachthainguyen.com\/#website","url":"https:\/\/nongsansachthainguyen.com\/","name":"N\u00f4ng S\u1ea3n S\u1ea1ch Th\u00e1i Nguy\u00ean","description":"","potentialAction":[{"@type":"SearchAction","target":{"@type":"EntryPoint","urlTemplate":"https:\/\/nongsansachthainguyen.com\/?s={search_term_string}"},"query-input":"required name=search_term_string"}],"inLanguage":"en-US"}]}},"_links":{"self":[{"href":"https:\/\/nongsansachthainguyen.com\/en\/wp-json\/wp\/v2\/product\/378"}],"collection":[{"href":"https:\/\/nongsansachthainguyen.com\/en\/wp-json\/wp\/v2\/product"}],"about":[{"href":"https:\/\/nongsansachthainguyen.com\/en\/wp-json\/wp\/v2\/types\/product"}],"replies":[{"embeddable":true,"href":"https:\/\/nongsansachthainguyen.com\/en\/wp-json\/wp\/v2\/comments?post=378"}],"wp:featuredmedia":[{"embeddable":true,"href":"https:\/\/nongsansachthainguyen.com\/en\/wp-json\/wp\/v2\/media\/406"}],"wp:attachment":[{"href":"https:\/\/nongsansachthainguyen.com\/en\/wp-json\/wp\/v2\/media?parent=378"}],"wp:term":[{"taxonomy":"product_cat","embeddable":true,"href":"https:\/\/nongsansachthainguyen.com\/en\/wp-json\/wp\/v2\/product_cat?post=378"},{"taxonomy":"product_tag","embeddable":true,"href":"https:\/\/nongsansachthainguyen.com\/en\/wp-json\/wp\/v2\/product_tag?post=378"}],"curies":[{"name":"wp","href":"https:\/\/api.w.org\/{rel}","templated":true}]}}