{"id":311,"date":"2021-08-09T08:25:54","date_gmt":"2021-08-09T08:25:54","guid":{"rendered":"http:\/\/nongsansachthainguyen.com\/?post_type=product&#038;p=311"},"modified":"2023-06-02T16:54:30","modified_gmt":"2023-06-02T16:54:30","slug":"che-tom-non","status":"publish","type":"product","link":"https:\/\/nongsansachthainguyen.com\/en\/product\/che-tom-non\/","title":{"rendered":"Ant-co \"Tom Non\" Tea"},"content":{"rendered":"<p><span style=\"font-weight: 400;\">Thai Nguyen \"T\u00f4m N\u00f5n\" tea is made from 1 bud (N\u00f5n or T\u00f4m) at the top and 1 young leaf at the bottom, carefully selected from a tea hill with good soil. And like Thai Nguyen Dinh tea, not all artisans can copy \"T\u00f4m n\u00f5n\" tea because young tea leaves are easily crushed.<\/span><\/p>\n<p>&nbsp;<\/p>\n<p><span style=\"font-weight: 400;\">Delicious Thai Nguyen specialty \u201cT\u00f4m N\u00f5n\u201d Tea with glossy black tea wings, tiny but evenly spaced; pinching a pinch of dried tea, you will find it crispy and powdery. But when brewing the tea with boiling water, the tea buds are opened again as if they were just picked. The tea has a light aroma, a bit acrid, but after drinking it for a long time, it tastes sweet.<\/span><\/p>\n<p>&nbsp;<\/p>\n<p><em>Tom Non Ant-Co Tea products have barcode number: 8938542011043&nbsp;<\/em><\/p>\n<p><img loading=\"lazy\" decoding=\"async\" class=\"alignnone size-medium wp-image-571 aligncenter\" src=\"http:\/\/nongsansachthainguyen.com\/wp-content\/uploads\/2021\/09\/z2879000945903_1ae0f91567ff235d4c00f765b471dbdc-1-300x200.jpg\" alt=\"\" width=\"300\" height=\"200\" srcset=\"https:\/\/nongsansachthainguyen.com\/wp-content\/uploads\/2021\/09\/z2879000945903_1ae0f91567ff235d4c00f765b471dbdc-1-300x200.jpg 300w, https:\/\/nongsansachthainguyen.com\/wp-content\/uploads\/2021\/09\/z2879000945903_1ae0f91567ff235d4c00f765b471dbdc-1.jpg 402w\" sizes=\"(max-width: 300px) 100vw, 300px\" \/><\/p>","protected":false},"excerpt":{"rendered":"<p><span style=\"font-weight: 400;\">Brand: \u201cT\u00f4m N\u00f5n\u201d Green Tea, Ant-Co.<\/span><\/p>\n<p><span style=\"font-weight: 400;\">Weight: 100g, 200g, 500g.<\/span><\/p>\n<p><span style=\"font-weight: 400;\">Produced in Thai Nguyen City<\/span><\/p>\n<p><span style=\"font-weight: 400;\">Tom Non Ant-Co Tea products have barcode number: 8938542011043<\/span><\/p>","protected":false},"featured_media":850,"comment_status":"open","ping_status":"closed","template":"","meta":{"_acf_changed":false,"ngg_post_thumbnail":0},"product_cat":[17],"product_tag":[22,29,30],"class_list":{"0":"post-311","1":"product","2":"type-product","3":"status-publish","4":"has-post-thumbnail","6":"product_cat-tra-va-cac-san-pham-tu-tra","7":"product_tag-tra","8":"product_tag-che","9":"product_tag-che-tom-non","11":"first","12":"instock","13":"shipping-taxable","14":"product-type-simple"},"acf":[],"yoast_head":"<!-- This site is optimized with the Yoast SEO plugin v23.2 - https:\/\/yoast.com\/wordpress\/plugins\/seo\/ -->\n<title>Tr\u00e0 &quot;T\u00f4m N\u00f5n&quot; Ant-co (Ant-co Tom Non Tea) - N\u00f4ng S\u1ea3n S\u1ea1ch Th\u00e1i Nguy\u00ean<\/title>\n<meta name=\"robots\" content=\"index, follow, max-snippet:-1, max-image-preview:large, max-video-preview:-1\" \/>\n<link rel=\"canonical\" href=\"https:\/\/nongsansachthainguyen.com\/en\/product\/che-tom-non\/\" \/>\n<meta property=\"og:locale\" content=\"en_US\" \/>\n<meta property=\"og:type\" content=\"article\" \/>\n<meta property=\"og:title\" content=\"Tr\u00e0 &quot;T\u00f4m N\u00f5n&quot; Ant-co (Ant-co Tom Non Tea) - N\u00f4ng S\u1ea3n S\u1ea1ch Th\u00e1i Nguy\u00ean\" \/>\n<meta property=\"og:description\" content=\"Th\u01b0\u01a1ng hi\u1ec7u: Tr\u00e0 T\u00f4m N\u00f5n Ant-co  Tr\u1ecdng l\u01b0\u1ee3ng: 100g, 200g, 500g  S\u1ea3n xu\u1ea5t t\u1ea1i: Th\u00e1i Nguy\u00ean  S\u1ea3n ph\u1ea9m Tr\u00e0 t\u00f4m n\u00f5n Ant-Co c\u00f3 m\u00e3 s\u1ed1 m\u00e3 v\u1ea1ch: 8938542011043\" \/>\n<meta property=\"og:url\" content=\"https:\/\/nongsansachthainguyen.com\/en\/product\/che-tom-non\/\" \/>\n<meta property=\"og:site_name\" content=\"N\u00f4ng S\u1ea3n S\u1ea1ch Th\u00e1i Nguy\u00ean\" \/>\n<meta property=\"article:modified_time\" content=\"2023-06-02T16:54:30+00:00\" \/>\n<meta property=\"og:image\" content=\"https:\/\/nongsansachthainguyen.com\/wp-content\/uploads\/2021\/08\/Screenshot-2023-05-22-at-23.01.50.png\" \/>\n\t<meta property=\"og:image:width\" content=\"482\" \/>\n\t<meta property=\"og:image:height\" content=\"728\" \/>\n\t<meta property=\"og:image:type\" content=\"image\/png\" \/>\n<meta name=\"twitter:card\" content=\"summary_large_image\" \/>\n<meta name=\"twitter:label1\" content=\"Est. reading time\" \/>\n\t<meta name=\"twitter:data1\" content=\"1 minute\" \/>\n<script type=\"application\/ld+json\" class=\"yoast-schema-graph\">{\"@context\":\"https:\/\/schema.org\",\"@graph\":[{\"@type\":\"WebPage\",\"@id\":\"https:\/\/nongsansachthainguyen.com\/san-pham\/che-tom-non\/\",\"url\":\"https:\/\/nongsansachthainguyen.com\/san-pham\/che-tom-non\/\",\"name\":\"Tr\u00e0 \\\"T\u00f4m N\u00f5n\\\" Ant-co (Ant-co Tom Non Tea) - N\u00f4ng S\u1ea3n S\u1ea1ch Th\u00e1i Nguy\u00ean\",\"isPartOf\":{\"@id\":\"https:\/\/nongsansachthainguyen.com\/#website\"},\"primaryImageOfPage\":{\"@id\":\"https:\/\/nongsansachthainguyen.com\/san-pham\/che-tom-non\/#primaryimage\"},\"image\":{\"@id\":\"https:\/\/nongsansachthainguyen.com\/san-pham\/che-tom-non\/#primaryimage\"},\"thumbnailUrl\":\"https:\/\/nongsansachthainguyen.com\/wp-content\/uploads\/2021\/08\/Screenshot-2023-05-22-at-23.01.50.png\",\"datePublished\":\"2021-08-09T08:25:54+00:00\",\"dateModified\":\"2023-06-02T16:54:30+00:00\",\"breadcrumb\":{\"@id\":\"https:\/\/nongsansachthainguyen.com\/san-pham\/che-tom-non\/#breadcrumb\"},\"inLanguage\":\"en-US\",\"potentialAction\":[{\"@type\":\"ReadAction\",\"target\":[\"https:\/\/nongsansachthainguyen.com\/san-pham\/che-tom-non\/\"]}]},{\"@type\":\"ImageObject\",\"inLanguage\":\"en-US\",\"@id\":\"https:\/\/nongsansachthainguyen.com\/san-pham\/che-tom-non\/#primaryimage\",\"url\":\"https:\/\/nongsansachthainguyen.com\/wp-content\/uploads\/2021\/08\/Screenshot-2023-05-22-at-23.01.50.png\",\"contentUrl\":\"https:\/\/nongsansachthainguyen.com\/wp-content\/uploads\/2021\/08\/Screenshot-2023-05-22-at-23.01.50.png\",\"width\":482,\"height\":728},{\"@type\":\"BreadcrumbList\",\"@id\":\"https:\/\/nongsansachthainguyen.com\/san-pham\/che-tom-non\/#breadcrumb\",\"itemListElement\":[{\"@type\":\"ListItem\",\"position\":1,\"name\":\"Trang ch\u1ee7\",\"item\":\"https:\/\/nongsansachthainguyen.com\/\"},{\"@type\":\"ListItem\",\"position\":2,\"name\":\"C\u1eeda h\u00e0ng\",\"item\":\"https:\/\/nongsansachthainguyen.com\/cua-hang\/\"},{\"@type\":\"ListItem\",\"position\":3,\"name\":\"Tr\u00e0 &#8220;T\u00f4m N\u00f5n&#8221; Ant-co (Ant-co Tom Non Tea)\"}]},{\"@type\":\"WebSite\",\"@id\":\"https:\/\/nongsansachthainguyen.com\/#website\",\"url\":\"https:\/\/nongsansachthainguyen.com\/\",\"name\":\"N\u00f4ng S\u1ea3n S\u1ea1ch Th\u00e1i Nguy\u00ean\",\"description\":\"\",\"potentialAction\":[{\"@type\":\"SearchAction\",\"target\":{\"@type\":\"EntryPoint\",\"urlTemplate\":\"https:\/\/nongsansachthainguyen.com\/?s={search_term_string}\"},\"query-input\":\"required name=search_term_string\"}],\"inLanguage\":\"en-US\"}]}<\/script>\n<!-- \/ Yoast SEO plugin. -->","yoast_head_json":{"title":"Tr\u00e0 \"T\u00f4m N\u00f5n\" Ant-co (Ant-co Tom Non Tea) - N\u00f4ng S\u1ea3n S\u1ea1ch Th\u00e1i Nguy\u00ean","robots":{"index":"index","follow":"follow","max-snippet":"max-snippet:-1","max-image-preview":"max-image-preview:large","max-video-preview":"max-video-preview:-1"},"canonical":"https:\/\/nongsansachthainguyen.com\/en\/product\/che-tom-non\/","og_locale":"en_US","og_type":"article","og_title":"Tr\u00e0 \"T\u00f4m N\u00f5n\" Ant-co (Ant-co Tom Non Tea) - N\u00f4ng S\u1ea3n S\u1ea1ch Th\u00e1i Nguy\u00ean","og_description":"Th\u01b0\u01a1ng hi\u1ec7u: Tr\u00e0 T\u00f4m N\u00f5n Ant-co  Tr\u1ecdng l\u01b0\u1ee3ng: 100g, 200g, 500g  S\u1ea3n xu\u1ea5t t\u1ea1i: Th\u00e1i Nguy\u00ean  S\u1ea3n ph\u1ea9m Tr\u00e0 t\u00f4m n\u00f5n Ant-Co c\u00f3 m\u00e3 s\u1ed1 m\u00e3 v\u1ea1ch: 8938542011043","og_url":"https:\/\/nongsansachthainguyen.com\/en\/product\/che-tom-non\/","og_site_name":"N\u00f4ng S\u1ea3n S\u1ea1ch Th\u00e1i Nguy\u00ean","article_modified_time":"2023-06-02T16:54:30+00:00","og_image":[{"width":482,"height":728,"url":"https:\/\/nongsansachthainguyen.com\/wp-content\/uploads\/2021\/08\/Screenshot-2023-05-22-at-23.01.50.png","type":"image\/png"}],"twitter_card":"summary_large_image","twitter_misc":{"Est. reading time":"1 minute"},"schema":{"@context":"https:\/\/schema.org","@graph":[{"@type":"WebPage","@id":"https:\/\/nongsansachthainguyen.com\/san-pham\/che-tom-non\/","url":"https:\/\/nongsansachthainguyen.com\/san-pham\/che-tom-non\/","name":"Tr\u00e0 \"T\u00f4m N\u00f5n\" Ant-co (Ant-co Tom Non Tea) - N\u00f4ng S\u1ea3n S\u1ea1ch Th\u00e1i Nguy\u00ean","isPartOf":{"@id":"https:\/\/nongsansachthainguyen.com\/#website"},"primaryImageOfPage":{"@id":"https:\/\/nongsansachthainguyen.com\/san-pham\/che-tom-non\/#primaryimage"},"image":{"@id":"https:\/\/nongsansachthainguyen.com\/san-pham\/che-tom-non\/#primaryimage"},"thumbnailUrl":"https:\/\/nongsansachthainguyen.com\/wp-content\/uploads\/2021\/08\/Screenshot-2023-05-22-at-23.01.50.png","datePublished":"2021-08-09T08:25:54+00:00","dateModified":"2023-06-02T16:54:30+00:00","breadcrumb":{"@id":"https:\/\/nongsansachthainguyen.com\/san-pham\/che-tom-non\/#breadcrumb"},"inLanguage":"en-US","potentialAction":[{"@type":"ReadAction","target":["https:\/\/nongsansachthainguyen.com\/san-pham\/che-tom-non\/"]}]},{"@type":"ImageObject","inLanguage":"en-US","@id":"https:\/\/nongsansachthainguyen.com\/san-pham\/che-tom-non\/#primaryimage","url":"https:\/\/nongsansachthainguyen.com\/wp-content\/uploads\/2021\/08\/Screenshot-2023-05-22-at-23.01.50.png","contentUrl":"https:\/\/nongsansachthainguyen.com\/wp-content\/uploads\/2021\/08\/Screenshot-2023-05-22-at-23.01.50.png","width":482,"height":728},{"@type":"BreadcrumbList","@id":"https:\/\/nongsansachthainguyen.com\/san-pham\/che-tom-non\/#breadcrumb","itemListElement":[{"@type":"ListItem","position":1,"name":"Trang ch\u1ee7","item":"https:\/\/nongsansachthainguyen.com\/"},{"@type":"ListItem","position":2,"name":"C\u1eeda h\u00e0ng","item":"https:\/\/nongsansachthainguyen.com\/cua-hang\/"},{"@type":"ListItem","position":3,"name":"Tr\u00e0 &#8220;T\u00f4m N\u00f5n&#8221; Ant-co (Ant-co Tom Non Tea)"}]},{"@type":"WebSite","@id":"https:\/\/nongsansachthainguyen.com\/#website","url":"https:\/\/nongsansachthainguyen.com\/","name":"N\u00f4ng S\u1ea3n S\u1ea1ch Th\u00e1i Nguy\u00ean","description":"","potentialAction":[{"@type":"SearchAction","target":{"@type":"EntryPoint","urlTemplate":"https:\/\/nongsansachthainguyen.com\/?s={search_term_string}"},"query-input":"required name=search_term_string"}],"inLanguage":"en-US"}]}},"_links":{"self":[{"href":"https:\/\/nongsansachthainguyen.com\/en\/wp-json\/wp\/v2\/product\/311"}],"collection":[{"href":"https:\/\/nongsansachthainguyen.com\/en\/wp-json\/wp\/v2\/product"}],"about":[{"href":"https:\/\/nongsansachthainguyen.com\/en\/wp-json\/wp\/v2\/types\/product"}],"replies":[{"embeddable":true,"href":"https:\/\/nongsansachthainguyen.com\/en\/wp-json\/wp\/v2\/comments?post=311"}],"wp:featuredmedia":[{"embeddable":true,"href":"https:\/\/nongsansachthainguyen.com\/en\/wp-json\/wp\/v2\/media\/850"}],"wp:attachment":[{"href":"https:\/\/nongsansachthainguyen.com\/en\/wp-json\/wp\/v2\/media?parent=311"}],"wp:term":[{"taxonomy":"product_cat","embeddable":true,"href":"https:\/\/nongsansachthainguyen.com\/en\/wp-json\/wp\/v2\/product_cat?post=311"},{"taxonomy":"product_tag","embeddable":true,"href":"https:\/\/nongsansachthainguyen.com\/en\/wp-json\/wp\/v2\/product_tag?post=311"}],"curies":[{"name":"wp","href":"https:\/\/api.w.org\/{rel}","templated":true}]}}