{"id":247,"date":"2021-08-08T02:28:34","date_gmt":"2021-08-08T02:28:34","guid":{"rendered":"http:\/\/nongsansachthainguyen.com\/?post_type=product&#038;p=247"},"modified":"2023-06-08T15:51:27","modified_gmt":"2023-06-08T15:51:27","slug":"bot-ot-kho","status":"publish","type":"product","link":"https:\/\/nongsansachthainguyen.com\/en\/product\/bot-ot-kho\/","title":{"rendered":"Ant-Co super spicy chili powder"},"content":{"rendered":"<p><span style=\"font-weight: 400;\">Ingredients:<\/span><\/p>\n<p><span style=\"font-weight: 400;\">100% super spicy chili<\/span><\/p>\n<p><span style=\"font-weight: 400;\">Cultivated according to safe quality process of  Thai Nguyen Agricultural Cooperation Union<\/span><\/p>\n<p><span style=\"font-weight: 400;\">Nutritional ingredients in chili powder 100g paprika provides approximately:<\/span><\/p>\n<p><span style=\"font-weight: 400;\">Kcal 281<\/span><\/p>\n<p><span style=\"font-weight: 400;\">Fat 14 g<\/span><\/p>\n<p><span style=\"font-weight: 400;\">Sodium 1640 mg<\/span><\/p>\n<p><span style=\"font-weight: 400;\">Potassium 1950 mg<\/span><\/p>\n<p><span style=\"font-weight: 400;\">Carbohydrates 50 g<\/span><\/p>\n<p><span style=\"font-weight: 400;\">Fiber 35 g<\/span><\/p>\n<p><span style=\"font-weight: 400;\">Vitamin A 29.65 IU<\/span><\/p>\n<p><span style=\"font-weight: 400;\">Vitamin C 0.7 mg<\/span><\/p>\n<p><span style=\"font-weight: 400;\">Calcium 330 mg<\/span><\/p>\n<p><span style=\"font-weight: 400;\">Iron 17.3 mg<\/span><\/p>\n<p><span style=\"font-weight: 400;\">Vitamin B6 2.1 mg<\/span><\/p>\n<p><span style=\"font-weight: 400;\">Magnesium 149 mg<\/span><\/p>\n<p><span style=\"font-weight: 400;\">Health benefits of chili powder<\/span><\/p>\n<ol>\n<li><span style=\"font-weight: 400;\"> Healthy Eyes<\/span><\/li>\n<\/ol>\n<p><span style=\"font-weight: 400;\">&nbsp;&nbsp;&nbsp;One tablespoon of paprika contains vitamin A with 9 percent of the recommended requirement for a person. Vitamin A is known for its benefits of improving your vision and preventing night blindness and macular degeneration from developing as we age.<\/span><\/p>\n<ol start=\"2\">\n<li><span style=\"font-weight: 400;\"> Supports red blood cell formation.<\/span><\/li>\n<\/ol>\n<p><span style=\"font-weight: 400;\">&nbsp;&nbsp;Copper and iron are essential for new blood cell formation. Iron deficiency can lead to anemia, fatigue, and muscle weakness.<\/span><\/p>\n<ol start=\"3\">\n<li><span style=\"font-weight: 400;\"> Improve cognitive function.<\/span><\/li>\n<\/ol>\n<p><span style=\"font-weight: 400;\">&nbsp;&nbsp;The amount of iron in paprika leads to increased hemoglobin production and increased blood flow. The proper amount of oxygen and iron in the brain leads to improved cognitive performance and a reduction in cognitive disorders such as Alzheimer\u2019s disease and dementia.<\/span><\/p>\n<ol start=\"4\">\n<li><span style=\"font-weight: 400;\"> Maintain healthy blood pressure.<\/span><\/li>\n<\/ol>\n<p><span style=\"font-weight: 400;\">&nbsp;&nbsp;Chili powder has an excellent ratio of potassium to sodium. They are known for their high potassium content. One tablespoon of paprika contains 144 milligrams of potassium, compared to just 75.8 milligrams of sodium. This helps the blood vessels relax and maintain proper blood pressure.<\/span><\/p>\n<ol start=\"5\">\n<li><span style=\"font-weight: 400;\"> Supports the digestive system.<\/span><\/li>\n<\/ol>\n<p><span style=\"font-weight: 400;\">&nbsp;&nbsp;&nbsp;It possesses a considerable amount of fiber. Fiber stimulates easier bowel movements and increases the secretion of gastric juices, making it easier to digest, preventing conditions like constipation, and protecting the body from more serious conditions like colorectal cancer.<\/span><\/p>\n<ol start=\"6\">\n<li><span style=\"font-weight: 400;\"> Fight infection.<\/span><\/li>\n<\/ol>\n<p><span style=\"font-weight: 400;\">&nbsp;&nbsp;&nbsp;Vitamin C is a natural water-soluble antioxidant that helps the body develop resistance against infectious agents and destroy cancer-causing free radicals in the body.<\/span><\/p>\n<ol start=\"7\">\n<li><span style=\"font-weight: 400;\"> Good for hair and skin.<\/span><\/li>\n<\/ol>\n<p><span style=\"font-weight: 400;\">&nbsp;&nbsp;Adequate vitamin C supplementation not only improves the immune system, but can also create and maintain collagen, an important protein found in hair and skin. In addition, paprika contains vitamin A to keep hair moisturized through increasing sebum production. Each tablespoon contains 44 percent of the recommended daily amount of vitamin A<\/span><\/p>\n<p><span style=\"font-weight: 400;\">&nbsp; Finally, it is an excellent source of vitamin E in skin care and hair care. Thanks to its antioxidant properties, vitamin E promotes blood circulation to the scalp.<\/span><\/p>\n<ol start=\"8\">\n<li><span style=\"font-weight: 400;\"> Some other benefits<\/span><\/li>\n<\/ol>\n<p><span style=\"font-weight: 400;\">Heart disease: The antioxidants in paprika help scavenge free radicals that can promote cholesterol buildup that leads to heart disease.<\/span><\/p>\n<p><span style=\"font-weight: 400;\">Constipation: The high fiber content in paprika not only helps prevent constipation, it can help protect against colorectal cancer.<\/span><\/p>\n<p><span style=\"font-weight: 400;\">Osteoporosis: The calcium in paprika can make bones stronger and thicker thereby helping to offset the loss of bone density that comes with aging.<\/span><\/p>\n<p><span style=\"font-weight: 400;\">Note when using chili powder<\/span><\/p>\n<ul>\n<li><span style=\"font-weight: 400;\">The powder is pungent and causes a runny nose, difficulty breathing, temporary blindness, and eye pain.<\/span><\/li>\n<li><span style=\"font-weight: 400;\">Sensitive people should use masks and thin gloves while handling chili peppers.<\/span><\/li>\n<li><span style=\"font-weight: 400;\">Avoid touching your eyes with contaminated fingers. Rinse eyes with cold water to reduce irritation.<\/span><\/li>\n<li><span style=\"font-weight: 400;\">It may worsen gastroesophageal reflux.<\/span><\/li>\n<li><span style=\"font-weight: 400;\">Spoiled peppers contain chemical compounds such as aflatoxin that cause liver, stomach and colon cancer.<\/span><\/li>\n<\/ul>","protected":false},"excerpt":{"rendered":"<p><span style=\"font-weight: 400;\">Brand: Ant-Co<\/span><\/p>\n<p><span style=\"font-weight: 400;\">Weight: 100 gram, 500 gram, 5kg<\/span><\/p>\n<p><span style=\"font-weight: 400;\">Produced by: Thai Nguyen Agricultural Cooperation Union<\/span><\/p>\n<p><span style=\"font-weight: 400;\">Made in: Thai Nguyen, Viet Nam<\/span><\/p>\n<p><span style=\"font-weight: 400;\">Ant-co super spicy chili powder product has Product Barcode: 8938542011142<\/span><\/p>","protected":false},"featured_media":494,"comment_status":"open","ping_status":"closed","template":"","meta":{"_acf_changed":false,"ngg_post_thumbnail":0},"product_cat":[25],"product_tag":[26,27,28],"class_list":{"0":"post-247","1":"product","2":"type-product","3":"status-publish","4":"has-post-thumbnail","6":"product_cat-ot-va-cac-san-pham-tu-ot","7":"product_tag-bot-ot","8":"product_tag-ot-kho","9":"product_tag-ot","11":"first","12":"instock","13":"shipping-taxable","14":"product-type-simple"},"acf":[],"yoast_head":"<!-- This site is optimized with the Yoast SEO plugin v23.2 - https:\/\/yoast.com\/wordpress\/plugins\/seo\/ -->\n<title>\u1edat b\u1ed9t si\u00eau cay Ant-co - N\u00f4ng S\u1ea3n S\u1ea1ch Th\u00e1i Nguy\u00ean<\/title>\n<meta name=\"robots\" content=\"index, follow, max-snippet:-1, max-image-preview:large, max-video-preview:-1\" \/>\n<link rel=\"canonical\" href=\"https:\/\/nongsansachthainguyen.com\/en\/product\/bot-ot-kho\/\" \/>\n<meta property=\"og:locale\" content=\"en_US\" \/>\n<meta property=\"og:type\" content=\"article\" \/>\n<meta property=\"og:title\" content=\"\u1edat b\u1ed9t si\u00eau cay Ant-co - N\u00f4ng S\u1ea3n S\u1ea1ch Th\u00e1i Nguy\u00ean\" \/>\n<meta property=\"og:description\" content=\"Th\u01b0\u01a1ng hi\u1ec7u: Ant-Co  Tr\u1ecdng l\u01b0\u1ee3ng: 100 gram, 500 gram, 5kg  S\u1ea3n xu\u1ea5t b\u1edfi: Li\u00ean hi\u1ec7p H\u1ee3p t\u00e1c x\u00e3 n\u00f4ng s\u1ea3n Th\u00e1i Nguy\u00ean  S\u1ea3n xu\u1ea5t t\u1ea1i: Th\u00e1i Nguy\u00ean, Vi\u1ec7t Nam  S\u1ea3n ph\u1ea9m \u1edat b\u1ed9t si\u00eau cay&nbsp; Ant-Co c\u00f3 M\u00e3 s\u1ed1 M\u00e3 v\u1ea1ch s\u1ea3n ph\u1ea9m: 8938542011142\" \/>\n<meta property=\"og:url\" content=\"https:\/\/nongsansachthainguyen.com\/en\/product\/bot-ot-kho\/\" \/>\n<meta property=\"og:site_name\" content=\"N\u00f4ng S\u1ea3n S\u1ea1ch Th\u00e1i Nguy\u00ean\" \/>\n<meta property=\"article:modified_time\" content=\"2023-06-08T15:51:27+00:00\" \/>\n<meta property=\"og:image\" content=\"https:\/\/nongsansachthainguyen.com\/wp-content\/uploads\/2021\/08\/z2842506100736_b662dd564481e6ee659704568f007345.jpg\" \/>\n\t<meta property=\"og:image:width\" content=\"368\" \/>\n\t<meta property=\"og:image:height\" content=\"441\" \/>\n\t<meta property=\"og:image:type\" content=\"image\/jpeg\" \/>\n<meta name=\"twitter:card\" content=\"summary_large_image\" \/>\n<meta name=\"twitter:label1\" content=\"Est. reading time\" \/>\n\t<meta name=\"twitter:data1\" content=\"4 minutes\" \/>\n<script type=\"application\/ld+json\" class=\"yoast-schema-graph\">{\"@context\":\"https:\/\/schema.org\",\"@graph\":[{\"@type\":\"WebPage\",\"@id\":\"https:\/\/nongsansachthainguyen.com\/san-pham\/bot-ot-kho\/\",\"url\":\"https:\/\/nongsansachthainguyen.com\/san-pham\/bot-ot-kho\/\",\"name\":\"\u1edat b\u1ed9t si\u00eau cay Ant-co - N\u00f4ng S\u1ea3n S\u1ea1ch Th\u00e1i Nguy\u00ean\",\"isPartOf\":{\"@id\":\"https:\/\/nongsansachthainguyen.com\/#website\"},\"primaryImageOfPage\":{\"@id\":\"https:\/\/nongsansachthainguyen.com\/san-pham\/bot-ot-kho\/#primaryimage\"},\"image\":{\"@id\":\"https:\/\/nongsansachthainguyen.com\/san-pham\/bot-ot-kho\/#primaryimage\"},\"thumbnailUrl\":\"https:\/\/nongsansachthainguyen.com\/wp-content\/uploads\/2021\/08\/z2842506100736_b662dd564481e6ee659704568f007345.jpg\",\"datePublished\":\"2021-08-08T02:28:34+00:00\",\"dateModified\":\"2023-06-08T15:51:27+00:00\",\"breadcrumb\":{\"@id\":\"https:\/\/nongsansachthainguyen.com\/san-pham\/bot-ot-kho\/#breadcrumb\"},\"inLanguage\":\"en-US\",\"potentialAction\":[{\"@type\":\"ReadAction\",\"target\":[\"https:\/\/nongsansachthainguyen.com\/san-pham\/bot-ot-kho\/\"]}]},{\"@type\":\"ImageObject\",\"inLanguage\":\"en-US\",\"@id\":\"https:\/\/nongsansachthainguyen.com\/san-pham\/bot-ot-kho\/#primaryimage\",\"url\":\"https:\/\/nongsansachthainguyen.com\/wp-content\/uploads\/2021\/08\/z2842506100736_b662dd564481e6ee659704568f007345.jpg\",\"contentUrl\":\"https:\/\/nongsansachthainguyen.com\/wp-content\/uploads\/2021\/08\/z2842506100736_b662dd564481e6ee659704568f007345.jpg\",\"width\":368,\"height\":441},{\"@type\":\"BreadcrumbList\",\"@id\":\"https:\/\/nongsansachthainguyen.com\/san-pham\/bot-ot-kho\/#breadcrumb\",\"itemListElement\":[{\"@type\":\"ListItem\",\"position\":1,\"name\":\"Trang ch\u1ee7\",\"item\":\"https:\/\/nongsansachthainguyen.com\/\"},{\"@type\":\"ListItem\",\"position\":2,\"name\":\"C\u1eeda h\u00e0ng\",\"item\":\"https:\/\/nongsansachthainguyen.com\/cua-hang\/\"},{\"@type\":\"ListItem\",\"position\":3,\"name\":\"\u1edat b\u1ed9t si\u00eau cay Ant-co\"}]},{\"@type\":\"WebSite\",\"@id\":\"https:\/\/nongsansachthainguyen.com\/#website\",\"url\":\"https:\/\/nongsansachthainguyen.com\/\",\"name\":\"N\u00f4ng S\u1ea3n S\u1ea1ch Th\u00e1i Nguy\u00ean\",\"description\":\"\",\"potentialAction\":[{\"@type\":\"SearchAction\",\"target\":{\"@type\":\"EntryPoint\",\"urlTemplate\":\"https:\/\/nongsansachthainguyen.com\/?s={search_term_string}\"},\"query-input\":\"required name=search_term_string\"}],\"inLanguage\":\"en-US\"}]}<\/script>\n<!-- \/ Yoast SEO plugin. -->","yoast_head_json":{"title":"\u1edat b\u1ed9t si\u00eau cay Ant-co - N\u00f4ng S\u1ea3n S\u1ea1ch Th\u00e1i Nguy\u00ean","robots":{"index":"index","follow":"follow","max-snippet":"max-snippet:-1","max-image-preview":"max-image-preview:large","max-video-preview":"max-video-preview:-1"},"canonical":"https:\/\/nongsansachthainguyen.com\/en\/product\/bot-ot-kho\/","og_locale":"en_US","og_type":"article","og_title":"\u1edat b\u1ed9t si\u00eau cay Ant-co - N\u00f4ng S\u1ea3n S\u1ea1ch Th\u00e1i Nguy\u00ean","og_description":"Th\u01b0\u01a1ng hi\u1ec7u: Ant-Co  Tr\u1ecdng l\u01b0\u1ee3ng: 100 gram, 500 gram, 5kg  S\u1ea3n xu\u1ea5t b\u1edfi: Li\u00ean hi\u1ec7p H\u1ee3p t\u00e1c x\u00e3 n\u00f4ng s\u1ea3n Th\u00e1i Nguy\u00ean  S\u1ea3n xu\u1ea5t t\u1ea1i: Th\u00e1i Nguy\u00ean, Vi\u1ec7t Nam  S\u1ea3n ph\u1ea9m \u1edat b\u1ed9t si\u00eau cay&nbsp; Ant-Co c\u00f3 M\u00e3 s\u1ed1 M\u00e3 v\u1ea1ch s\u1ea3n ph\u1ea9m: 8938542011142","og_url":"https:\/\/nongsansachthainguyen.com\/en\/product\/bot-ot-kho\/","og_site_name":"N\u00f4ng S\u1ea3n S\u1ea1ch Th\u00e1i Nguy\u00ean","article_modified_time":"2023-06-08T15:51:27+00:00","og_image":[{"width":368,"height":441,"url":"https:\/\/nongsansachthainguyen.com\/wp-content\/uploads\/2021\/08\/z2842506100736_b662dd564481e6ee659704568f007345.jpg","type":"image\/jpeg"}],"twitter_card":"summary_large_image","twitter_misc":{"Est. reading time":"4 minutes"},"schema":{"@context":"https:\/\/schema.org","@graph":[{"@type":"WebPage","@id":"https:\/\/nongsansachthainguyen.com\/san-pham\/bot-ot-kho\/","url":"https:\/\/nongsansachthainguyen.com\/san-pham\/bot-ot-kho\/","name":"\u1edat b\u1ed9t si\u00eau cay Ant-co - N\u00f4ng S\u1ea3n S\u1ea1ch Th\u00e1i Nguy\u00ean","isPartOf":{"@id":"https:\/\/nongsansachthainguyen.com\/#website"},"primaryImageOfPage":{"@id":"https:\/\/nongsansachthainguyen.com\/san-pham\/bot-ot-kho\/#primaryimage"},"image":{"@id":"https:\/\/nongsansachthainguyen.com\/san-pham\/bot-ot-kho\/#primaryimage"},"thumbnailUrl":"https:\/\/nongsansachthainguyen.com\/wp-content\/uploads\/2021\/08\/z2842506100736_b662dd564481e6ee659704568f007345.jpg","datePublished":"2021-08-08T02:28:34+00:00","dateModified":"2023-06-08T15:51:27+00:00","breadcrumb":{"@id":"https:\/\/nongsansachthainguyen.com\/san-pham\/bot-ot-kho\/#breadcrumb"},"inLanguage":"en-US","potentialAction":[{"@type":"ReadAction","target":["https:\/\/nongsansachthainguyen.com\/san-pham\/bot-ot-kho\/"]}]},{"@type":"ImageObject","inLanguage":"en-US","@id":"https:\/\/nongsansachthainguyen.com\/san-pham\/bot-ot-kho\/#primaryimage","url":"https:\/\/nongsansachthainguyen.com\/wp-content\/uploads\/2021\/08\/z2842506100736_b662dd564481e6ee659704568f007345.jpg","contentUrl":"https:\/\/nongsansachthainguyen.com\/wp-content\/uploads\/2021\/08\/z2842506100736_b662dd564481e6ee659704568f007345.jpg","width":368,"height":441},{"@type":"BreadcrumbList","@id":"https:\/\/nongsansachthainguyen.com\/san-pham\/bot-ot-kho\/#breadcrumb","itemListElement":[{"@type":"ListItem","position":1,"name":"Trang ch\u1ee7","item":"https:\/\/nongsansachthainguyen.com\/"},{"@type":"ListItem","position":2,"name":"C\u1eeda h\u00e0ng","item":"https:\/\/nongsansachthainguyen.com\/cua-hang\/"},{"@type":"ListItem","position":3,"name":"\u1edat b\u1ed9t si\u00eau cay Ant-co"}]},{"@type":"WebSite","@id":"https:\/\/nongsansachthainguyen.com\/#website","url":"https:\/\/nongsansachthainguyen.com\/","name":"N\u00f4ng S\u1ea3n S\u1ea1ch Th\u00e1i Nguy\u00ean","description":"","potentialAction":[{"@type":"SearchAction","target":{"@type":"EntryPoint","urlTemplate":"https:\/\/nongsansachthainguyen.com\/?s={search_term_string}"},"query-input":"required name=search_term_string"}],"inLanguage":"en-US"}]}},"_links":{"self":[{"href":"https:\/\/nongsansachthainguyen.com\/en\/wp-json\/wp\/v2\/product\/247"}],"collection":[{"href":"https:\/\/nongsansachthainguyen.com\/en\/wp-json\/wp\/v2\/product"}],"about":[{"href":"https:\/\/nongsansachthainguyen.com\/en\/wp-json\/wp\/v2\/types\/product"}],"replies":[{"embeddable":true,"href":"https:\/\/nongsansachthainguyen.com\/en\/wp-json\/wp\/v2\/comments?post=247"}],"wp:featuredmedia":[{"embeddable":true,"href":"https:\/\/nongsansachthainguyen.com\/en\/wp-json\/wp\/v2\/media\/494"}],"wp:attachment":[{"href":"https:\/\/nongsansachthainguyen.com\/en\/wp-json\/wp\/v2\/media?parent=247"}],"wp:term":[{"taxonomy":"product_cat","embeddable":true,"href":"https:\/\/nongsansachthainguyen.com\/en\/wp-json\/wp\/v2\/product_cat?post=247"},{"taxonomy":"product_tag","embeddable":true,"href":"https:\/\/nongsansachthainguyen.com\/en\/wp-json\/wp\/v2\/product_tag?post=247"}],"curies":[{"name":"wp","href":"https:\/\/api.w.org\/{rel}","templated":true}]}}