{"id":103,"date":"2021-05-05T09:59:55","date_gmt":"2021-05-05T09:59:55","guid":{"rendered":"http:\/\/nongsansachthainguyen.com\/?post_type=product&#038;p=103"},"modified":"2023-06-08T15:02:03","modified_gmt":"2023-06-08T15:02:03","slug":"matcha-tra-xanh","status":"publish","type":"product","link":"https:\/\/nongsansachthainguyen.com\/en\/product\/matcha-tra-xanh\/","title":{"rendered":"Royal green tea matcha"},"content":{"rendered":"<p><span style=\"font-weight: 400;\">Matcha tea has long been a traditional drink in Japan - one of the countries with the best healthy food culture in the world. Besides being rich in antioxidants, matcha powder also helps speed up metabolism, burn calories, lower cholesterol, and control blood sugar. Considered a \"divine treasure\" that brings radiance to Japanese girls and health to the people in this land of the rising sun.<\/span><\/p>\n<p><span style=\"font-weight: 400;\">INGREDIENTS: 100% Pure Thai Nguyen Green Tea Matcha Powder<\/span><\/p>\n<p><span style=\"font-weight: 400;\">Certificates: FDA Certificate issued by the US Food and Drug Administration<\/span><\/p>\n<p><span style=\"font-weight: 400;\">SPECIAL CHARACTERISTICS OF PURE GREEN TEA<\/span><\/p>\n<p><span style=\"font-weight: 400;\">- Pure green tea powder is green, smooth, fresh, not patchy yellow\u2013green, not sticky. Due to the high content of L-theanine, matcha has a sweet, smooth taste and a mild aroma and is not overpowering or intense. \u201ccreamy\u201d in the aftertaste that no other green tea has<\/span><\/p>\n<p><span style=\"font-weight: 400;\">- The higher the quality of the tea, the fresher the green color; the lower the quality, the green gradually turns yellow. When used in food processing, the higher the tea product, the greener the color of the dish after processing more beautiful. <\/span><span style=\"font-weight: 400;\">ch\u1ebf bi\u1ebfn m\u00f3n \u0103n th\u00ec ph\u1ea9m tr\u00e0 c\u00e0ng cao th\u00ec m\u00e0u s\u1eafc m\u00f3n \u0103n sau khi ch\u1ebf bi\u1ebfn xanh \u0111\u1eb9p h\u01a1n.&nbsp;<\/span><\/p>\n<p><span style=\"font-weight: 400;\">- Due to no preservatives, the green color of the dish is easily oxidized, causing the color to fade if left in the air for a long time. Therefore, you should use it immediately after processing or wrap the dish tightly to keep the color longer.&nbsp;<\/span><\/p>\n<p><span style=\"font-weight: 400;\">- The higher the quality of the tea, the longer the color stays green. Pure green tea powder is produced and packed directly in Thai Nguyen. There is an anti-counterfeiting stamp on the package.<\/span><\/p>\n<p>&nbsp;<\/p>\n<p><span style=\"font-weight: 400;\">USES OF GREEN TEA MATCHA<\/span><\/p>\n<p><span style=\"font-weight: 400;\">- Matcha green tea has been in the traditional tea ceremony for hundreds of years. Green tea matcha powder is one of the oldest traditions in Japanese culture and is considered the best powder today. This wonder powder has been used for over a millennium in the Far East and is regarded as one of the finest foods on the market.<\/span><\/p>\n<p><span style=\"font-weight: 400;\">- With 100% pure matcha green tea powder, you can drink, prepare daily refreshments, cook tea, make smoothies, and make cakes and desserts. Processing changes in everyday baby dishes: meat, fried fish, soup, beauty cosmetics.<\/span><\/p>\n<p><span style=\"font-weight: 400;\">MATCHA GREEN TEA FOR YOUR FAMILY'S HEALTH<\/span><\/p>\n<p><span style=\"font-weight: 400;\">- Can be used to drink as tea or a daily beverage. No sugar, rich in fiber<\/span><\/p>\n<p><span style=\"font-weight: 400;\">- Each serving of matcha green tea contains about 30mg \u2013 40mg of caffeine. Although this is much less than a cup of coffee containing up to 200mg of caffeine, you will feel the expansion and increased energy when drinking matcha.<\/span><\/p>\n<p><span style=\"font-weight: 400;\">- No jitteriness, no tension, no stomach upset. All of this is thanks to matcha's moderate amount of caffeine and its magical combination of antioxidants that help keep you calm, focused, calm, and energized.&nbsp;<\/span><\/p>\n<p><span style=\"font-weight: 400;\">- Just 1 cup of matcha every morning will help you to provide the necessary energy for the body within 8 to 10 hours.<\/span><\/p>\n<p><span style=\"font-weight: 400;\">- Matcha green tea - Effective anti-aging.&nbsp;<\/span><\/p>\n<p><span style=\"font-weight: 400;\">&nbsp;&nbsp;&nbsp;Matcha contains an essential amino acid, L-theanine, which has a softening effect. The caffeine in tea reduces stimulation, which is unsuitable for the brain and body.<\/span><\/p>\n<p><span style=\"font-weight: 400;\">&nbsp;&nbsp;&nbsp;In addition, it also contains many nutrients that bring significant benefits, such as antioxidants; according to research on regular green tea powder, the antioxidant content is found to be 30%, but in matcha, the content of antioxidants is high. Oxidation accounts for 70%.<\/span><\/p>\n<p><span style=\"font-weight: 400;\">&nbsp;&nbsp;&nbsp;One cup of Matcha tea is equivalent to 137 cups of regular green tea in terms of anti-aging properties and 10 cups of traditional tea in terms of nutrients.<\/span><\/p>\n<p><span style=\"font-weight: 400;\">- Matcha green tea - Helps prevent cancer<\/span><\/p>\n<p><span style=\"font-weight: 400;\">&nbsp;&nbsp;&nbsp;Green tea contains one of the particular organic compounds called catechins. Among the antioxidants, catechins are the most powerful and beneficial for health. A specific catechin called epigallocatechin gallate (EGCG) makes up 60% of the catechins in Matcha green tea.<\/span><\/p>\n<p><span style=\"font-weight: 400;\">&nbsp;&nbsp;&nbsp;EGCG is the most widely recognized of all the antioxidants for its anti-cancer properties. Scientists have found that matcha green tea contains 100 times more EGCG than any other tea on the market.<\/span><\/p>\n<p><span style=\"font-weight: 400;\">HOW TO MAKE YOUR DRINK<\/span><\/p>\n<p><span style=\"font-weight: 400;\">\u2013 Step 1: Put 5g of pure green tea powder into a cup. Due to the very finely ground matcha powder, the high-end type may have a particle size of only a few micrometers, so it is prone to static electricity and clumping. You need to grind the powder before using it to make the tea dissolve quickly and avoid clumping<\/span><\/p>\n<p><span style=\"font-weight: 400;\">\u2013 Step 2: Pour warm water about 80-85oC to keep the beautiful color. It is ideal and the cup is stirred well. You can adjust the amount of water and tea by yourself. It is recommended to use the Chasen tea brush to stir the tea quickly to melt, smooth, have a nice color and have a bit of rich fat. Add ice, condensed milk. , fresh milk or jelly as you like. Guaranteed great taste<\/span><\/p>\n<p><span style=\"font-weight: 400;\">- The simplest way to put a little green tea powder, ice, milk in a blender and grind less than 2 minutes to have a cool cup of matcha.<\/span><\/p>\n<p><span style=\"font-weight: 400;\">**Note: Do not drink matcha on an empty stomach, do not drink tea immediately after eating, drinking after 30 minutes is best. Do not use boiling water to make tea.<\/span><\/p>\n<p><span style=\"font-weight: 400;\">&nbsp;<\/span><\/p>\n<p><span style=\"font-weight: 400;\">BEAUTY USE<\/span><\/p>\n<p><span style=\"font-weight: 400;\">- Green tea matcha can be used according to recipes to make masks to help rejuvenate skin, tighten pores, reduce blackheads and acne for oily skin, and make skin care toners...<\/span><\/p>\n<p><span style=\"font-weight: 400;\">- Besides, you can use green tea water as rose water, put it in a spray bottle, and spray it on the whole body after bathing to help smooth skin and resist ultraviolet rays.<\/span><\/p>\n<p><span style=\"font-weight: 400;\">&nbsp;<\/span><\/p>\n<p><span style=\"font-weight: 400;\">USE FOR CAKE<\/span><\/p>\n<p><span style=\"font-weight: 400;\">- Green tea powder is the best baking ingredient that has many effects, such as enhancing the cake's taste and creating beautiful colors. It is a great choice for housewives who want a delicious dessert for their families. Currently, the food industry also tends to include matcha in popular bakery products and beverages on the market.<\/span><\/p>","protected":false},"excerpt":{"rendered":"<p><span style=\"font-weight: 400;\">Brand: Royal Matcha Green Tea<\/span><\/p>\n<p><span style=\"font-weight: 400;\">Weight: 70 grams, 100 grams, 500 grams<\/span><\/p>\n<p><span style=\"font-weight: 400;\">Produced by: Thai Nguyen Agricultural Cooperation Union<\/span><\/p>\n<p><span style=\"font-weight: 400;\">Made in: Thai Nguyen, Viet Nam<\/span><\/p>\n<p><span style=\"font-weight: 400;\">Royal green tea matcha powder has Product Code: 89385442011005<\/span><\/p>","protected":false},"featured_media":465,"comment_status":"open","ping_status":"closed","template":"","meta":{"_acf_changed":false,"ngg_post_thumbnail":0},"product_cat":[17],"product_tag":[22,23,24],"class_list":{"0":"post-103","1":"product","2":"type-product","3":"status-publish","4":"has-post-thumbnail","6":"product_cat-tra-va-cac-san-pham-tu-tra","7":"product_tag-tra","8":"product_tag-matcha","9":"product_tag-tea","11":"first","12":"instock","13":"shipping-taxable","14":"product-type-simple"},"acf":[],"yoast_head":"<!-- This site is optimized with the Yoast SEO plugin v23.2 - https:\/\/yoast.com\/wordpress\/plugins\/seo\/ -->\n<title>B\u1ed9t Matcha tr\u00e0 xanh Cung \u0110\u00ecnh - N\u00f4ng S\u1ea3n S\u1ea1ch Th\u00e1i Nguy\u00ean<\/title>\n<meta name=\"robots\" content=\"index, follow, max-snippet:-1, max-image-preview:large, max-video-preview:-1\" \/>\n<link rel=\"canonical\" href=\"https:\/\/nongsansachthainguyen.com\/en\/product\/matcha-tra-xanh\/\" \/>\n<meta property=\"og:locale\" content=\"en_US\" \/>\n<meta property=\"og:type\" content=\"article\" \/>\n<meta property=\"og:title\" content=\"B\u1ed9t Matcha tr\u00e0 xanh Cung \u0110\u00ecnh - N\u00f4ng S\u1ea3n S\u1ea1ch Th\u00e1i Nguy\u00ean\" \/>\n<meta property=\"og:description\" content=\"Th\u01b0\u01a1ng hi\u1ec7u: Matcha tr\u00e0 xanh Cung \u0111\u00ecnh  Tr\u1ecdng l\u01b0\u1ee3ng: 70 gram, 100 gram, 500 gram  S\u1ea3n xu\u1ea5t b\u1edfi: Li\u00ean hi\u1ec7p h\u1ee3p t\u00e1c x\u00e3 n\u00f4ng s\u1ea3n Th\u00e1i Nguy\u00ean  S\u1ea3n xu\u1ea5t t\u1ea1i: Th\u00e1i Nguy\u00ean, Vi\u1ec7t Nam  S\u1ea3n ph\u1ea9m B\u1ed9t matcha tr\u00e0 xanh Cung \u0110\u00ecnh c\u00f3 M\u00e3 s\u1ed1 M\u00e3 v\u1ea1ch s\u1ea3n ph\u1ea9m: 8938542011005\" \/>\n<meta property=\"og:url\" content=\"https:\/\/nongsansachthainguyen.com\/en\/product\/matcha-tra-xanh\/\" \/>\n<meta property=\"og:site_name\" content=\"N\u00f4ng S\u1ea3n S\u1ea1ch Th\u00e1i Nguy\u00ean\" \/>\n<meta property=\"article:modified_time\" content=\"2023-06-08T15:02:03+00:00\" \/>\n<meta property=\"og:image\" content=\"https:\/\/nongsansachthainguyen.com\/wp-content\/uploads\/2021\/10\/ZMATCHA-e1633160723560.jpg\" \/>\n\t<meta property=\"og:image:width\" content=\"880\" \/>\n\t<meta property=\"og:image:height\" content=\"956\" \/>\n\t<meta property=\"og:image:type\" content=\"image\/jpeg\" \/>\n<meta name=\"twitter:card\" content=\"summary_large_image\" \/>\n<meta name=\"twitter:label1\" content=\"Est. reading time\" \/>\n\t<meta name=\"twitter:data1\" content=\"7 minutes\" \/>\n<script type=\"application\/ld+json\" class=\"yoast-schema-graph\">{\"@context\":\"https:\/\/schema.org\",\"@graph\":[{\"@type\":\"WebPage\",\"@id\":\"https:\/\/nongsansachthainguyen.com\/san-pham\/matcha-tra-xanh\/\",\"url\":\"https:\/\/nongsansachthainguyen.com\/san-pham\/matcha-tra-xanh\/\",\"name\":\"B\u1ed9t Matcha tr\u00e0 xanh Cung \u0110\u00ecnh - N\u00f4ng S\u1ea3n S\u1ea1ch Th\u00e1i Nguy\u00ean\",\"isPartOf\":{\"@id\":\"https:\/\/nongsansachthainguyen.com\/#website\"},\"primaryImageOfPage\":{\"@id\":\"https:\/\/nongsansachthainguyen.com\/san-pham\/matcha-tra-xanh\/#primaryimage\"},\"image\":{\"@id\":\"https:\/\/nongsansachthainguyen.com\/san-pham\/matcha-tra-xanh\/#primaryimage\"},\"thumbnailUrl\":\"https:\/\/nongsansachthainguyen.com\/wp-content\/uploads\/2021\/10\/ZMATCHA-e1633160723560.jpg\",\"datePublished\":\"2021-05-05T09:59:55+00:00\",\"dateModified\":\"2023-06-08T15:02:03+00:00\",\"breadcrumb\":{\"@id\":\"https:\/\/nongsansachthainguyen.com\/san-pham\/matcha-tra-xanh\/#breadcrumb\"},\"inLanguage\":\"en-US\",\"potentialAction\":[{\"@type\":\"ReadAction\",\"target\":[\"https:\/\/nongsansachthainguyen.com\/san-pham\/matcha-tra-xanh\/\"]}]},{\"@type\":\"ImageObject\",\"inLanguage\":\"en-US\",\"@id\":\"https:\/\/nongsansachthainguyen.com\/san-pham\/matcha-tra-xanh\/#primaryimage\",\"url\":\"https:\/\/nongsansachthainguyen.com\/wp-content\/uploads\/2021\/10\/ZMATCHA-e1633160723560.jpg\",\"contentUrl\":\"https:\/\/nongsansachthainguyen.com\/wp-content\/uploads\/2021\/10\/ZMATCHA-e1633160723560.jpg\",\"width\":880,\"height\":956},{\"@type\":\"BreadcrumbList\",\"@id\":\"https:\/\/nongsansachthainguyen.com\/san-pham\/matcha-tra-xanh\/#breadcrumb\",\"itemListElement\":[{\"@type\":\"ListItem\",\"position\":1,\"name\":\"Trang ch\u1ee7\",\"item\":\"https:\/\/nongsansachthainguyen.com\/\"},{\"@type\":\"ListItem\",\"position\":2,\"name\":\"C\u1eeda h\u00e0ng\",\"item\":\"https:\/\/nongsansachthainguyen.com\/cua-hang\/\"},{\"@type\":\"ListItem\",\"position\":3,\"name\":\"B\u1ed9t Matcha tr\u00e0 xanh Cung \u0110\u00ecnh\"}]},{\"@type\":\"WebSite\",\"@id\":\"https:\/\/nongsansachthainguyen.com\/#website\",\"url\":\"https:\/\/nongsansachthainguyen.com\/\",\"name\":\"N\u00f4ng S\u1ea3n S\u1ea1ch Th\u00e1i Nguy\u00ean\",\"description\":\"\",\"potentialAction\":[{\"@type\":\"SearchAction\",\"target\":{\"@type\":\"EntryPoint\",\"urlTemplate\":\"https:\/\/nongsansachthainguyen.com\/?s={search_term_string}\"},\"query-input\":\"required name=search_term_string\"}],\"inLanguage\":\"en-US\"}]}<\/script>\n<!-- \/ Yoast SEO plugin. -->","yoast_head_json":{"title":"B\u1ed9t Matcha tr\u00e0 xanh Cung \u0110\u00ecnh - N\u00f4ng S\u1ea3n S\u1ea1ch Th\u00e1i Nguy\u00ean","robots":{"index":"index","follow":"follow","max-snippet":"max-snippet:-1","max-image-preview":"max-image-preview:large","max-video-preview":"max-video-preview:-1"},"canonical":"https:\/\/nongsansachthainguyen.com\/en\/product\/matcha-tra-xanh\/","og_locale":"en_US","og_type":"article","og_title":"B\u1ed9t Matcha tr\u00e0 xanh Cung \u0110\u00ecnh - N\u00f4ng S\u1ea3n S\u1ea1ch Th\u00e1i Nguy\u00ean","og_description":"Th\u01b0\u01a1ng hi\u1ec7u: Matcha tr\u00e0 xanh Cung \u0111\u00ecnh  Tr\u1ecdng l\u01b0\u1ee3ng: 70 gram, 100 gram, 500 gram  S\u1ea3n xu\u1ea5t b\u1edfi: Li\u00ean hi\u1ec7p h\u1ee3p t\u00e1c x\u00e3 n\u00f4ng s\u1ea3n Th\u00e1i Nguy\u00ean  S\u1ea3n xu\u1ea5t t\u1ea1i: Th\u00e1i Nguy\u00ean, Vi\u1ec7t Nam  S\u1ea3n ph\u1ea9m B\u1ed9t matcha tr\u00e0 xanh Cung \u0110\u00ecnh c\u00f3 M\u00e3 s\u1ed1 M\u00e3 v\u1ea1ch s\u1ea3n ph\u1ea9m: 8938542011005","og_url":"https:\/\/nongsansachthainguyen.com\/en\/product\/matcha-tra-xanh\/","og_site_name":"N\u00f4ng S\u1ea3n S\u1ea1ch Th\u00e1i Nguy\u00ean","article_modified_time":"2023-06-08T15:02:03+00:00","og_image":[{"width":880,"height":956,"url":"https:\/\/nongsansachthainguyen.com\/wp-content\/uploads\/2021\/10\/ZMATCHA-e1633160723560.jpg","type":"image\/jpeg"}],"twitter_card":"summary_large_image","twitter_misc":{"Est. reading time":"7 minutes"},"schema":{"@context":"https:\/\/schema.org","@graph":[{"@type":"WebPage","@id":"https:\/\/nongsansachthainguyen.com\/san-pham\/matcha-tra-xanh\/","url":"https:\/\/nongsansachthainguyen.com\/san-pham\/matcha-tra-xanh\/","name":"B\u1ed9t Matcha tr\u00e0 xanh Cung \u0110\u00ecnh - N\u00f4ng S\u1ea3n S\u1ea1ch Th\u00e1i Nguy\u00ean","isPartOf":{"@id":"https:\/\/nongsansachthainguyen.com\/#website"},"primaryImageOfPage":{"@id":"https:\/\/nongsansachthainguyen.com\/san-pham\/matcha-tra-xanh\/#primaryimage"},"image":{"@id":"https:\/\/nongsansachthainguyen.com\/san-pham\/matcha-tra-xanh\/#primaryimage"},"thumbnailUrl":"https:\/\/nongsansachthainguyen.com\/wp-content\/uploads\/2021\/10\/ZMATCHA-e1633160723560.jpg","datePublished":"2021-05-05T09:59:55+00:00","dateModified":"2023-06-08T15:02:03+00:00","breadcrumb":{"@id":"https:\/\/nongsansachthainguyen.com\/san-pham\/matcha-tra-xanh\/#breadcrumb"},"inLanguage":"en-US","potentialAction":[{"@type":"ReadAction","target":["https:\/\/nongsansachthainguyen.com\/san-pham\/matcha-tra-xanh\/"]}]},{"@type":"ImageObject","inLanguage":"en-US","@id":"https:\/\/nongsansachthainguyen.com\/san-pham\/matcha-tra-xanh\/#primaryimage","url":"https:\/\/nongsansachthainguyen.com\/wp-content\/uploads\/2021\/10\/ZMATCHA-e1633160723560.jpg","contentUrl":"https:\/\/nongsansachthainguyen.com\/wp-content\/uploads\/2021\/10\/ZMATCHA-e1633160723560.jpg","width":880,"height":956},{"@type":"BreadcrumbList","@id":"https:\/\/nongsansachthainguyen.com\/san-pham\/matcha-tra-xanh\/#breadcrumb","itemListElement":[{"@type":"ListItem","position":1,"name":"Trang ch\u1ee7","item":"https:\/\/nongsansachthainguyen.com\/"},{"@type":"ListItem","position":2,"name":"C\u1eeda h\u00e0ng","item":"https:\/\/nongsansachthainguyen.com\/cua-hang\/"},{"@type":"ListItem","position":3,"name":"B\u1ed9t Matcha tr\u00e0 xanh Cung \u0110\u00ecnh"}]},{"@type":"WebSite","@id":"https:\/\/nongsansachthainguyen.com\/#website","url":"https:\/\/nongsansachthainguyen.com\/","name":"N\u00f4ng S\u1ea3n S\u1ea1ch Th\u00e1i Nguy\u00ean","description":"","potentialAction":[{"@type":"SearchAction","target":{"@type":"EntryPoint","urlTemplate":"https:\/\/nongsansachthainguyen.com\/?s={search_term_string}"},"query-input":"required name=search_term_string"}],"inLanguage":"en-US"}]}},"_links":{"self":[{"href":"https:\/\/nongsansachthainguyen.com\/en\/wp-json\/wp\/v2\/product\/103"}],"collection":[{"href":"https:\/\/nongsansachthainguyen.com\/en\/wp-json\/wp\/v2\/product"}],"about":[{"href":"https:\/\/nongsansachthainguyen.com\/en\/wp-json\/wp\/v2\/types\/product"}],"replies":[{"embeddable":true,"href":"https:\/\/nongsansachthainguyen.com\/en\/wp-json\/wp\/v2\/comments?post=103"}],"wp:featuredmedia":[{"embeddable":true,"href":"https:\/\/nongsansachthainguyen.com\/en\/wp-json\/wp\/v2\/media\/465"}],"wp:attachment":[{"href":"https:\/\/nongsansachthainguyen.com\/en\/wp-json\/wp\/v2\/media?parent=103"}],"wp:term":[{"taxonomy":"product_cat","embeddable":true,"href":"https:\/\/nongsansachthainguyen.com\/en\/wp-json\/wp\/v2\/product_cat?post=103"},{"taxonomy":"product_tag","embeddable":true,"href":"https:\/\/nongsansachthainguyen.com\/en\/wp-json\/wp\/v2\/product_tag?post=103"}],"curies":[{"name":"wp","href":"https:\/\/api.w.org\/{rel}","templated":true}]}}